{"id":4986,"date":"2019-04-01T11:54:17","date_gmt":"2019-04-01T08:54:17","guid":{"rendered":"https:\/\/galossan.com\/?post_type=product&#038;p=4986"},"modified":"2025-08-18T17:00:43","modified_gmt":"2025-08-18T14:00:43","slug":"uzun-kollu-naylon-onluk-100-adet","status":"publish","type":"product","link":"https:\/\/galossan.com\/en\/urun\/uzun-kollu-naylon-onluk-100-adet\/","title":{"rendered":"Long Sleeve Disposable Nylon Gown"},"content":{"rendered":"","protected":false},"excerpt":{"rendered":"<table border=\"2\" width=\"576\">\n<tbody>\n<tr>\n<th scope=\"col\" width=\"106\" height=\"53\">\n<div class=\"style10\" align=\"center\">\n<div class=\"style11\" align=\"center\">Product<\/div>\n<\/div>\n<\/th>\n<th scope=\"col\" width=\"452\">\n<p class=\"style9\" align=\"center\">Long Sleeve Disposable Nylon Gown<\/p>\n<\/th>\n<\/tr>\n<tr>\n<th height=\"81\">\n<div class=\"style10\" align=\"center\">\n<div class=\"style11\" align=\"center\">Description<\/div>\n<\/div>\n<\/th>\n<td>\n<ul>\n<li><span style=\"font-family: inherit; font-size: inherit;\">50 pieces in a package (in the form of a roll) <\/span><\/li>\n<li><span style=\"font-family: inherit; font-size: inherit;\">seamless<\/span><\/li>\n<li><span style=\"font-family: inherit; font-size: inherit;\">300 pcs in a box<\/span><\/li>\n<li><span style=\"font-family: inherit; font-size: inherit;\">liquid proof<\/span><\/li>\n<li><span style=\"font-family: inherit; font-size: inherit;\">Front and back closed<\/span><\/li>\n<li><span style=\"font-family: inherit; font-size: inherit;\">It is hygienic and hypoallergenic.<\/span><\/li>\n<li><span style=\"font-family: inherit; font-size: inherit;\">Different color and fabric options are available.<\/span><\/li>\n<\/ul>\n<\/td>\n<\/tr>\n<\/tbody>\n<\/table>\n<table class=\"style3\" border=\"1\" width=\"576\">\n<tbody>\n<tr>\n<th scope=\"col\" width=\"180\">\n<p class=\"style12\" align=\"center\">Product sizes<\/p>\n<p class=\"style12\" align=\"center\">125 x 82 cm<\/p>\n<\/th>\n<th scope=\"col\" width=\"180\">\n<p class=\"style12\" align=\"center\">Package Weight<\/p>\n<p class=\"style12\" align=\"center\">3058 gr<\/p>\n<\/th>\n<th scope=\"col\" width=\"180\">\n<p class=\"style12\" align=\"center\">Colour<\/p>\n<p class=\"style12\" align=\"center\">Blue- White<\/p>\n<\/th>\n<\/tr>\n<\/tbody>\n<\/table>\n<table border=\"2\" width=\"576\">\n<tbody>\n<tr>\n<th scope=\"col\" width=\"106\" height=\"68\">Thickness<\/th>\n<td scope=\"col\" width=\"440\">\n<p class=\"style13\" align=\"left\">50 micron<\/p>\n<\/td>\n<\/tr>\n<tr>\n<th width=\"106\" height=\"65\">Material<\/th>\n<td>\n<p align=\"left\">It is produced from polyethylene (nylon) material.<\/p>\n<\/td>\n<\/tr>\n<\/tbody>\n<\/table>\n<p>&nbsp;<\/p>\n","protected":false},"featured_media":10291,"template":"","meta":[],"product_brand":[],"product_cat":[100,243],"product_tag":[323,324,427,325,428,364,365,460],"class_list":{"0":"post-4986","1":"product","2":"type-product","3":"status-publish","4":"has-post-thumbnail","6":"product_cat-tek-kullanimlik-urunler","7":"product_cat-tek-kullanimlik-onluk","8":"product_tag-naylon-onluk-ureticileri","9":"product_tag-naylon-onluk","10":"product_tag-onluk-tek-kullanimlik","11":"product_tag-tek-kullanimlik-naylon-onluk","12":"product_tag-tek-kullanimlik-uzun-onluk","13":"product_tag-uzun-kollu-naylon-onluk","14":"product_tag-uzun-naylon-onluk","15":"product_tag-veteriner-onluk","16":"description-off","18":"first","19":"instock","20":"shipping-taxable","21":"product-type-external"},"yoast_head":"<!-- This site is optimized with the Yoast SEO plugin v26.9 - https:\/\/yoast.com\/product\/yoast-seo-wordpress\/ -->\n<title>Long Sleeve Disposable Nylon Gown<\/title>\n<meta name=\"description\" content=\"Please contact us as the manufacturer for your requests such as long-sleeved nylon apron, 20 micron nylon apron, disposable nylon apron.\" \/>\n<meta name=\"robots\" content=\"index, follow, max-snippet:-1, max-image-preview:large, max-video-preview:-1\" \/>\n<link rel=\"canonical\" href=\"https:\/\/galossan.com\/en\/urun\/uzun-kollu-naylon-onluk-100-adet\/\" \/>\n<meta property=\"og:locale\" content=\"en_US\" \/>\n<meta property=\"og:locale:alternate\" content=\"tr_TR\" \/>\n<meta property=\"og:type\" content=\"article\" \/>\n<meta property=\"og:title\" content=\"Long Sleeve Disposable Nylon Gown\" \/>\n<meta property=\"og:description\" content=\"Please contact us as the manufacturer for your requests such as long-sleeved nylon apron, 20 micron nylon apron, disposable nylon apron.\" \/>\n<meta property=\"og:url\" content=\"https:\/\/galossan.com\/en\/urun\/uzun-kollu-naylon-onluk-100-adet\/\" \/>\n<meta property=\"og:site_name\" content=\"Galo\u015f imalat\u0131, Galo\u015f \u00e7e\u015fitleri, galo\u015fmatik galo\u015fu lGalossan\" \/>\n<meta property=\"article:publisher\" content=\"https:\/\/www.facebook.com\/galossan\" \/>\n<meta property=\"article:modified_time\" content=\"2025-08-18T14:00:43+00:00\" \/>\n<meta property=\"og:image\" content=\"https:\/\/galossan.com\/wp-content\/uploads\/2021\/04\/uzun-kollu-naylon-onluk.jpg\" \/>\n\t<meta property=\"og:image:width\" content=\"988\" \/>\n\t<meta property=\"og:image:height\" content=\"844\" \/>\n\t<meta property=\"og:image:type\" content=\"image\/jpeg\" \/>\n<meta name=\"twitter:card\" content=\"summary_large_image\" \/>\n<meta name=\"twitter:label1\" content=\"Est. reading time\" \/>\n\t<meta name=\"twitter:data1\" content=\"1 minute\" \/>\n<script type=\"application\/ld+json\" class=\"yoast-schema-graph\">{\"@context\":\"https:\/\/schema.org\",\"@graph\":[{\"@type\":\"WebPage\",\"@id\":\"https:\/\/galossan.com\/urun\/uzun-kollu-naylon-onluk-100-adet\/\",\"url\":\"https:\/\/galossan.com\/urun\/uzun-kollu-naylon-onluk-100-adet\/\",\"name\":\"Long Sleeve Disposable Nylon Gown\",\"isPartOf\":{\"@id\":\"https:\/\/galossan.com\/#website\"},\"primaryImageOfPage\":{\"@id\":\"https:\/\/galossan.com\/urun\/uzun-kollu-naylon-onluk-100-adet\/#primaryimage\"},\"image\":{\"@id\":\"https:\/\/galossan.com\/urun\/uzun-kollu-naylon-onluk-100-adet\/#primaryimage\"},\"thumbnailUrl\":\"https:\/\/galossan.com\/wp-content\/uploads\/2021\/04\/uzun-kollu-naylon-onluk.jpg\",\"datePublished\":\"2019-04-01T08:54:17+00:00\",\"dateModified\":\"2025-08-18T14:00:43+00:00\",\"description\":\"Please contact us as the manufacturer for your requests such as long-sleeved nylon apron, 20 micron nylon apron, disposable nylon apron.\",\"breadcrumb\":{\"@id\":\"https:\/\/galossan.com\/urun\/uzun-kollu-naylon-onluk-100-adet\/#breadcrumb\"},\"inLanguage\":\"en-US\",\"potentialAction\":[{\"@type\":\"ReadAction\",\"target\":[\"https:\/\/galossan.com\/urun\/uzun-kollu-naylon-onluk-100-adet\/\"]}]},{\"@type\":\"ImageObject\",\"inLanguage\":\"en-US\",\"@id\":\"https:\/\/galossan.com\/urun\/uzun-kollu-naylon-onluk-100-adet\/#primaryimage\",\"url\":\"https:\/\/galossan.com\/wp-content\/uploads\/2021\/04\/uzun-kollu-naylon-onluk.jpg\",\"contentUrl\":\"https:\/\/galossan.com\/wp-content\/uploads\/2021\/04\/uzun-kollu-naylon-onluk.jpg\",\"width\":988,\"height\":844},{\"@type\":\"BreadcrumbList\",\"@id\":\"https:\/\/galossan.com\/urun\/uzun-kollu-naylon-onluk-100-adet\/#breadcrumb\",\"itemListElement\":[{\"@type\":\"ListItem\",\"position\":1,\"name\":\"\u00dcr\u00fcnlerimiz\",\"item\":\"https:\/\/galossan.com\/urunlerimiz\/\"},{\"@type\":\"ListItem\",\"position\":2,\"name\":\"Uzun Kollu Naylon \u00d6nl\u00fck\"}]},{\"@type\":\"WebSite\",\"@id\":\"https:\/\/galossan.com\/#website\",\"url\":\"https:\/\/galossan.com\/\",\"name\":\"Galo\u015f imalat\u0131, Galo\u015f \u00e7e\u015fitleri, galo\u015fmatik galo\u015fu lGalossan\",\"description\":\"\u00e7izme galo\u015fu, galo\u015f makinalar\u0131, galo\u015f fiyatlar\u0131, cerrahi maske, maske \u00fcretimi, veteriner eldiveni, tela bone, naylon kolluk\",\"publisher\":{\"@id\":\"https:\/\/galossan.com\/#organization\"},\"potentialAction\":[{\"@type\":\"SearchAction\",\"target\":{\"@type\":\"EntryPoint\",\"urlTemplate\":\"https:\/\/galossan.com\/?s={search_term_string}\"},\"query-input\":{\"@type\":\"PropertyValueSpecification\",\"valueRequired\":true,\"valueName\":\"search_term_string\"}}],\"inLanguage\":\"en-US\"},{\"@type\":\"Organization\",\"@id\":\"https:\/\/galossan.com\/#organization\",\"name\":\"Galo\u015f imalat\u0131, Galo\u015f \u00e7e\u015fitleri, galo\u015fmatik galo\u015fu lGalossan\",\"url\":\"https:\/\/galossan.com\/\",\"logo\":{\"@type\":\"ImageObject\",\"inLanguage\":\"en-US\",\"@id\":\"https:\/\/galossan.com\/#\/schema\/logo\/image\/\",\"url\":\"https:\/\/galossan.com\/wp-content\/uploads\/2021\/10\/logogg1333-1.jpg\",\"contentUrl\":\"https:\/\/galossan.com\/wp-content\/uploads\/2021\/10\/logogg1333-1.jpg\",\"width\":51,\"height\":44,\"caption\":\"Galo\u015f imalat\u0131, Galo\u015f \u00e7e\u015fitleri, galo\u015fmatik galo\u015fu lGalossan\"},\"image\":{\"@id\":\"https:\/\/galossan.com\/#\/schema\/logo\/image\/\"},\"sameAs\":[\"https:\/\/www.facebook.com\/galossan\",\"https:\/\/www.instagram.com\/galossancom\/\",\"https:\/\/www.youtube.com\/channel\/UCaN0htJtvpis2xu51BwOtvA\"]}]}<\/script>\n<!-- \/ Yoast SEO plugin. -->","yoast_head_json":{"title":"Long Sleeve Disposable Nylon Gown","description":"Please contact us as the manufacturer for your requests such as long-sleeved nylon apron, 20 micron nylon apron, disposable nylon apron.","robots":{"index":"index","follow":"follow","max-snippet":"max-snippet:-1","max-image-preview":"max-image-preview:large","max-video-preview":"max-video-preview:-1"},"canonical":"https:\/\/galossan.com\/en\/urun\/uzun-kollu-naylon-onluk-100-adet\/","og_locale":"en_US","og_type":"article","og_title":"[:tr]Uzun Kollu Naylon \u00d6nl\u00fck 20 Micron - Galossan \u00dcretici Firma[:en]Long Sleeve Disposable Nylon Gown[:]","og_description":"[:tr]uzun kollu naylon \u00f6nl\u00fck, 20 micron naylon \u00f6nl\u00fck, tek kullan\u0131ml\u0131k naylon \u00f6nl\u00fck gibi taleplerinizde \u00fcretici firma olarak ileti\u015fime ge\u00e7iniz[:en]Please contact us as the manufacturer for your requests such as long-sleeved nylon apron, 20 micron nylon apron, disposable nylon apron.[:]","og_url":"https:\/\/galossan.com\/en\/urun\/uzun-kollu-naylon-onluk-100-adet\/","og_site_name":"Galo\u015f imalat\u0131, Galo\u015f \u00e7e\u015fitleri, galo\u015fmatik galo\u015fu lGalossan","article_publisher":"https:\/\/www.facebook.com\/galossan","article_modified_time":"2025-08-18T14:00:43+00:00","og_image":[{"width":988,"height":844,"url":"https:\/\/galossan.com\/wp-content\/uploads\/2021\/04\/uzun-kollu-naylon-onluk.jpg","type":"image\/jpeg"}],"twitter_card":"summary_large_image","twitter_misc":{"Est. reading time":"1 minute"},"schema":{"@context":"https:\/\/schema.org","@graph":[{"@type":"WebPage","@id":"https:\/\/galossan.com\/urun\/uzun-kollu-naylon-onluk-100-adet\/","url":"https:\/\/galossan.com\/urun\/uzun-kollu-naylon-onluk-100-adet\/","name":"Long Sleeve Disposable Nylon Gown","isPartOf":{"@id":"https:\/\/galossan.com\/#website"},"primaryImageOfPage":{"@id":"https:\/\/galossan.com\/urun\/uzun-kollu-naylon-onluk-100-adet\/#primaryimage"},"image":{"@id":"https:\/\/galossan.com\/urun\/uzun-kollu-naylon-onluk-100-adet\/#primaryimage"},"thumbnailUrl":"https:\/\/galossan.com\/wp-content\/uploads\/2021\/04\/uzun-kollu-naylon-onluk.jpg","datePublished":"2019-04-01T08:54:17+00:00","dateModified":"2025-08-18T14:00:43+00:00","description":"Please contact us as the manufacturer for your requests such as long-sleeved nylon apron, 20 micron nylon apron, disposable nylon apron.","breadcrumb":{"@id":"https:\/\/galossan.com\/urun\/uzun-kollu-naylon-onluk-100-adet\/#breadcrumb"},"inLanguage":"en-US","potentialAction":[{"@type":"ReadAction","target":["https:\/\/galossan.com\/urun\/uzun-kollu-naylon-onluk-100-adet\/"]}]},{"@type":"ImageObject","inLanguage":"en-US","@id":"https:\/\/galossan.com\/urun\/uzun-kollu-naylon-onluk-100-adet\/#primaryimage","url":"https:\/\/galossan.com\/wp-content\/uploads\/2021\/04\/uzun-kollu-naylon-onluk.jpg","contentUrl":"https:\/\/galossan.com\/wp-content\/uploads\/2021\/04\/uzun-kollu-naylon-onluk.jpg","width":988,"height":844},{"@type":"BreadcrumbList","@id":"https:\/\/galossan.com\/urun\/uzun-kollu-naylon-onluk-100-adet\/#breadcrumb","itemListElement":[{"@type":"ListItem","position":1,"name":"\u00dcr\u00fcnlerimiz","item":"https:\/\/galossan.com\/urunlerimiz\/"},{"@type":"ListItem","position":2,"name":"Uzun Kollu Naylon \u00d6nl\u00fck"}]},{"@type":"WebSite","@id":"https:\/\/galossan.com\/#website","url":"https:\/\/galossan.com\/","name":"Galo\u015f imalat\u0131, Galo\u015f \u00e7e\u015fitleri, galo\u015fmatik galo\u015fu lGalossan","description":"\u00e7izme galo\u015fu, galo\u015f makinalar\u0131, galo\u015f fiyatlar\u0131, cerrahi maske, maske \u00fcretimi, veteriner eldiveni, tela bone, naylon kolluk","publisher":{"@id":"https:\/\/galossan.com\/#organization"},"potentialAction":[{"@type":"SearchAction","target":{"@type":"EntryPoint","urlTemplate":"https:\/\/galossan.com\/?s={search_term_string}"},"query-input":{"@type":"PropertyValueSpecification","valueRequired":true,"valueName":"search_term_string"}}],"inLanguage":"en-US"},{"@type":"Organization","@id":"https:\/\/galossan.com\/#organization","name":"Galo\u015f imalat\u0131, Galo\u015f \u00e7e\u015fitleri, galo\u015fmatik galo\u015fu lGalossan","url":"https:\/\/galossan.com\/","logo":{"@type":"ImageObject","inLanguage":"en-US","@id":"https:\/\/galossan.com\/#\/schema\/logo\/image\/","url":"https:\/\/galossan.com\/wp-content\/uploads\/2021\/10\/logogg1333-1.jpg","contentUrl":"https:\/\/galossan.com\/wp-content\/uploads\/2021\/10\/logogg1333-1.jpg","width":51,"height":44,"caption":"Galo\u015f imalat\u0131, Galo\u015f \u00e7e\u015fitleri, galo\u015fmatik galo\u015fu lGalossan"},"image":{"@id":"https:\/\/galossan.com\/#\/schema\/logo\/image\/"},"sameAs":["https:\/\/www.facebook.com\/galossan","https:\/\/www.instagram.com\/galossancom\/","https:\/\/www.youtube.com\/channel\/UCaN0htJtvpis2xu51BwOtvA"]}]}},"_links":{"self":[{"href":"https:\/\/galossan.com\/en\/wp-json\/wp\/v2\/product\/4986","targetHints":{"allow":["GET"]}}],"collection":[{"href":"https:\/\/galossan.com\/en\/wp-json\/wp\/v2\/product"}],"about":[{"href":"https:\/\/galossan.com\/en\/wp-json\/wp\/v2\/types\/product"}],"wp:featuredmedia":[{"embeddable":true,"href":"https:\/\/galossan.com\/en\/wp-json\/wp\/v2\/media\/10291"}],"wp:attachment":[{"href":"https:\/\/galossan.com\/en\/wp-json\/wp\/v2\/media?parent=4986"}],"wp:term":[{"taxonomy":"product_brand","embeddable":true,"href":"https:\/\/galossan.com\/en\/wp-json\/wp\/v2\/product_brand?post=4986"},{"taxonomy":"product_cat","embeddable":true,"href":"https:\/\/galossan.com\/en\/wp-json\/wp\/v2\/product_cat?post=4986"},{"taxonomy":"product_tag","embeddable":true,"href":"https:\/\/galossan.com\/en\/wp-json\/wp\/v2\/product_tag?post=4986"}],"curies":[{"name":"wp","href":"https:\/\/api.w.org\/{rel}","templated":true}]}}