{"id":4284,"date":"2019-02-16T17:42:47","date_gmt":"2019-02-16T14:42:47","guid":{"rendered":"https:\/\/galossan.com\/?post_type=product&#038;p=4284"},"modified":"2025-08-18T17:04:21","modified_gmt":"2025-08-18T14:04:21","slug":"tek-kullanimlik-tela-tulum-25-gr-10-adet","status":"publish","type":"product","link":"https:\/\/galossan.com\/en\/urun\/tek-kullanimlik-tela-tulum-25-gr-10-adet\/","title":{"rendered":"Disposable Tela Overalls 20 gr"},"content":{"rendered":"","protected":false},"excerpt":{"rendered":"<table border=\"1\" cellspacing=\"0\" cellpadding=\"0\">\n<tbody>\n<tr>\n<td width=\"106\">\n<p align=\"center\"><b>Product<\/b><\/p>\n<\/td>\n<td width=\"452\">\n<p align=\"center\">Disposable Tela Overalls 20 gr<\/p>\n<\/td>\n<\/tr>\n<tr>\n<td>\n<p align=\"center\"><b>Descriptions<\/b><\/p>\n<\/td>\n<td>\n<ul>\n<li>1&#215;50 pieces per package<\/li>\n<li>standard size, unisex<\/li>\n<li>Hooded<\/li>\n<li>Hood edge, waist, cuff and sleeve they all have elastic band<\/li>\n<li>Front with 80 cm zipper for easy wearing and taking off<\/li>\n<li>Air-permeable<\/li>\n<li>It is water repellent, flame retardant, particle proof, antibacterial, light, and soft.<\/li>\n<li>Antiallergic<\/li>\n<li>The zipper fly is locked and It&#8217;s not opened automatically.<\/li>\n<li>Unisex<\/li>\n<li>It is also used as a visitor&#8217;s overall in hospitals.<\/li>\n<\/ul>\n<\/td>\n<\/tr>\n<\/tbody>\n<\/table>\n<table border=\"1\" cellspacing=\"0\" cellpadding=\"0\">\n<tbody>\n<tr>\n<td width=\"180\">\n<p align=\"center\"><b>Product Size<\/b><\/p>\n<table border=\"1\" cellpadding=\"0\">\n<tbody>\n<tr>\n<td width=\"201\">\n<p align=\"center\">130*190 cm<\/p>\n<\/td>\n<\/tr>\n<\/tbody>\n<\/table>\n<\/td>\n<td width=\"180\">\n<p align=\"center\"><b>Package Weight<\/b><\/p>\n<p align=\"center\"><b>4000 gr<\/b><\/p>\n<\/td>\n<td width=\"180\">\n<p align=\"center\"><b>Color<\/b><\/p>\n<p align=\"center\"><b>White<\/b><\/p>\n<\/td>\n<\/tr>\n<\/tbody>\n<\/table>\n<table border=\"1\" cellspacing=\"0\" cellpadding=\"0\">\n<tbody>\n<tr>\n<td width=\"106\"><strong>Thickness<\/strong><\/td>\n<td width=\"440\">20 gr non-woven fabric<\/td>\n<\/tr>\n<tr>\n<td width=\"106\"><b>Metarial<\/b><\/td>\n<td>Made of nonwoven spunbond material.<\/td>\n<\/tr>\n<\/tbody>\n<\/table>\n<p>&nbsp;<\/p>\n","protected":false},"featured_media":4370,"template":"","meta":[],"product_brand":[],"product_cat":[100,484],"product_tag":[116,311,119,120,310],"class_list":{"0":"post-4284","1":"product","2":"type-product","3":"status-publish","4":"has-post-thumbnail","6":"product_cat-tek-kullanimlik-urunler","7":"product_cat-tek-kullanimlik-tulum","8":"product_tag-koruyucu-tulum","9":"product_tag-medikal-tulum-ureticileri","10":"product_tag-medikal-tulum","11":"product_tag-tek-kullanimlik-tulum","12":"product_tag-tela-tulum","13":"description-off","15":"first","16":"instock","17":"shipping-taxable","18":"product-type-external"},"yoast_head":"<!-- This site is optimized with the Yoast SEO plugin v26.9 - https:\/\/yoast.com\/product\/yoast-seo-wordpress\/ -->\n<title>Disposable Tela Overalls 20 gr - Galossan Manufacturer company<\/title>\n<meta name=\"description\" content=\"Please contact us for your requests such as protective overalls, medical overalls, interlining overalls, 20 gr interlining overalls, disposable overalls.\" \/>\n<meta name=\"robots\" content=\"index, follow, max-snippet:-1, max-image-preview:large, max-video-preview:-1\" \/>\n<link rel=\"canonical\" href=\"https:\/\/galossan.com\/en\/urun\/tek-kullanimlik-tela-tulum-25-gr-10-adet\/\" \/>\n<meta property=\"og:locale\" content=\"en_US\" \/>\n<meta property=\"og:locale:alternate\" content=\"tr_TR\" \/>\n<meta property=\"og:type\" content=\"article\" \/>\n<meta property=\"og:title\" content=\"Disposable Tela Overalls 20 gr - Galossan Manufacturer company\" \/>\n<meta property=\"og:description\" content=\"Please contact us for your requests such as protective overalls, medical overalls, interlining overalls, 20 gr interlining overalls, disposable overalls.\" \/>\n<meta property=\"og:url\" content=\"https:\/\/galossan.com\/en\/urun\/tek-kullanimlik-tela-tulum-25-gr-10-adet\/\" \/>\n<meta property=\"og:site_name\" content=\"Galo\u015f imalat\u0131, Galo\u015f \u00e7e\u015fitleri, galo\u015fmatik galo\u015fu lGalossan\" \/>\n<meta property=\"article:publisher\" content=\"https:\/\/www.facebook.com\/galossan\" \/>\n<meta property=\"article:modified_time\" content=\"2025-08-18T14:04:21+00:00\" \/>\n<meta property=\"og:image\" content=\"https:\/\/galossan.com\/wp-content\/uploads\/2021\/02\/tulum.jpg\" \/>\n\t<meta property=\"og:image:width\" content=\"988\" \/>\n\t<meta property=\"og:image:height\" content=\"844\" \/>\n\t<meta property=\"og:image:type\" content=\"image\/jpeg\" \/>\n<meta name=\"twitter:card\" content=\"summary_large_image\" \/>\n<meta name=\"twitter:label1\" content=\"Est. reading time\" \/>\n\t<meta name=\"twitter:data1\" content=\"1 minute\" \/>\n<script type=\"application\/ld+json\" class=\"yoast-schema-graph\">{\"@context\":\"https:\/\/schema.org\",\"@graph\":[{\"@type\":\"WebPage\",\"@id\":\"https:\/\/galossan.com\/en\/urun\/tek-kullanimlik-tela-tulum-25-gr-10-adet\/\",\"url\":\"https:\/\/galossan.com\/en\/urun\/tek-kullanimlik-tela-tulum-25-gr-10-adet\/\",\"name\":\"Disposable Tela Overalls 20 gr - Galossan Manufacturer company\",\"isPartOf\":{\"@id\":\"https:\/\/galossan.com\/#website\"},\"primaryImageOfPage\":{\"@id\":\"https:\/\/galossan.com\/en\/urun\/tek-kullanimlik-tela-tulum-25-gr-10-adet\/#primaryimage\"},\"image\":{\"@id\":\"https:\/\/galossan.com\/en\/urun\/tek-kullanimlik-tela-tulum-25-gr-10-adet\/#primaryimage\"},\"thumbnailUrl\":\"https:\/\/galossan.com\/wp-content\/uploads\/2021\/02\/tulum.jpg\",\"datePublished\":\"2019-02-16T14:42:47+00:00\",\"dateModified\":\"2025-08-18T14:04:21+00:00\",\"description\":\"Please contact us for your requests such as protective overalls, medical overalls, interlining overalls, 20 gr interlining overalls, disposable overalls.\",\"breadcrumb\":{\"@id\":\"https:\/\/galossan.com\/en\/urun\/tek-kullanimlik-tela-tulum-25-gr-10-adet\/#breadcrumb\"},\"inLanguage\":\"en-US\",\"potentialAction\":[{\"@type\":\"ReadAction\",\"target\":[\"https:\/\/galossan.com\/en\/urun\/tek-kullanimlik-tela-tulum-25-gr-10-adet\/\"]}]},{\"@type\":\"ImageObject\",\"inLanguage\":\"en-US\",\"@id\":\"https:\/\/galossan.com\/en\/urun\/tek-kullanimlik-tela-tulum-25-gr-10-adet\/#primaryimage\",\"url\":\"https:\/\/galossan.com\/wp-content\/uploads\/2021\/02\/tulum.jpg\",\"contentUrl\":\"https:\/\/galossan.com\/wp-content\/uploads\/2021\/02\/tulum.jpg\",\"width\":988,\"height\":844},{\"@type\":\"BreadcrumbList\",\"@id\":\"https:\/\/galossan.com\/en\/urun\/tek-kullanimlik-tela-tulum-25-gr-10-adet\/#breadcrumb\",\"itemListElement\":[{\"@type\":\"ListItem\",\"position\":1,\"name\":\"\u00dcr\u00fcnlerimiz\",\"item\":\"https:\/\/galossan.com\/urunlerimiz\/\"},{\"@type\":\"ListItem\",\"position\":2,\"name\":\"Disposable Tela Overalls 20 gr\"}]},{\"@type\":\"WebSite\",\"@id\":\"https:\/\/galossan.com\/#website\",\"url\":\"https:\/\/galossan.com\/\",\"name\":\"Galo\u015f imalat\u0131, Galo\u015f \u00e7e\u015fitleri, galo\u015fmatik galo\u015fu lGalossan\",\"description\":\"\u00e7izme galo\u015fu, galo\u015f makinalar\u0131, galo\u015f fiyatlar\u0131, cerrahi maske, maske \u00fcretimi, veteriner eldiveni, tela bone, naylon kolluk\",\"publisher\":{\"@id\":\"https:\/\/galossan.com\/#organization\"},\"potentialAction\":[{\"@type\":\"SearchAction\",\"target\":{\"@type\":\"EntryPoint\",\"urlTemplate\":\"https:\/\/galossan.com\/?s={search_term_string}\"},\"query-input\":{\"@type\":\"PropertyValueSpecification\",\"valueRequired\":true,\"valueName\":\"search_term_string\"}}],\"inLanguage\":\"en-US\"},{\"@type\":\"Organization\",\"@id\":\"https:\/\/galossan.com\/#organization\",\"name\":\"Galo\u015f imalat\u0131, Galo\u015f \u00e7e\u015fitleri, galo\u015fmatik galo\u015fu lGalossan\",\"url\":\"https:\/\/galossan.com\/\",\"logo\":{\"@type\":\"ImageObject\",\"inLanguage\":\"en-US\",\"@id\":\"https:\/\/galossan.com\/#\/schema\/logo\/image\/\",\"url\":\"https:\/\/galossan.com\/wp-content\/uploads\/2021\/10\/logogg1333-1.jpg\",\"contentUrl\":\"https:\/\/galossan.com\/wp-content\/uploads\/2021\/10\/logogg1333-1.jpg\",\"width\":51,\"height\":44,\"caption\":\"Galo\u015f imalat\u0131, Galo\u015f \u00e7e\u015fitleri, galo\u015fmatik galo\u015fu lGalossan\"},\"image\":{\"@id\":\"https:\/\/galossan.com\/#\/schema\/logo\/image\/\"},\"sameAs\":[\"https:\/\/www.facebook.com\/galossan\",\"https:\/\/www.instagram.com\/galossancom\/\",\"https:\/\/www.youtube.com\/channel\/UCaN0htJtvpis2xu51BwOtvA\"]}]}<\/script>\n<!-- \/ Yoast SEO plugin. -->","yoast_head_json":{"title":"Disposable Tela Overalls 20 gr - Galossan Manufacturer company","description":"Please contact us for your requests such as protective overalls, medical overalls, interlining overalls, 20 gr interlining overalls, disposable overalls.","robots":{"index":"index","follow":"follow","max-snippet":"max-snippet:-1","max-image-preview":"max-image-preview:large","max-video-preview":"max-video-preview:-1"},"canonical":"https:\/\/galossan.com\/en\/urun\/tek-kullanimlik-tela-tulum-25-gr-10-adet\/","og_locale":"en_US","og_type":"article","og_title":"[:tr]Tek Kullan\u0131ml\u0131k Tela Tulum 20 gr - Galossan \u00dcretici Firma[:en]Disposable Tela Overalls 20 gr - Galossan Manufacturer company[:]","og_description":"[:tr]Koruyucu tulum, medikal tulum, tela tulum, 25 gr tela tulum, tek kullan\u0131ml\u0131k tulum, gibi talepleriniz i\u00e7in ileti\u015fime ge\u00e7iniz.[:en]Please contact us for your requests such as protective overalls, medical overalls, interlining overalls, 20 gr interlining overalls, disposable overalls.[:]","og_url":"https:\/\/galossan.com\/en\/urun\/tek-kullanimlik-tela-tulum-25-gr-10-adet\/","og_site_name":"Galo\u015f imalat\u0131, Galo\u015f \u00e7e\u015fitleri, galo\u015fmatik galo\u015fu lGalossan","article_publisher":"https:\/\/www.facebook.com\/galossan","article_modified_time":"2025-08-18T14:04:21+00:00","og_image":[{"width":988,"height":844,"url":"https:\/\/galossan.com\/wp-content\/uploads\/2021\/02\/tulum.jpg","type":"image\/jpeg"}],"twitter_card":"summary_large_image","twitter_misc":{"Est. reading time":"1 minute"},"schema":{"@context":"https:\/\/schema.org","@graph":[{"@type":"WebPage","@id":"https:\/\/galossan.com\/en\/urun\/tek-kullanimlik-tela-tulum-25-gr-10-adet\/","url":"https:\/\/galossan.com\/en\/urun\/tek-kullanimlik-tela-tulum-25-gr-10-adet\/","name":"Disposable Tela Overalls 20 gr - Galossan Manufacturer company","isPartOf":{"@id":"https:\/\/galossan.com\/#website"},"primaryImageOfPage":{"@id":"https:\/\/galossan.com\/en\/urun\/tek-kullanimlik-tela-tulum-25-gr-10-adet\/#primaryimage"},"image":{"@id":"https:\/\/galossan.com\/en\/urun\/tek-kullanimlik-tela-tulum-25-gr-10-adet\/#primaryimage"},"thumbnailUrl":"https:\/\/galossan.com\/wp-content\/uploads\/2021\/02\/tulum.jpg","datePublished":"2019-02-16T14:42:47+00:00","dateModified":"2025-08-18T14:04:21+00:00","description":"Please contact us for your requests such as protective overalls, medical overalls, interlining overalls, 20 gr interlining overalls, disposable overalls.","breadcrumb":{"@id":"https:\/\/galossan.com\/en\/urun\/tek-kullanimlik-tela-tulum-25-gr-10-adet\/#breadcrumb"},"inLanguage":"en-US","potentialAction":[{"@type":"ReadAction","target":["https:\/\/galossan.com\/en\/urun\/tek-kullanimlik-tela-tulum-25-gr-10-adet\/"]}]},{"@type":"ImageObject","inLanguage":"en-US","@id":"https:\/\/galossan.com\/en\/urun\/tek-kullanimlik-tela-tulum-25-gr-10-adet\/#primaryimage","url":"https:\/\/galossan.com\/wp-content\/uploads\/2021\/02\/tulum.jpg","contentUrl":"https:\/\/galossan.com\/wp-content\/uploads\/2021\/02\/tulum.jpg","width":988,"height":844},{"@type":"BreadcrumbList","@id":"https:\/\/galossan.com\/en\/urun\/tek-kullanimlik-tela-tulum-25-gr-10-adet\/#breadcrumb","itemListElement":[{"@type":"ListItem","position":1,"name":"\u00dcr\u00fcnlerimiz","item":"https:\/\/galossan.com\/urunlerimiz\/"},{"@type":"ListItem","position":2,"name":"Disposable Tela Overalls 20 gr"}]},{"@type":"WebSite","@id":"https:\/\/galossan.com\/#website","url":"https:\/\/galossan.com\/","name":"Galo\u015f imalat\u0131, Galo\u015f \u00e7e\u015fitleri, galo\u015fmatik galo\u015fu lGalossan","description":"\u00e7izme galo\u015fu, galo\u015f makinalar\u0131, galo\u015f fiyatlar\u0131, cerrahi maske, maske \u00fcretimi, veteriner eldiveni, tela bone, naylon kolluk","publisher":{"@id":"https:\/\/galossan.com\/#organization"},"potentialAction":[{"@type":"SearchAction","target":{"@type":"EntryPoint","urlTemplate":"https:\/\/galossan.com\/?s={search_term_string}"},"query-input":{"@type":"PropertyValueSpecification","valueRequired":true,"valueName":"search_term_string"}}],"inLanguage":"en-US"},{"@type":"Organization","@id":"https:\/\/galossan.com\/#organization","name":"Galo\u015f imalat\u0131, Galo\u015f \u00e7e\u015fitleri, galo\u015fmatik galo\u015fu lGalossan","url":"https:\/\/galossan.com\/","logo":{"@type":"ImageObject","inLanguage":"en-US","@id":"https:\/\/galossan.com\/#\/schema\/logo\/image\/","url":"https:\/\/galossan.com\/wp-content\/uploads\/2021\/10\/logogg1333-1.jpg","contentUrl":"https:\/\/galossan.com\/wp-content\/uploads\/2021\/10\/logogg1333-1.jpg","width":51,"height":44,"caption":"Galo\u015f imalat\u0131, Galo\u015f \u00e7e\u015fitleri, galo\u015fmatik galo\u015fu lGalossan"},"image":{"@id":"https:\/\/galossan.com\/#\/schema\/logo\/image\/"},"sameAs":["https:\/\/www.facebook.com\/galossan","https:\/\/www.instagram.com\/galossancom\/","https:\/\/www.youtube.com\/channel\/UCaN0htJtvpis2xu51BwOtvA"]}]}},"_links":{"self":[{"href":"https:\/\/galossan.com\/en\/wp-json\/wp\/v2\/product\/4284","targetHints":{"allow":["GET"]}}],"collection":[{"href":"https:\/\/galossan.com\/en\/wp-json\/wp\/v2\/product"}],"about":[{"href":"https:\/\/galossan.com\/en\/wp-json\/wp\/v2\/types\/product"}],"wp:featuredmedia":[{"embeddable":true,"href":"https:\/\/galossan.com\/en\/wp-json\/wp\/v2\/media\/4370"}],"wp:attachment":[{"href":"https:\/\/galossan.com\/en\/wp-json\/wp\/v2\/media?parent=4284"}],"wp:term":[{"taxonomy":"product_brand","embeddable":true,"href":"https:\/\/galossan.com\/en\/wp-json\/wp\/v2\/product_brand?post=4284"},{"taxonomy":"product_cat","embeddable":true,"href":"https:\/\/galossan.com\/en\/wp-json\/wp\/v2\/product_cat?post=4284"},{"taxonomy":"product_tag","embeddable":true,"href":"https:\/\/galossan.com\/en\/wp-json\/wp\/v2\/product_tag?post=4284"}],"curies":[{"name":"wp","href":"https:\/\/api.w.org\/{rel}","templated":true}]}}