{"id":4282,"date":"2019-02-16T17:37:01","date_gmt":"2019-02-16T14:37:01","guid":{"rendered":"https:\/\/galossan.com\/?post_type=product&#038;p=4282"},"modified":"2025-08-19T11:38:31","modified_gmt":"2025-08-19T08:38:31","slug":"tek-kullanimlik-tek-lastikli-mavi-tela-kolluk-1000-adet","status":"publish","type":"product","link":"https:\/\/galossan.com\/en\/urun\/tek-kullanimlik-tek-lastikli-mavi-tela-kolluk-1000-adet\/","title":{"rendered":"Single Elastic Band Blue disposable sleeves"},"content":{"rendered":"","protected":false},"excerpt":{"rendered":"<table border=\"2\" width=\"576\">\n<tbody>\n<tr>\n<th scope=\"col\" width=\"106\" height=\"53\">\n<div class=\"style10\" align=\"center\">\n<div class=\"style11\" align=\"center\">Product<\/div>\n<\/div>\n<\/th>\n<th scope=\"col\" width=\"452\">\n<p class=\"style9\" align=\"center\"><strong>\u00a0Single Elastic Band Blue di<span style=\"font-family: inherit; font-size: inherit;\">sposable <\/span><span style=\"font-family: inherit; font-size: inherit;\">sleeves<\/span><\/strong><\/p>\n<\/th>\n<\/tr>\n<tr>\n<th height=\"81\">\n<div class=\"style10\" align=\"center\">\n<div class=\"style11\" align=\"center\">Description<\/div>\n<\/div>\n<\/th>\n<td>\n<ul>\n<li>500 pieces per package<\/li>\n<li>Elbow and wrist with single elastic band<\/li>\n<li>Air-permeable<\/li>\n<li>Antiallergic<\/li>\n<li>Ultrasonic sewing<\/li>\n<li>It is hygienic and hypoallergenic.<\/li>\n<\/ul>\n<\/td>\n<\/tr>\n<\/tbody>\n<\/table>\n<table class=\"style3\" border=\"1\" width=\"576\">\n<tbody>\n<tr>\n<th scope=\"col\" width=\"180\">\n<p class=\"style12\" align=\"center\">Product Size<\/p>\n<p class=\"style12\" align=\"center\">40x22cm<\/p>\n<\/th>\n<th scope=\"col\" width=\"180\">\n<p class=\"style12\" align=\"center\">Package Weight<\/p>\n<p class=\"style12\" align=\"center\">\n<\/th>\n<th scope=\"col\" width=\"180\">\n<p class=\"style12\" align=\"center\">Color<\/p>\n<p class=\"style12\" align=\"center\">Blue<\/p>\n<\/th>\n<\/tr>\n<\/tbody>\n<\/table>\n<table border=\"2\" width=\"576\">\n<tbody>\n<tr>\n<th scope=\"col\" width=\"106\" height=\"68\">Thickness<\/th>\n<td scope=\"col\" width=\"440\">\n<p class=\"style13\" align=\"left\">10 gr non-woven fabric<\/p>\n<\/td>\n<\/tr>\n<tr>\n<th width=\"106\" height=\"65\">Metarial<\/th>\n<td>\n<p align=\"left\">Made of nonwoven spunbond material.<\/p>\n<\/td>\n<\/tr>\n<\/tbody>\n<\/table>\n<p><iframe loading=\"lazy\" title=\"YouTube video player\" src=\"https:\/\/www.youtube.com\/embed\/CdfJdeO__HE\" width=\"560\" height=\"315\" frameborder=\"0\" allowfullscreen=\"allowfullscreen\"><\/iframe><\/p>\n","protected":false},"featured_media":4344,"template":"","meta":[],"product_brand":[],"product_cat":[100,244],"product_tag":[443,317,318,319,316],"class_list":{"0":"post-4282","1":"product","2":"type-product","3":"status-publish","4":"has-post-thumbnail","6":"product_cat-tek-kullanimlik-urunler","7":"product_cat-tek-kullanimlik-kolluk","8":"product_tag-10-gr-kolluk","9":"product_tag-asci-kollugu","10":"product_tag-tek-kullanimlik-kolluk","11":"product_tag-tek-kullanimlik-tela-kolluk","12":"product_tag-tela-kolluk","13":"description-off","15":"first","16":"instock","17":"shipping-taxable","18":"product-type-external"},"yoast_head":"<!-- This site is optimized with the Yoast SEO plugin v26.9 - https:\/\/yoast.com\/product\/yoast-seo-wordpress\/ -->\n<title>Disposable Blue sleeves - Galossan Manufacturer Company<\/title>\n<meta name=\"description\" content=\"Please contact us for cook sleeve, cook sleeve single sleeve, sleeve single design, interlining sleeve, blue sleeve.\" \/>\n<meta name=\"robots\" content=\"index, follow, max-snippet:-1, max-image-preview:large, max-video-preview:-1\" \/>\n<link rel=\"canonical\" href=\"https:\/\/galossan.com\/en\/urun\/tek-kullanimlik-tek-lastikli-mavi-tela-kolluk-1000-adet\/\" \/>\n<meta property=\"og:locale\" content=\"en_US\" \/>\n<meta property=\"og:locale:alternate\" content=\"tr_TR\" \/>\n<meta property=\"og:type\" content=\"article\" \/>\n<meta property=\"og:title\" content=\"Disposable Blue sleeves - Galossan Manufacturer Company\" \/>\n<meta property=\"og:description\" content=\"Please contact us for cook sleeve, cook sleeve single sleeve, sleeve single design, interlining sleeve, blue sleeve.\" \/>\n<meta property=\"og:url\" content=\"https:\/\/galossan.com\/en\/urun\/tek-kullanimlik-tek-lastikli-mavi-tela-kolluk-1000-adet\/\" \/>\n<meta property=\"og:site_name\" content=\"Galo\u015f imalat\u0131, Galo\u015f \u00e7e\u015fitleri, galo\u015fmatik galo\u015fu lGalossan\" \/>\n<meta property=\"article:publisher\" content=\"https:\/\/www.facebook.com\/galossan\" \/>\n<meta property=\"article:modified_time\" content=\"2025-08-19T08:38:31+00:00\" \/>\n<meta property=\"og:image\" content=\"https:\/\/galossan.com\/wp-content\/uploads\/2021\/02\/tela-mavi-kolluk.jpg\" \/>\n\t<meta property=\"og:image:width\" content=\"988\" \/>\n\t<meta property=\"og:image:height\" content=\"844\" \/>\n\t<meta property=\"og:image:type\" content=\"image\/jpeg\" \/>\n<meta name=\"twitter:card\" content=\"summary_large_image\" \/>\n<meta name=\"twitter:label1\" content=\"Est. reading time\" \/>\n\t<meta name=\"twitter:data1\" content=\"1 minute\" \/>\n<script type=\"application\/ld+json\" class=\"yoast-schema-graph\">{\"@context\":\"https:\/\/schema.org\",\"@graph\":[{\"@type\":\"WebPage\",\"@id\":\"https:\/\/galossan.com\/urun\/tek-kullanimlik-tek-lastikli-mavi-tela-kolluk-1000-adet\/\",\"url\":\"https:\/\/galossan.com\/urun\/tek-kullanimlik-tek-lastikli-mavi-tela-kolluk-1000-adet\/\",\"name\":\"Disposable Blue sleeves - Galossan Manufacturer Company\",\"isPartOf\":{\"@id\":\"https:\/\/galossan.com\/#website\"},\"primaryImageOfPage\":{\"@id\":\"https:\/\/galossan.com\/urun\/tek-kullanimlik-tek-lastikli-mavi-tela-kolluk-1000-adet\/#primaryimage\"},\"image\":{\"@id\":\"https:\/\/galossan.com\/urun\/tek-kullanimlik-tek-lastikli-mavi-tela-kolluk-1000-adet\/#primaryimage\"},\"thumbnailUrl\":\"https:\/\/galossan.com\/wp-content\/uploads\/2021\/02\/tela-mavi-kolluk.jpg\",\"datePublished\":\"2019-02-16T14:37:01+00:00\",\"dateModified\":\"2025-08-19T08:38:31+00:00\",\"description\":\"Please contact us for cook sleeve, cook sleeve single sleeve, sleeve single design, interlining sleeve, blue sleeve.\",\"breadcrumb\":{\"@id\":\"https:\/\/galossan.com\/urun\/tek-kullanimlik-tek-lastikli-mavi-tela-kolluk-1000-adet\/#breadcrumb\"},\"inLanguage\":\"en-US\",\"potentialAction\":[{\"@type\":\"ReadAction\",\"target\":[\"https:\/\/galossan.com\/urun\/tek-kullanimlik-tek-lastikli-mavi-tela-kolluk-1000-adet\/\"]}]},{\"@type\":\"ImageObject\",\"inLanguage\":\"en-US\",\"@id\":\"https:\/\/galossan.com\/urun\/tek-kullanimlik-tek-lastikli-mavi-tela-kolluk-1000-adet\/#primaryimage\",\"url\":\"https:\/\/galossan.com\/wp-content\/uploads\/2021\/02\/tela-mavi-kolluk.jpg\",\"contentUrl\":\"https:\/\/galossan.com\/wp-content\/uploads\/2021\/02\/tela-mavi-kolluk.jpg\",\"width\":988,\"height\":844},{\"@type\":\"BreadcrumbList\",\"@id\":\"https:\/\/galossan.com\/urun\/tek-kullanimlik-tek-lastikli-mavi-tela-kolluk-1000-adet\/#breadcrumb\",\"itemListElement\":[{\"@type\":\"ListItem\",\"position\":1,\"name\":\"\u00dcr\u00fcnlerimiz\",\"item\":\"https:\/\/galossan.com\/urunlerimiz\/\"},{\"@type\":\"ListItem\",\"position\":2,\"name\":\"Tek Kullan\u0131ml\u0131k Tek Lastikli Mavi Tela Kolluk\"}]},{\"@type\":\"WebSite\",\"@id\":\"https:\/\/galossan.com\/#website\",\"url\":\"https:\/\/galossan.com\/\",\"name\":\"Galo\u015f imalat\u0131, Galo\u015f \u00e7e\u015fitleri, galo\u015fmatik galo\u015fu lGalossan\",\"description\":\"\u00e7izme galo\u015fu, galo\u015f makinalar\u0131, galo\u015f fiyatlar\u0131, cerrahi maske, maske \u00fcretimi, veteriner eldiveni, tela bone, naylon kolluk\",\"publisher\":{\"@id\":\"https:\/\/galossan.com\/#organization\"},\"potentialAction\":[{\"@type\":\"SearchAction\",\"target\":{\"@type\":\"EntryPoint\",\"urlTemplate\":\"https:\/\/galossan.com\/?s={search_term_string}\"},\"query-input\":{\"@type\":\"PropertyValueSpecification\",\"valueRequired\":true,\"valueName\":\"search_term_string\"}}],\"inLanguage\":\"en-US\"},{\"@type\":\"Organization\",\"@id\":\"https:\/\/galossan.com\/#organization\",\"name\":\"Galo\u015f imalat\u0131, Galo\u015f \u00e7e\u015fitleri, galo\u015fmatik galo\u015fu lGalossan\",\"url\":\"https:\/\/galossan.com\/\",\"logo\":{\"@type\":\"ImageObject\",\"inLanguage\":\"en-US\",\"@id\":\"https:\/\/galossan.com\/#\/schema\/logo\/image\/\",\"url\":\"https:\/\/galossan.com\/wp-content\/uploads\/2021\/10\/logogg1333-1.jpg\",\"contentUrl\":\"https:\/\/galossan.com\/wp-content\/uploads\/2021\/10\/logogg1333-1.jpg\",\"width\":51,\"height\":44,\"caption\":\"Galo\u015f imalat\u0131, Galo\u015f \u00e7e\u015fitleri, galo\u015fmatik galo\u015fu lGalossan\"},\"image\":{\"@id\":\"https:\/\/galossan.com\/#\/schema\/logo\/image\/\"},\"sameAs\":[\"https:\/\/www.facebook.com\/galossan\",\"https:\/\/www.instagram.com\/galossancom\/\",\"https:\/\/www.youtube.com\/channel\/UCaN0htJtvpis2xu51BwOtvA\"]}]}<\/script>\n<!-- \/ Yoast SEO plugin. -->","yoast_head_json":{"title":"Disposable Blue sleeves - Galossan Manufacturer Company","description":"Please contact us for cook sleeve, cook sleeve single sleeve, sleeve single design, interlining sleeve, blue sleeve.","robots":{"index":"index","follow":"follow","max-snippet":"max-snippet:-1","max-image-preview":"max-image-preview:large","max-video-preview":"max-video-preview:-1"},"canonical":"https:\/\/galossan.com\/en\/urun\/tek-kullanimlik-tek-lastikli-mavi-tela-kolluk-1000-adet\/","og_locale":"en_US","og_type":"article","og_title":"[:tr]Tek Kullan\u0131ml\u0131k Mavi Tela Kolluk - Galossan \u00dcretici Firma[:en]Disposable Blue sleeves - Galossan Manufacturer Company[:]","og_description":"[:tr]Tela kolluk, a\u015f\u00e7\u0131 kollu\u011fu, tek kullan\u0131ml\u0131k kolluk, tela kolluk, Mavi tela kolluk gibi talepleriniz i\u00e7in ileti\u015fime ge\u00e7iniz.[:en]Please contact us for cook sleeve, cook sleeve single sleeve, sleeve single design, interlining sleeve, blue sleeve.[:]","og_url":"https:\/\/galossan.com\/en\/urun\/tek-kullanimlik-tek-lastikli-mavi-tela-kolluk-1000-adet\/","og_site_name":"Galo\u015f imalat\u0131, Galo\u015f \u00e7e\u015fitleri, galo\u015fmatik galo\u015fu lGalossan","article_publisher":"https:\/\/www.facebook.com\/galossan","article_modified_time":"2025-08-19T08:38:31+00:00","og_image":[{"width":988,"height":844,"url":"https:\/\/galossan.com\/wp-content\/uploads\/2021\/02\/tela-mavi-kolluk.jpg","type":"image\/jpeg"}],"twitter_card":"summary_large_image","twitter_misc":{"Est. reading time":"1 minute"},"schema":{"@context":"https:\/\/schema.org","@graph":[{"@type":"WebPage","@id":"https:\/\/galossan.com\/urun\/tek-kullanimlik-tek-lastikli-mavi-tela-kolluk-1000-adet\/","url":"https:\/\/galossan.com\/urun\/tek-kullanimlik-tek-lastikli-mavi-tela-kolluk-1000-adet\/","name":"Disposable Blue sleeves - Galossan Manufacturer Company","isPartOf":{"@id":"https:\/\/galossan.com\/#website"},"primaryImageOfPage":{"@id":"https:\/\/galossan.com\/urun\/tek-kullanimlik-tek-lastikli-mavi-tela-kolluk-1000-adet\/#primaryimage"},"image":{"@id":"https:\/\/galossan.com\/urun\/tek-kullanimlik-tek-lastikli-mavi-tela-kolluk-1000-adet\/#primaryimage"},"thumbnailUrl":"https:\/\/galossan.com\/wp-content\/uploads\/2021\/02\/tela-mavi-kolluk.jpg","datePublished":"2019-02-16T14:37:01+00:00","dateModified":"2025-08-19T08:38:31+00:00","description":"Please contact us for cook sleeve, cook sleeve single sleeve, sleeve single design, interlining sleeve, blue sleeve.","breadcrumb":{"@id":"https:\/\/galossan.com\/urun\/tek-kullanimlik-tek-lastikli-mavi-tela-kolluk-1000-adet\/#breadcrumb"},"inLanguage":"en-US","potentialAction":[{"@type":"ReadAction","target":["https:\/\/galossan.com\/urun\/tek-kullanimlik-tek-lastikli-mavi-tela-kolluk-1000-adet\/"]}]},{"@type":"ImageObject","inLanguage":"en-US","@id":"https:\/\/galossan.com\/urun\/tek-kullanimlik-tek-lastikli-mavi-tela-kolluk-1000-adet\/#primaryimage","url":"https:\/\/galossan.com\/wp-content\/uploads\/2021\/02\/tela-mavi-kolluk.jpg","contentUrl":"https:\/\/galossan.com\/wp-content\/uploads\/2021\/02\/tela-mavi-kolluk.jpg","width":988,"height":844},{"@type":"BreadcrumbList","@id":"https:\/\/galossan.com\/urun\/tek-kullanimlik-tek-lastikli-mavi-tela-kolluk-1000-adet\/#breadcrumb","itemListElement":[{"@type":"ListItem","position":1,"name":"\u00dcr\u00fcnlerimiz","item":"https:\/\/galossan.com\/urunlerimiz\/"},{"@type":"ListItem","position":2,"name":"Tek Kullan\u0131ml\u0131k Tek Lastikli Mavi Tela Kolluk"}]},{"@type":"WebSite","@id":"https:\/\/galossan.com\/#website","url":"https:\/\/galossan.com\/","name":"Galo\u015f imalat\u0131, Galo\u015f \u00e7e\u015fitleri, galo\u015fmatik galo\u015fu lGalossan","description":"\u00e7izme galo\u015fu, galo\u015f makinalar\u0131, galo\u015f fiyatlar\u0131, cerrahi maske, maske \u00fcretimi, veteriner eldiveni, tela bone, naylon kolluk","publisher":{"@id":"https:\/\/galossan.com\/#organization"},"potentialAction":[{"@type":"SearchAction","target":{"@type":"EntryPoint","urlTemplate":"https:\/\/galossan.com\/?s={search_term_string}"},"query-input":{"@type":"PropertyValueSpecification","valueRequired":true,"valueName":"search_term_string"}}],"inLanguage":"en-US"},{"@type":"Organization","@id":"https:\/\/galossan.com\/#organization","name":"Galo\u015f imalat\u0131, Galo\u015f \u00e7e\u015fitleri, galo\u015fmatik galo\u015fu lGalossan","url":"https:\/\/galossan.com\/","logo":{"@type":"ImageObject","inLanguage":"en-US","@id":"https:\/\/galossan.com\/#\/schema\/logo\/image\/","url":"https:\/\/galossan.com\/wp-content\/uploads\/2021\/10\/logogg1333-1.jpg","contentUrl":"https:\/\/galossan.com\/wp-content\/uploads\/2021\/10\/logogg1333-1.jpg","width":51,"height":44,"caption":"Galo\u015f imalat\u0131, Galo\u015f \u00e7e\u015fitleri, galo\u015fmatik galo\u015fu lGalossan"},"image":{"@id":"https:\/\/galossan.com\/#\/schema\/logo\/image\/"},"sameAs":["https:\/\/www.facebook.com\/galossan","https:\/\/www.instagram.com\/galossancom\/","https:\/\/www.youtube.com\/channel\/UCaN0htJtvpis2xu51BwOtvA"]}]}},"_links":{"self":[{"href":"https:\/\/galossan.com\/en\/wp-json\/wp\/v2\/product\/4282","targetHints":{"allow":["GET"]}}],"collection":[{"href":"https:\/\/galossan.com\/en\/wp-json\/wp\/v2\/product"}],"about":[{"href":"https:\/\/galossan.com\/en\/wp-json\/wp\/v2\/types\/product"}],"wp:featuredmedia":[{"embeddable":true,"href":"https:\/\/galossan.com\/en\/wp-json\/wp\/v2\/media\/4344"}],"wp:attachment":[{"href":"https:\/\/galossan.com\/en\/wp-json\/wp\/v2\/media?parent=4282"}],"wp:term":[{"taxonomy":"product_brand","embeddable":true,"href":"https:\/\/galossan.com\/en\/wp-json\/wp\/v2\/product_brand?post=4282"},{"taxonomy":"product_cat","embeddable":true,"href":"https:\/\/galossan.com\/en\/wp-json\/wp\/v2\/product_cat?post=4282"},{"taxonomy":"product_tag","embeddable":true,"href":"https:\/\/galossan.com\/en\/wp-json\/wp\/v2\/product_tag?post=4282"}],"curies":[{"name":"wp","href":"https:\/\/api.w.org\/{rel}","templated":true}]}}