{"id":4231,"date":"2019-01-15T15:43:21","date_gmt":"2019-01-15T12:43:21","guid":{"rendered":"https:\/\/galossan.com\/?post_type=product&#038;p=4231"},"modified":"2023-03-22T13:49:44","modified_gmt":"2023-03-22T10:49:44","slug":"kutulu-galos","status":"publish","type":"product","link":"https:\/\/galossan.com\/en\/urun\/kutulu-galos\/","title":{"rendered":"Shoe Cover Box"},"content":{"rendered":"","protected":false},"excerpt":{"rendered":"<table border=\"2\" width=\"576\">\n<tbody>\n<tr>\n<th scope=\"col\" width=\"106\" height=\"53\">\n<div class=\"style10\" align=\"center\">\n<div class=\"style11\" align=\"center\">Product<\/div>\n<\/div>\n<\/th>\n<th scope=\"col\" width=\"452\">\n<p class=\"style9\" align=\"center\">Shoe Cover Box<\/p>\n<\/th>\n<\/tr>\n<tr>\n<th height=\"81\">\n<div class=\"style10\" align=\"center\">\n<div class=\"style11\" align=\"center\">Description<\/div>\n<\/div>\n<\/th>\n<td>\n<ul>\n<li>1000 pieces per package<\/li>\n<li>blue color<\/li>\n<li>Liquid proof<\/li>\n<li>Suitable for all shoe sizes.<\/li>\n<li>Special productions with different color options can be made for your big-scale orders<\/li>\n<\/ul>\n<\/td>\n<\/tr>\n<\/tbody>\n<\/table>\n<table class=\"style3\" border=\"1\" width=\"576\">\n<tbody>\n<tr>\n<th scope=\"col\" width=\"180\">\n<p class=\"style12\" align=\"center\">Product Size<\/p>\n<p class=\"style12\" align=\"center\">14&#215;40 cm<\/p>\n<\/th>\n<th scope=\"col\" width=\"180\">\n<p class=\"style12\" align=\"center\">Package Weight<\/p>\n<p class=\"style12\" align=\"center\">950 gr<\/p>\n<\/th>\n<th scope=\"col\" width=\"180\">\n<p class=\"style12\" align=\"center\">Measure the boxes<\/p>\n<p class=\"style12\" align=\"center\">11.5x12x22<\/p>\n<\/th>\n<\/tr>\n<\/tbody>\n<\/table>\n<table border=\"2\" width=\"576\">\n<tbody>\n<tr>\n<th scope=\"col\" width=\"106\" height=\"68\">Thickness<\/th>\n<td scope=\"col\" width=\"440\">\n<p class=\"style13\" align=\"left\">0.9 micron<\/p>\n<\/td>\n<\/tr>\n<tr>\n<th width=\"106\" height=\"65\">Metarial<\/th>\n<td>\n<p align=\"left\">Made of polyethylene material.<\/p>\n<\/td>\n<\/tr>\n<\/tbody>\n<\/table>\n<p><iframe loading=\"lazy\" title=\"YouTube video player\" src=\"https:\/\/www.youtube.com\/embed\/n9EWsOn-ZcY\" width=\"560\" height=\"315\" frameborder=\"0\" allowfullscreen=\"allowfullscreen\"><\/iframe><\/p>\n","protected":false},"featured_media":4233,"template":"","meta":[],"product_brand":[],"product_cat":[98,477],"product_tag":[144,145,295,350,126,146,349,351,300],"class_list":{"0":"post-4231","1":"product","2":"type-product","3":"status-publish","4":"has-post-thumbnail","6":"product_cat-galos","7":"product_cat-naylon-galos","8":"product_tag-100-lu-galos","9":"product_tag-100luk-kutulu-galos","10":"product_tag-galobox-kutulu-galos","11":"product_tag-galos-cesitleri","12":"product_tag-galos","13":"product_tag-kutulu-galos","14":"product_tag-pp-galos","15":"product_tag-toptan-galos","16":"product_tag-toptan","17":"description-off","19":"first","20":"instock","21":"shipping-taxable","22":"product-type-external"},"yoast_head":"<!-- This site is optimized with the Yoast SEO plugin v26.9 - https:\/\/yoast.com\/product\/yoast-seo-wordpress\/ -->\n<title>Galobox Kutulu Galo\u015f 1000 Adet - Galossan \u00dcretici Firma<\/title>\n<meta name=\"description\" content=\"1000 shoe shoe covers, 1000 box shoe covers, globox box shoe covers, shoe shoe covers varieties boxed shoe covers, pp shoe covers,\" \/>\n<meta name=\"robots\" content=\"index, follow, max-snippet:-1, max-image-preview:large, max-video-preview:-1\" \/>\n<link rel=\"canonical\" href=\"https:\/\/galossan.com\/en\/urun\/kutulu-galos\/\" \/>\n<meta property=\"og:locale\" content=\"en_US\" \/>\n<meta property=\"og:locale:alternate\" content=\"tr_TR\" \/>\n<meta property=\"og:type\" content=\"article\" \/>\n<meta property=\"og:title\" content=\"Galobox Kutulu Galo\u015f 1000 Adet - Galossan \u00dcretici Firma\" \/>\n<meta property=\"og:description\" content=\"1000 li galo\u015f, 1000&#039;lik kutulu galo\u015f, globox kutulu galo\u015f, galo\u015f \u00e7e\u015fitleri kutulu galo\u015f, pp galo\u015f,\" \/>\n<meta property=\"og:url\" content=\"https:\/\/galossan.com\/en\/urun\/kutulu-galos\/\" \/>\n<meta property=\"og:site_name\" content=\"Galo\u015f imalat\u0131, Galo\u015f \u00e7e\u015fitleri, galo\u015fmatik galo\u015fu lGalossan\" \/>\n<meta property=\"article:publisher\" content=\"https:\/\/www.facebook.com\/galossan\" \/>\n<meta property=\"article:modified_time\" content=\"2023-03-22T10:49:44+00:00\" \/>\n<meta property=\"og:image\" content=\"https:\/\/galossan.com\/wp-content\/uploads\/2021\/01\/kutulu-galos-1000li.jpg\" \/>\n\t<meta property=\"og:image:width\" content=\"988\" \/>\n\t<meta property=\"og:image:height\" content=\"844\" \/>\n\t<meta property=\"og:image:type\" content=\"image\/jpeg\" \/>\n<meta name=\"twitter:card\" content=\"summary_large_image\" \/>\n<script type=\"application\/ld+json\" class=\"yoast-schema-graph\">{\"@context\":\"https:\/\/schema.org\",\"@graph\":[{\"@type\":\"WebPage\",\"@id\":\"https:\/\/galossan.com\/urun\/kutulu-galos\/\",\"url\":\"https:\/\/galossan.com\/urun\/kutulu-galos\/\",\"name\":\"Galobox Kutulu Galo\u015f 1000 Adet - Galossan \u00dcretici Firma\",\"isPartOf\":{\"@id\":\"https:\/\/galossan.com\/#website\"},\"primaryImageOfPage\":{\"@id\":\"https:\/\/galossan.com\/urun\/kutulu-galos\/#primaryimage\"},\"image\":{\"@id\":\"https:\/\/galossan.com\/urun\/kutulu-galos\/#primaryimage\"},\"thumbnailUrl\":\"https:\/\/galossan.com\/wp-content\/uploads\/2021\/01\/kutulu-galos-1000li.jpg\",\"datePublished\":\"2019-01-15T12:43:21+00:00\",\"dateModified\":\"2023-03-22T10:49:44+00:00\",\"description\":\"1000 li galo\u015f, 1000'lik kutulu galo\u015f, globox kutulu galo\u015f, galo\u015f \u00e7e\u015fitleri kutulu galo\u015f, pp galo\u015f,\",\"breadcrumb\":{\"@id\":\"https:\/\/galossan.com\/urun\/kutulu-galos\/#breadcrumb\"},\"inLanguage\":\"en-US\",\"potentialAction\":[{\"@type\":\"ReadAction\",\"target\":[\"https:\/\/galossan.com\/urun\/kutulu-galos\/\"]}]},{\"@type\":\"ImageObject\",\"inLanguage\":\"en-US\",\"@id\":\"https:\/\/galossan.com\/urun\/kutulu-galos\/#primaryimage\",\"url\":\"https:\/\/galossan.com\/wp-content\/uploads\/2021\/01\/kutulu-galos-1000li.jpg\",\"contentUrl\":\"https:\/\/galossan.com\/wp-content\/uploads\/2021\/01\/kutulu-galos-1000li.jpg\",\"width\":988,\"height\":844},{\"@type\":\"BreadcrumbList\",\"@id\":\"https:\/\/galossan.com\/urun\/kutulu-galos\/#breadcrumb\",\"itemListElement\":[{\"@type\":\"ListItem\",\"position\":1,\"name\":\"\u00dcr\u00fcnlerimiz\",\"item\":\"https:\/\/galossan.com\/urunlerimiz\/\"},{\"@type\":\"ListItem\",\"position\":2,\"name\":\"Galobox Kutulu Galo\u015f\"}]},{\"@type\":\"WebSite\",\"@id\":\"https:\/\/galossan.com\/#website\",\"url\":\"https:\/\/galossan.com\/\",\"name\":\"Galo\u015f imalat\u0131, Galo\u015f \u00e7e\u015fitleri, galo\u015fmatik galo\u015fu lGalossan\",\"description\":\"\u00e7izme galo\u015fu, galo\u015f makinalar\u0131, galo\u015f fiyatlar\u0131, cerrahi maske, maske \u00fcretimi, veteriner eldiveni, tela bone, naylon kolluk\",\"publisher\":{\"@id\":\"https:\/\/galossan.com\/#organization\"},\"potentialAction\":[{\"@type\":\"SearchAction\",\"target\":{\"@type\":\"EntryPoint\",\"urlTemplate\":\"https:\/\/galossan.com\/?s={search_term_string}\"},\"query-input\":{\"@type\":\"PropertyValueSpecification\",\"valueRequired\":true,\"valueName\":\"search_term_string\"}}],\"inLanguage\":\"en-US\"},{\"@type\":\"Organization\",\"@id\":\"https:\/\/galossan.com\/#organization\",\"name\":\"Galo\u015f imalat\u0131, Galo\u015f \u00e7e\u015fitleri, galo\u015fmatik galo\u015fu lGalossan\",\"url\":\"https:\/\/galossan.com\/\",\"logo\":{\"@type\":\"ImageObject\",\"inLanguage\":\"en-US\",\"@id\":\"https:\/\/galossan.com\/#\/schema\/logo\/image\/\",\"url\":\"https:\/\/galossan.com\/wp-content\/uploads\/2021\/10\/logogg1333-1.jpg\",\"contentUrl\":\"https:\/\/galossan.com\/wp-content\/uploads\/2021\/10\/logogg1333-1.jpg\",\"width\":51,\"height\":44,\"caption\":\"Galo\u015f imalat\u0131, Galo\u015f \u00e7e\u015fitleri, galo\u015fmatik galo\u015fu lGalossan\"},\"image\":{\"@id\":\"https:\/\/galossan.com\/#\/schema\/logo\/image\/\"},\"sameAs\":[\"https:\/\/www.facebook.com\/galossan\",\"https:\/\/www.instagram.com\/galossancom\/\",\"https:\/\/www.youtube.com\/channel\/UCaN0htJtvpis2xu51BwOtvA\"]}]}<\/script>\n<!-- \/ Yoast SEO plugin. -->","yoast_head_json":{"title":"Galobox Kutulu Galo\u015f 1000 Adet - Galossan \u00dcretici Firma","description":"1000 shoe shoe covers, 1000 box shoe covers, globox box shoe covers, shoe shoe covers varieties boxed shoe covers, pp shoe covers,","robots":{"index":"index","follow":"follow","max-snippet":"max-snippet:-1","max-image-preview":"max-image-preview:large","max-video-preview":"max-video-preview:-1"},"canonical":"https:\/\/galossan.com\/en\/urun\/kutulu-galos\/","og_locale":"en_US","og_type":"article","og_title":"Galobox Kutulu Galo\u015f 1000 Adet - Galossan \u00dcretici Firma","og_description":"1000 li galo\u015f, 1000'lik kutulu galo\u015f, globox kutulu galo\u015f, galo\u015f \u00e7e\u015fitleri kutulu galo\u015f, pp galo\u015f,","og_url":"https:\/\/galossan.com\/en\/urun\/kutulu-galos\/","og_site_name":"Galo\u015f imalat\u0131, Galo\u015f \u00e7e\u015fitleri, galo\u015fmatik galo\u015fu lGalossan","article_publisher":"https:\/\/www.facebook.com\/galossan","article_modified_time":"2023-03-22T10:49:44+00:00","og_image":[{"width":988,"height":844,"url":"https:\/\/galossan.com\/wp-content\/uploads\/2021\/01\/kutulu-galos-1000li.jpg","type":"image\/jpeg"}],"twitter_card":"summary_large_image","schema":{"@context":"https:\/\/schema.org","@graph":[{"@type":"WebPage","@id":"https:\/\/galossan.com\/urun\/kutulu-galos\/","url":"https:\/\/galossan.com\/urun\/kutulu-galos\/","name":"Galobox Kutulu Galo\u015f 1000 Adet - Galossan \u00dcretici Firma","isPartOf":{"@id":"https:\/\/galossan.com\/#website"},"primaryImageOfPage":{"@id":"https:\/\/galossan.com\/urun\/kutulu-galos\/#primaryimage"},"image":{"@id":"https:\/\/galossan.com\/urun\/kutulu-galos\/#primaryimage"},"thumbnailUrl":"https:\/\/galossan.com\/wp-content\/uploads\/2021\/01\/kutulu-galos-1000li.jpg","datePublished":"2019-01-15T12:43:21+00:00","dateModified":"2023-03-22T10:49:44+00:00","description":"1000 li galo\u015f, 1000'lik kutulu galo\u015f, globox kutulu galo\u015f, galo\u015f \u00e7e\u015fitleri kutulu galo\u015f, pp galo\u015f,","breadcrumb":{"@id":"https:\/\/galossan.com\/urun\/kutulu-galos\/#breadcrumb"},"inLanguage":"en-US","potentialAction":[{"@type":"ReadAction","target":["https:\/\/galossan.com\/urun\/kutulu-galos\/"]}]},{"@type":"ImageObject","inLanguage":"en-US","@id":"https:\/\/galossan.com\/urun\/kutulu-galos\/#primaryimage","url":"https:\/\/galossan.com\/wp-content\/uploads\/2021\/01\/kutulu-galos-1000li.jpg","contentUrl":"https:\/\/galossan.com\/wp-content\/uploads\/2021\/01\/kutulu-galos-1000li.jpg","width":988,"height":844},{"@type":"BreadcrumbList","@id":"https:\/\/galossan.com\/urun\/kutulu-galos\/#breadcrumb","itemListElement":[{"@type":"ListItem","position":1,"name":"\u00dcr\u00fcnlerimiz","item":"https:\/\/galossan.com\/urunlerimiz\/"},{"@type":"ListItem","position":2,"name":"Galobox Kutulu Galo\u015f"}]},{"@type":"WebSite","@id":"https:\/\/galossan.com\/#website","url":"https:\/\/galossan.com\/","name":"Galo\u015f imalat\u0131, Galo\u015f \u00e7e\u015fitleri, galo\u015fmatik galo\u015fu lGalossan","description":"\u00e7izme galo\u015fu, galo\u015f makinalar\u0131, galo\u015f fiyatlar\u0131, cerrahi maske, maske \u00fcretimi, veteriner eldiveni, tela bone, naylon kolluk","publisher":{"@id":"https:\/\/galossan.com\/#organization"},"potentialAction":[{"@type":"SearchAction","target":{"@type":"EntryPoint","urlTemplate":"https:\/\/galossan.com\/?s={search_term_string}"},"query-input":{"@type":"PropertyValueSpecification","valueRequired":true,"valueName":"search_term_string"}}],"inLanguage":"en-US"},{"@type":"Organization","@id":"https:\/\/galossan.com\/#organization","name":"Galo\u015f imalat\u0131, Galo\u015f \u00e7e\u015fitleri, galo\u015fmatik galo\u015fu lGalossan","url":"https:\/\/galossan.com\/","logo":{"@type":"ImageObject","inLanguage":"en-US","@id":"https:\/\/galossan.com\/#\/schema\/logo\/image\/","url":"https:\/\/galossan.com\/wp-content\/uploads\/2021\/10\/logogg1333-1.jpg","contentUrl":"https:\/\/galossan.com\/wp-content\/uploads\/2021\/10\/logogg1333-1.jpg","width":51,"height":44,"caption":"Galo\u015f imalat\u0131, Galo\u015f \u00e7e\u015fitleri, galo\u015fmatik galo\u015fu lGalossan"},"image":{"@id":"https:\/\/galossan.com\/#\/schema\/logo\/image\/"},"sameAs":["https:\/\/www.facebook.com\/galossan","https:\/\/www.instagram.com\/galossancom\/","https:\/\/www.youtube.com\/channel\/UCaN0htJtvpis2xu51BwOtvA"]}]}},"_links":{"self":[{"href":"https:\/\/galossan.com\/en\/wp-json\/wp\/v2\/product\/4231","targetHints":{"allow":["GET"]}}],"collection":[{"href":"https:\/\/galossan.com\/en\/wp-json\/wp\/v2\/product"}],"about":[{"href":"https:\/\/galossan.com\/en\/wp-json\/wp\/v2\/types\/product"}],"wp:featuredmedia":[{"embeddable":true,"href":"https:\/\/galossan.com\/en\/wp-json\/wp\/v2\/media\/4233"}],"wp:attachment":[{"href":"https:\/\/galossan.com\/en\/wp-json\/wp\/v2\/media?parent=4231"}],"wp:term":[{"taxonomy":"product_brand","embeddable":true,"href":"https:\/\/galossan.com\/en\/wp-json\/wp\/v2\/product_brand?post=4231"},{"taxonomy":"product_cat","embeddable":true,"href":"https:\/\/galossan.com\/en\/wp-json\/wp\/v2\/product_cat?post=4231"},{"taxonomy":"product_tag","embeddable":true,"href":"https:\/\/galossan.com\/en\/wp-json\/wp\/v2\/product_tag?post=4231"}],"curies":[{"name":"wp","href":"https:\/\/api.w.org\/{rel}","templated":true}]}}