{"id":2734,"date":"2021-11-04T17:06:37","date_gmt":"2021-11-04T14:06:37","guid":{"rendered":"https:\/\/galossan.com\/product\/import-placeholder-for-6712\/"},"modified":"2025-12-15T16:24:31","modified_gmt":"2025-12-15T13:24:31","slug":"oto-topuktan-cekmeli-galosmatik-cihazi","status":"publish","type":"product","link":"https:\/\/galossan.com\/en\/urun\/oto-topuktan-cekmeli-galosmatik-cihazi\/","title":{"rendered":"Dispomax Heel-Pull Shoe Cover Machine"},"content":{"rendered":"<h1>What is a Shoe Cover Machine? What are the Instructions for Use?<\/h1>\n<p>Hygiene plays a critical role in protecting health in many sectors. Especially in areas such as hospitals, laboratories and food production facilities, ensuring cleaning standards is of vital importance. At this point, <em><strong>shoe cover machine<\/strong><\/em> devices offer an important solution in terms of increasing hygiene and providing practicality.<\/p>\n<h2>What is a shoe cover machine ?<\/h2>\n<p>Machines are devices that allow galoshes to be presented to users without touching them. This device helps to ensure hygiene by facilitating the wearing of galoshes over shoes. When the user steps on the galoshmatik device and pulls it from the heel, the device puts the shoecovers on their feet. This process offers a fast and hygienic solution without touching them. Machine can be found in various sizes and designs, thus adapting to different spaces.<\/p>\n<h2>Types of Shoe Coating Machine Devices<\/h2>\n<p>Devices are designed in different types according to the area of \u200b\u200buse and need. Here are some types of shoe covers:<\/p>\n<p>Step type: When the user steps on the device, the shoe covers automatically go to their feet. They are commonly used in homes.<\/p>\n<p>Sensored: When the user approaches, sensors are activated and the shoe covers are automatically presented. These are devices that have a roll-shaped shoe that covers the foot with heat.<\/p>\n<p>Digital: These are devices equipped with digital screens, display various information to the user and enable the use of shoe covers. They work with electricity.<\/p>\n<p>Mechanical: They are devices made of durable materials suitable for intensive use. They are generally used in industrial facilities and food production areas. They do not need any electricity, so they do not break down easily.<\/p>\n<div id=\"attachment_13263\" style=\"width: 310px\"  class=\"wp-caption aligncenter\"><img loading=\"lazy\" decoding=\"async\" class=\"wp-image-13263 size-medium\" src=\"https:\/\/galossan.com\/wp-content\/uploads\/2023\/03\/galos-makina22eeerrr-300x300.jpg\" alt=\"\" width=\"300\" height=\"300\" srcset=\"https:\/\/galossan.com\/wp-content\/uploads\/2023\/03\/galos-makina22eeerrr-300x300.jpg 300w, https:\/\/galossan.com\/wp-content\/uploads\/2023\/03\/galos-makina22eeerrr-150x150.jpg 150w, https:\/\/galossan.com\/wp-content\/uploads\/2023\/03\/galos-makina22eeerrr-768x768.jpg 768w, https:\/\/galossan.com\/wp-content\/uploads\/2023\/03\/galos-makina22eeerrr-200x200.jpg 200w, https:\/\/galossan.com\/wp-content\/uploads\/2023\/03\/galos-makina22eeerrr.jpg 800w\" sizes=\"auto, (max-width: 300px) 100vw, 300px\" \/><p class=\"wp-caption-text\">sleeveless overshoe machine<\/p><\/div>\n<div id=\"attachment_13250\" style=\"width: 249px\"  class=\"wp-caption aligncenter\"><img loading=\"lazy\" decoding=\"async\" class=\"wp-image-13250 size-medium\" src=\"https:\/\/galossan.com\/wp-content\/uploads\/2021\/11\/orj1-239x300.jpg\" alt=\"\" width=\"239\" height=\"300\" srcset=\"https:\/\/galossan.com\/wp-content\/uploads\/2021\/11\/orj1-239x300.jpg 239w, https:\/\/galossan.com\/wp-content\/uploads\/2021\/11\/orj1-816x1024.jpg 816w, https:\/\/galossan.com\/wp-content\/uploads\/2021\/11\/orj1-768x964.jpg 768w, https:\/\/galossan.com\/wp-content\/uploads\/2021\/11\/orj1-1064x1336.jpg 1064w, https:\/\/galossan.com\/wp-content\/uploads\/2021\/11\/orj1.jpg 1195w\" sizes=\"auto, (max-width: 239px) 100vw, 239px\" \/><p class=\"wp-caption-text\">sleeve overshoe machine<\/p><\/div>\n<p>Dispomax <strong>shoe cover machine<\/strong> works with a mechanical system. The products have the same quality and are available in 2 types: with handle and without handle.<\/p>\n<h2>Advantages<\/h2>\n<p>Time Saving: Automatic shoe cover wearing process allows users to comply with hygiene rules without wasting time.<\/p>\n<p>Increased Hygiene: Creates a hygienic environment by preventing shoes from carrying dirt and germs from outside.<\/p>\n<p>Ease of Use: The ease of use of the device allows everyone to use it easily.<\/p>\n<p>Aesthetic Design: Modern shoe cover devices provide an aesthetic contribution to spaces.<\/p>\n<h3>Areas of Use<\/h3>\n<p><img loading=\"lazy\" decoding=\"async\" class=\"alignnone wp-image-2630 size-large\" src=\"https:\/\/galossan.com\/wp-content\/uploads\/2020\/10\/slider2-1024x363.jpg\" alt=\"\" width=\"1024\" height=\"363\" srcset=\"https:\/\/galossan.com\/wp-content\/uploads\/2020\/10\/slider2-1024x363.jpg 1024w, https:\/\/galossan.com\/wp-content\/uploads\/2020\/10\/slider2-1064x377.jpg 1064w, https:\/\/galossan.com\/wp-content\/uploads\/2020\/10\/slider2-300x106.jpg 300w, https:\/\/galossan.com\/wp-content\/uploads\/2020\/10\/slider2-768x272.jpg 768w, https:\/\/galossan.com\/wp-content\/uploads\/2020\/10\/slider2.jpg 1112w\" sizes=\"auto, (max-width: 1024px) 100vw, 1024px\" \/><\/p>\n<p>It is widely used in various areas:<\/p>\n<p>Hospitals: In places such as operating rooms and intensive care units, the use of shoe covers is mandatory to reduce the risk of infection. Machines make this process practical and save time.<\/p>\n<p>Food Production Facilities: In terms of food safety, employees must comply with hygiene rules. Devices help to easily fulfill these rules.<\/p>\n<p>Clean Rooms: In electronics and pharmaceutical production facilities, the use of shoe covers is important to maintain the hygiene standards of clean rooms.<\/p>\n<p>Laboratories: In laboratories where chemical or biological experiments are conducted, it is mandatory to wear shoe covers to prevent complications. Shoe covers are an ideal solution to meet this need.<\/p>\n<p>Educational Institutions: In laboratories in schools and universities, students and faculty members are ensured to comply with hygiene rules.<\/p>\n<h2>Usage Instructions<\/h2>\n<ol>\n<li>Place your foot inside the shoe cover.<\/li>\n<li>Pull your heel back with the shoe cover.<\/li>\n<li>Continue pulling until the shoe covers are detached from the clips.<\/li>\n<li>Your shoe covers are ready for use.<\/li>\n<\/ol>\n<p>shoe cover machine play an important role in ensuring hygiene and providing automatic solutions. They provide great benefits in terms of both health and safety. These devices will continue to be important as an effective tool in maintaining hygiene standards in the future.<\/p>\n<p>&nbsp;<\/p>\n<p>&nbsp;<\/p>\n","protected":false},"excerpt":{"rendered":"<ul>\n<li>\n<table border=\"2\" width=\"576\">\n<tbody>\n<tr>\n<th scope=\"col\" width=\"106\" height=\"53\">\n<div class=\"style10\" align=\"center\">\n<div class=\"style11\" align=\"center\">Product<\/div>\n<\/div>\n<\/th>\n<th scope=\"col\" width=\"452\">\u00a0 Dispomax Heel-Pull Shoe Cover Machine<\/th>\n<\/tr>\n<tr>\n<th height=\"81\">\n<div class=\"style10\" align=\"center\">\n<div class=\"style11\" align=\"center\">Description<\/div>\n<\/div>\n<\/th>\n<td>\u2022 Shoe cover machine with 100 shoe covers capacity<br \/>\n\u2022 Does not need power connection.<br \/>\n\u2022 Since it is not electronic, it is long-lived.<br \/>\n\u2022 Does not require extra cost for maintenance.<br \/>\n\u2022 Steel Mechanism<br \/>\n\u2022 Guaranteed for 5 years.<\/td>\n<\/tr>\n<\/tbody>\n<\/table>\n<table class=\"style3\" border=\"1\" width=\"576\">\n<tbody>\n<tr>\n<th scope=\"col\" width=\"180\">\n<p class=\"style12\" align=\"center\">Product Size<\/p>\n<p class=\"style12\" align=\"center\">32x70x43 cm<\/p>\n<\/th>\n<th scope=\"col\" width=\"180\">\n<p class=\"style12\" align=\"center\">Machine Weight<\/p>\n<p class=\"style12\" align=\"center\">11 kg<\/p>\n<\/th>\n<th scope=\"col\" width=\"180\">\n<p class=\"style12\" align=\"center\">Color<\/p>\n<p class=\"style12\" align=\"center\">White gray<\/p>\n<\/th>\n<\/tr>\n<\/tbody>\n<\/table>\n<table border=\"2\" width=\"576\">\n<tbody>\n<tr>\n<th scope=\"col\" width=\"106\" height=\"68\">Thickness<\/th>\n<td scope=\"col\" width=\"440\">\n<p class=\"style13\" align=\"left\">&#8212;&#8211;<\/p>\n<\/td>\n<\/tr>\n<tr>\n<th width=\"106\" height=\"65\">Metarial<\/th>\n<td>\n<p align=\"left\">ABS plastic body<\/p>\n<\/td>\n<\/tr>\n<\/tbody>\n<\/table>\n<\/li>\n<\/ul>\n<p><iframe loading=\"lazy\" title=\"YouTube video player\" src=\"https:\/\/www.youtube.com\/embed\/i-Y-xrNCo3I\" width=\"560\" height=\"315\" frameborder=\"0\" allowfullscreen=\"allowfullscreen\"><\/iframe><\/p>\n","protected":false},"featured_media":13654,"template":"","meta":[],"product_brand":[],"product_cat":[565,480,481],"product_tag":[572,165,571,166,573,341,151,539,157,196,193],"class_list":{"0":"post-2734","1":"product","2":"type-product","3":"status-publish","4":"has-post-thumbnail","6":"product_cat-galosmatik","7":"product_cat-galos-makinesi-ve-galosu","8":"product_cat-galos-makinesi","9":"product_tag-galos-giydirme-makinasi-fiyatlari","10":"product_tag-galos-makinesi","11":"product_tag-galos-matik","12":"product_tag-galosmatik-cihazi","13":"product_tag-galosmatik-fiyat","14":"product_tag-galosmatik-galosu-fiyatlari","15":"product_tag-galosmatik-galosu","16":"product_tag-galosmatik-icin-galos","17":"product_tag-galosmatik","18":"product_tag-otomatik-galosmatik","19":"product_tag-topuktan-cekmeli-galosmatik","20":"description-off","22":"first","23":"instock","24":"shipping-taxable","25":"product-type-external"},"yoast_head":"<!-- This site is optimized with the Yoast SEO plugin v26.9 - https:\/\/yoast.com\/product\/yoast-seo-wordpress\/ -->\n<title>Dispomax Heel-Pull Shoe Cover Machine<\/title>\n<meta name=\"description\" content=\"Dispomax shoe cover machine works with a mechanical system. The products have the same quality and are available in 2 types: with handle and without handle.\" \/>\n<meta name=\"robots\" content=\"index, follow, max-snippet:-1, max-image-preview:large, max-video-preview:-1\" \/>\n<link rel=\"canonical\" href=\"https:\/\/galossan.com\/en\/urun\/oto-topuktan-cekmeli-galosmatik-cihazi\/\" \/>\n<meta property=\"og:locale\" content=\"en_US\" \/>\n<meta property=\"og:locale:alternate\" content=\"tr_TR\" \/>\n<meta property=\"og:type\" content=\"article\" \/>\n<meta property=\"og:title\" content=\"Dispomax Heel-Pull Shoe Cover Machine\" \/>\n<meta property=\"og:description\" content=\"Dispomax shoe cover machine works with a mechanical system. The products have the same quality and are available in 2 types: with handle and without handle.\" \/>\n<meta property=\"og:url\" content=\"https:\/\/galossan.com\/en\/urun\/oto-topuktan-cekmeli-galosmatik-cihazi\/\" \/>\n<meta property=\"og:site_name\" content=\"Galo\u015f imalat\u0131, Galo\u015f \u00e7e\u015fitleri, galo\u015fmatik galo\u015fu lGalossan\" \/>\n<meta property=\"article:publisher\" content=\"https:\/\/www.facebook.com\/galossan\" \/>\n<meta property=\"article:modified_time\" content=\"2025-12-15T13:24:31+00:00\" \/>\n<meta property=\"og:image\" content=\"https:\/\/galossan.com\/wp-content\/uploads\/2021\/11\/galosmatik-dispomax.jpg\" \/>\n\t<meta property=\"og:image:width\" content=\"988\" \/>\n\t<meta property=\"og:image:height\" content=\"844\" \/>\n\t<meta property=\"og:image:type\" content=\"image\/jpeg\" \/>\n<meta name=\"twitter:card\" content=\"summary_large_image\" \/>\n<meta name=\"twitter:label1\" content=\"Est. reading time\" \/>\n\t<meta name=\"twitter:data1\" content=\"4 minutes\" \/>\n<script type=\"application\/ld+json\" class=\"yoast-schema-graph\">{\"@context\":\"https:\/\/schema.org\",\"@graph\":[{\"@type\":\"WebPage\",\"@id\":\"https:\/\/galossan.com\/urun\/oto-topuktan-cekmeli-galosmatik-cihazi\/\",\"url\":\"https:\/\/galossan.com\/urun\/oto-topuktan-cekmeli-galosmatik-cihazi\/\",\"name\":\"Dispomax Heel-Pull Shoe Cover Machine\",\"isPartOf\":{\"@id\":\"https:\/\/galossan.com\/#website\"},\"primaryImageOfPage\":{\"@id\":\"https:\/\/galossan.com\/urun\/oto-topuktan-cekmeli-galosmatik-cihazi\/#primaryimage\"},\"image\":{\"@id\":\"https:\/\/galossan.com\/urun\/oto-topuktan-cekmeli-galosmatik-cihazi\/#primaryimage\"},\"thumbnailUrl\":\"https:\/\/galossan.com\/wp-content\/uploads\/2021\/11\/galosmatik-dispomax.jpg\",\"datePublished\":\"2021-11-04T14:06:37+00:00\",\"dateModified\":\"2025-12-15T13:24:31+00:00\",\"description\":\"Dispomax shoe cover machine works with a mechanical system. The products have the same quality and are available in 2 types: with handle and without handle.\",\"breadcrumb\":{\"@id\":\"https:\/\/galossan.com\/urun\/oto-topuktan-cekmeli-galosmatik-cihazi\/#breadcrumb\"},\"inLanguage\":\"en-US\",\"potentialAction\":[{\"@type\":\"ReadAction\",\"target\":[\"https:\/\/galossan.com\/urun\/oto-topuktan-cekmeli-galosmatik-cihazi\/\"]}]},{\"@type\":\"ImageObject\",\"inLanguage\":\"en-US\",\"@id\":\"https:\/\/galossan.com\/urun\/oto-topuktan-cekmeli-galosmatik-cihazi\/#primaryimage\",\"url\":\"https:\/\/galossan.com\/wp-content\/uploads\/2021\/11\/galosmatik-dispomax.jpg\",\"contentUrl\":\"https:\/\/galossan.com\/wp-content\/uploads\/2021\/11\/galosmatik-dispomax.jpg\",\"width\":988,\"height\":844},{\"@type\":\"BreadcrumbList\",\"@id\":\"https:\/\/galossan.com\/urun\/oto-topuktan-cekmeli-galosmatik-cihazi\/#breadcrumb\",\"itemListElement\":[{\"@type\":\"ListItem\",\"position\":1,\"name\":\"\u00dcr\u00fcnlerimiz\",\"item\":\"https:\/\/galossan.com\/urunlerimiz\/\"},{\"@type\":\"ListItem\",\"position\":2,\"name\":\"Dispomax Galo\u015f Makinesi\"}]},{\"@type\":\"WebSite\",\"@id\":\"https:\/\/galossan.com\/#website\",\"url\":\"https:\/\/galossan.com\/\",\"name\":\"Galo\u015f imalat\u0131, Galo\u015f \u00e7e\u015fitleri, galo\u015fmatik galo\u015fu lGalossan\",\"description\":\"\u00e7izme galo\u015fu, galo\u015f makinalar\u0131, galo\u015f fiyatlar\u0131, cerrahi maske, maske \u00fcretimi, veteriner eldiveni, tela bone, naylon kolluk\",\"publisher\":{\"@id\":\"https:\/\/galossan.com\/#organization\"},\"potentialAction\":[{\"@type\":\"SearchAction\",\"target\":{\"@type\":\"EntryPoint\",\"urlTemplate\":\"https:\/\/galossan.com\/?s={search_term_string}\"},\"query-input\":{\"@type\":\"PropertyValueSpecification\",\"valueRequired\":true,\"valueName\":\"search_term_string\"}}],\"inLanguage\":\"en-US\"},{\"@type\":\"Organization\",\"@id\":\"https:\/\/galossan.com\/#organization\",\"name\":\"Galo\u015f imalat\u0131, Galo\u015f \u00e7e\u015fitleri, galo\u015fmatik galo\u015fu lGalossan\",\"url\":\"https:\/\/galossan.com\/\",\"logo\":{\"@type\":\"ImageObject\",\"inLanguage\":\"en-US\",\"@id\":\"https:\/\/galossan.com\/#\/schema\/logo\/image\/\",\"url\":\"https:\/\/galossan.com\/wp-content\/uploads\/2021\/10\/logogg1333-1.jpg\",\"contentUrl\":\"https:\/\/galossan.com\/wp-content\/uploads\/2021\/10\/logogg1333-1.jpg\",\"width\":51,\"height\":44,\"caption\":\"Galo\u015f imalat\u0131, Galo\u015f \u00e7e\u015fitleri, galo\u015fmatik galo\u015fu lGalossan\"},\"image\":{\"@id\":\"https:\/\/galossan.com\/#\/schema\/logo\/image\/\"},\"sameAs\":[\"https:\/\/www.facebook.com\/galossan\",\"https:\/\/www.instagram.com\/galossancom\/\",\"https:\/\/www.youtube.com\/channel\/UCaN0htJtvpis2xu51BwOtvA\"]}]}<\/script>\n<!-- \/ Yoast SEO plugin. -->","yoast_head_json":{"title":"Dispomax Heel-Pull Shoe Cover Machine","description":"Dispomax shoe cover machine works with a mechanical system. The products have the same quality and are available in 2 types: with handle and without handle.","robots":{"index":"index","follow":"follow","max-snippet":"max-snippet:-1","max-image-preview":"max-image-preview:large","max-video-preview":"max-video-preview:-1"},"canonical":"https:\/\/galossan.com\/en\/urun\/oto-topuktan-cekmeli-galosmatik-cihazi\/","og_locale":"en_US","og_type":"article","og_title":"[:tr]Dispomax Galo\u015f Makinesi[:en]Dispomax Heel-Pull Shoe Cover Machine[:] - Galo\u015f imalat\u0131, Galo\u015f \u00e7e\u015fitleri, galo\u015fmatik galo\u015fu lGalossan","og_description":"[:tr]Galo\u015fmatik, galo\u015fmatik cihaz\u0131 ve galos makinesi \u00fcr\u00fcnleri en uygun fiyatlarla. 100'l\u00fc galo\u015fmatik galo\u015fu fiyatlar\u0131 ve topuktan \u00e7ekmeli modelleri hemen incele![:en]Dispomax shoe cover machine works with a mechanical system. The products have the same quality and are available in 2 types: with handle and without handle.[:]","og_url":"https:\/\/galossan.com\/en\/urun\/oto-topuktan-cekmeli-galosmatik-cihazi\/","og_site_name":"Galo\u015f imalat\u0131, Galo\u015f \u00e7e\u015fitleri, galo\u015fmatik galo\u015fu lGalossan","article_publisher":"https:\/\/www.facebook.com\/galossan","article_modified_time":"2025-12-15T13:24:31+00:00","og_image":[{"width":988,"height":844,"url":"https:\/\/galossan.com\/wp-content\/uploads\/2021\/11\/galosmatik-dispomax.jpg","type":"image\/jpeg"}],"twitter_card":"summary_large_image","twitter_misc":{"Est. reading time":"4 minutes"},"schema":{"@context":"https:\/\/schema.org","@graph":[{"@type":"WebPage","@id":"https:\/\/galossan.com\/urun\/oto-topuktan-cekmeli-galosmatik-cihazi\/","url":"https:\/\/galossan.com\/urun\/oto-topuktan-cekmeli-galosmatik-cihazi\/","name":"Dispomax Heel-Pull Shoe Cover Machine","isPartOf":{"@id":"https:\/\/galossan.com\/#website"},"primaryImageOfPage":{"@id":"https:\/\/galossan.com\/urun\/oto-topuktan-cekmeli-galosmatik-cihazi\/#primaryimage"},"image":{"@id":"https:\/\/galossan.com\/urun\/oto-topuktan-cekmeli-galosmatik-cihazi\/#primaryimage"},"thumbnailUrl":"https:\/\/galossan.com\/wp-content\/uploads\/2021\/11\/galosmatik-dispomax.jpg","datePublished":"2021-11-04T14:06:37+00:00","dateModified":"2025-12-15T13:24:31+00:00","description":"Dispomax shoe cover machine works with a mechanical system. The products have the same quality and are available in 2 types: with handle and without handle.","breadcrumb":{"@id":"https:\/\/galossan.com\/urun\/oto-topuktan-cekmeli-galosmatik-cihazi\/#breadcrumb"},"inLanguage":"en-US","potentialAction":[{"@type":"ReadAction","target":["https:\/\/galossan.com\/urun\/oto-topuktan-cekmeli-galosmatik-cihazi\/"]}]},{"@type":"ImageObject","inLanguage":"en-US","@id":"https:\/\/galossan.com\/urun\/oto-topuktan-cekmeli-galosmatik-cihazi\/#primaryimage","url":"https:\/\/galossan.com\/wp-content\/uploads\/2021\/11\/galosmatik-dispomax.jpg","contentUrl":"https:\/\/galossan.com\/wp-content\/uploads\/2021\/11\/galosmatik-dispomax.jpg","width":988,"height":844},{"@type":"BreadcrumbList","@id":"https:\/\/galossan.com\/urun\/oto-topuktan-cekmeli-galosmatik-cihazi\/#breadcrumb","itemListElement":[{"@type":"ListItem","position":1,"name":"\u00dcr\u00fcnlerimiz","item":"https:\/\/galossan.com\/urunlerimiz\/"},{"@type":"ListItem","position":2,"name":"Dispomax Galo\u015f Makinesi"}]},{"@type":"WebSite","@id":"https:\/\/galossan.com\/#website","url":"https:\/\/galossan.com\/","name":"Galo\u015f imalat\u0131, Galo\u015f \u00e7e\u015fitleri, galo\u015fmatik galo\u015fu lGalossan","description":"\u00e7izme galo\u015fu, galo\u015f makinalar\u0131, galo\u015f fiyatlar\u0131, cerrahi maske, maske \u00fcretimi, veteriner eldiveni, tela bone, naylon kolluk","publisher":{"@id":"https:\/\/galossan.com\/#organization"},"potentialAction":[{"@type":"SearchAction","target":{"@type":"EntryPoint","urlTemplate":"https:\/\/galossan.com\/?s={search_term_string}"},"query-input":{"@type":"PropertyValueSpecification","valueRequired":true,"valueName":"search_term_string"}}],"inLanguage":"en-US"},{"@type":"Organization","@id":"https:\/\/galossan.com\/#organization","name":"Galo\u015f imalat\u0131, Galo\u015f \u00e7e\u015fitleri, galo\u015fmatik galo\u015fu lGalossan","url":"https:\/\/galossan.com\/","logo":{"@type":"ImageObject","inLanguage":"en-US","@id":"https:\/\/galossan.com\/#\/schema\/logo\/image\/","url":"https:\/\/galossan.com\/wp-content\/uploads\/2021\/10\/logogg1333-1.jpg","contentUrl":"https:\/\/galossan.com\/wp-content\/uploads\/2021\/10\/logogg1333-1.jpg","width":51,"height":44,"caption":"Galo\u015f imalat\u0131, Galo\u015f \u00e7e\u015fitleri, galo\u015fmatik galo\u015fu lGalossan"},"image":{"@id":"https:\/\/galossan.com\/#\/schema\/logo\/image\/"},"sameAs":["https:\/\/www.facebook.com\/galossan","https:\/\/www.instagram.com\/galossancom\/","https:\/\/www.youtube.com\/channel\/UCaN0htJtvpis2xu51BwOtvA"]}]}},"_links":{"self":[{"href":"https:\/\/galossan.com\/en\/wp-json\/wp\/v2\/product\/2734","targetHints":{"allow":["GET"]}}],"collection":[{"href":"https:\/\/galossan.com\/en\/wp-json\/wp\/v2\/product"}],"about":[{"href":"https:\/\/galossan.com\/en\/wp-json\/wp\/v2\/types\/product"}],"wp:featuredmedia":[{"embeddable":true,"href":"https:\/\/galossan.com\/en\/wp-json\/wp\/v2\/media\/13654"}],"wp:attachment":[{"href":"https:\/\/galossan.com\/en\/wp-json\/wp\/v2\/media?parent=2734"}],"wp:term":[{"taxonomy":"product_brand","embeddable":true,"href":"https:\/\/galossan.com\/en\/wp-json\/wp\/v2\/product_brand?post=2734"},{"taxonomy":"product_cat","embeddable":true,"href":"https:\/\/galossan.com\/en\/wp-json\/wp\/v2\/product_cat?post=2734"},{"taxonomy":"product_tag","embeddable":true,"href":"https:\/\/galossan.com\/en\/wp-json\/wp\/v2\/product_tag?post=2734"}],"curies":[{"name":"wp","href":"https:\/\/api.w.org\/{rel}","templated":true}]}}