{"id":2728,"date":"2020-11-04T17:06:36","date_gmt":"2020-11-04T14:06:36","guid":{"rendered":"https:\/\/galossan.com\/product\/import-placeholder-for-6687\/"},"modified":"2025-08-13T14:50:54","modified_gmt":"2025-08-13T11:50:54","slug":"mor-galos-1000-adet","status":"publish","type":"product","link":"https:\/\/galossan.com\/en\/urun\/mor-galos-1000-adet\/","title":{"rendered":"Single Elastic Band Purple Shoe Cover"},"content":{"rendered":"","protected":false},"excerpt":{"rendered":"<table border=\"2\" width=\"576\">\n<tbody>\n<tr>\n<th scope=\"col\" width=\"106\" height=\"53\">\n<div class=\"style10\" align=\"center\">\n<div class=\"style11\" align=\"center\">Product<\/div>\n<\/div>\n<\/th>\n<th scope=\"col\" width=\"452\">\n<p class=\"style9\" align=\"center\">Single Elastic Band Purple Shoe Cover<\/p>\n<\/th>\n<\/tr>\n<tr>\n<th height=\"81\">\n<div class=\"style10\" align=\"center\">\n<div class=\"style11\" align=\"center\">Descriptions<\/div>\n<\/div>\n<\/th>\n<td>\n<ul>\n<li>1000 pieces per package<\/li>\n<li>Single elastic band<\/li>\n<li>Liquid proof<\/li>\n<li>Produced in automatic machines without being touched.<\/li>\n<li>Compressed vacuum packaging<\/li>\n<li>Suitable for all shoe sizes.<\/li>\n<li>Different color options are available.<\/li>\n<\/ul>\n<\/td>\n<\/tr>\n<\/tbody>\n<\/table>\n<table class=\"style3\" border=\"1\" width=\"576\">\n<tbody>\n<tr>\n<th scope=\"col\" width=\"180\">\n<p class=\"style12\" align=\"center\">Product Sizes<\/p>\n<p class=\"style12\" align=\"center\">15&#215;41 cm<\/p>\n<\/th>\n<th scope=\"col\" width=\"180\">\n<p class=\"style12\" align=\"center\">Package Weight<\/p>\n<p class=\"style12\" align=\"center\">800 gr<\/p>\n<\/th>\n<th scope=\"col\" width=\"180\">\n<p class=\"style12\" align=\"center\">Color<\/p>\n<p class=\"style12\" align=\"center\">Purple<\/p>\n<\/th>\n<\/tr>\n<\/tbody>\n<\/table>\n<table border=\"2\" width=\"576\">\n<tbody>\n<tr>\n<th scope=\"col\" width=\"106\" height=\"68\">Thickness<\/th>\n<td scope=\"col\" width=\"440\">\n<p class=\"style13\" align=\"left\">0.9 micron<\/p>\n<\/td>\n<\/tr>\n<tr>\n<th width=\"106\" height=\"65\">Metarial<\/th>\n<td>\n<p align=\"left\">It is made of polyethylene material.<\/p>\n<\/td>\n<\/tr>\n<\/tbody>\n<\/table>\n","protected":false},"featured_media":13524,"template":"","meta":[],"product_brand":[],"product_cat":[566,98,477],"product_tag":[350,126,187,186,137,349,130,300],"class_list":{"0":"post-2728","1":"product","2":"type-product","3":"status-publish","4":"has-post-thumbnail","6":"product_cat-renkli-galos","7":"product_cat-galos","8":"product_cat-naylon-galos","9":"product_tag-galos-cesitleri","10":"product_tag-galos","11":"product_tag-mor-galos-fiyatlari","12":"product_tag-mor-galos","13":"product_tag-pembe-galos","14":"product_tag-pp-galos","15":"product_tag-renkli-galos","16":"product_tag-toptan","17":"description-off","19":"first","20":"instock","21":"shipping-taxable","22":"product-type-external"},"yoast_head":"<!-- This site is optimized with the Yoast SEO plugin v26.9 - https:\/\/yoast.com\/product\/yoast-seo-wordpress\/ -->\n<title>Single Elastic Band Purple Shoe Cover<\/title>\n<meta name=\"robots\" content=\"index, follow, max-snippet:-1, max-image-preview:large, max-video-preview:-1\" \/>\n<link rel=\"canonical\" href=\"https:\/\/galossan.com\/en\/urun\/mor-galos-1000-adet\/\" \/>\n<meta property=\"og:locale\" content=\"en_US\" \/>\n<meta property=\"og:locale:alternate\" content=\"tr_TR\" \/>\n<meta property=\"og:type\" content=\"article\" \/>\n<meta property=\"og:title\" content=\"Single Elastic Band Purple Shoe Cover\" \/>\n<meta property=\"og:description\" content=\"Product   Single Elastic Band Purple Shoe Cover      Descriptions     1000 pieces per package  Single elastic band  Liquid proof  Produced in automatic machines without being touched.  Compressed vacuum packaging  Suitable for all shoe sizes.  Different color options are available.          Product Sizes 15x41 cm   Package Weight 800 gr   Color Purple        Thickness  0.9 micron    Metarial  It is made of polyethylene material.\" \/>\n<meta property=\"og:url\" content=\"https:\/\/galossan.com\/en\/urun\/mor-galos-1000-adet\/\" \/>\n<meta property=\"og:site_name\" content=\"Galo\u015f imalat\u0131, Galo\u015f \u00e7e\u015fitleri, galo\u015fmatik galo\u015fu lGalossan\" \/>\n<meta property=\"article:publisher\" content=\"https:\/\/www.facebook.com\/galossan\" \/>\n<meta property=\"article:modified_time\" content=\"2025-08-13T11:50:54+00:00\" \/>\n<meta property=\"og:image\" content=\"https:\/\/galossan.com\/wp-content\/uploads\/2020\/11\/mor-on-kapak.jpg\" \/>\n\t<meta property=\"og:image:width\" content=\"1100\" \/>\n\t<meta property=\"og:image:height\" content=\"900\" \/>\n\t<meta property=\"og:image:type\" content=\"image\/jpeg\" \/>\n<meta name=\"twitter:card\" content=\"summary_large_image\" \/>\n<meta name=\"twitter:label1\" content=\"Est. reading time\" \/>\n\t<meta name=\"twitter:data1\" content=\"1 minute\" \/>\n<script type=\"application\/ld+json\" class=\"yoast-schema-graph\">{\"@context\":\"https:\/\/schema.org\",\"@graph\":[{\"@type\":\"WebPage\",\"@id\":\"https:\/\/galossan.com\/urun\/mor-galos-1000-adet\/\",\"url\":\"https:\/\/galossan.com\/urun\/mor-galos-1000-adet\/\",\"name\":\"Single Elastic Band Purple Shoe Cover\",\"isPartOf\":{\"@id\":\"https:\/\/galossan.com\/#website\"},\"primaryImageOfPage\":{\"@id\":\"https:\/\/galossan.com\/urun\/mor-galos-1000-adet\/#primaryimage\"},\"image\":{\"@id\":\"https:\/\/galossan.com\/urun\/mor-galos-1000-adet\/#primaryimage\"},\"thumbnailUrl\":\"https:\/\/galossan.com\/wp-content\/uploads\/2020\/11\/mor-on-kapak.jpg\",\"datePublished\":\"2020-11-04T14:06:36+00:00\",\"dateModified\":\"2025-08-13T11:50:54+00:00\",\"breadcrumb\":{\"@id\":\"https:\/\/galossan.com\/urun\/mor-galos-1000-adet\/#breadcrumb\"},\"inLanguage\":\"en-US\",\"potentialAction\":[{\"@type\":\"ReadAction\",\"target\":[\"https:\/\/galossan.com\/urun\/mor-galos-1000-adet\/\"]}]},{\"@type\":\"ImageObject\",\"inLanguage\":\"en-US\",\"@id\":\"https:\/\/galossan.com\/urun\/mor-galos-1000-adet\/#primaryimage\",\"url\":\"https:\/\/galossan.com\/wp-content\/uploads\/2020\/11\/mor-on-kapak.jpg\",\"contentUrl\":\"https:\/\/galossan.com\/wp-content\/uploads\/2020\/11\/mor-on-kapak.jpg\",\"width\":1100,\"height\":900},{\"@type\":\"BreadcrumbList\",\"@id\":\"https:\/\/galossan.com\/urun\/mor-galos-1000-adet\/#breadcrumb\",\"itemListElement\":[{\"@type\":\"ListItem\",\"position\":1,\"name\":\"\u00dcr\u00fcnlerimiz\",\"item\":\"https:\/\/galossan.com\/urunlerimiz\/\"},{\"@type\":\"ListItem\",\"position\":2,\"name\":\"Mor Galo\u015f\"}]},{\"@type\":\"WebSite\",\"@id\":\"https:\/\/galossan.com\/#website\",\"url\":\"https:\/\/galossan.com\/\",\"name\":\"Galo\u015f imalat\u0131, Galo\u015f \u00e7e\u015fitleri, galo\u015fmatik galo\u015fu lGalossan\",\"description\":\"\u00e7izme galo\u015fu, galo\u015f makinalar\u0131, galo\u015f fiyatlar\u0131, cerrahi maske, maske \u00fcretimi, veteriner eldiveni, tela bone, naylon kolluk\",\"publisher\":{\"@id\":\"https:\/\/galossan.com\/#organization\"},\"potentialAction\":[{\"@type\":\"SearchAction\",\"target\":{\"@type\":\"EntryPoint\",\"urlTemplate\":\"https:\/\/galossan.com\/?s={search_term_string}\"},\"query-input\":{\"@type\":\"PropertyValueSpecification\",\"valueRequired\":true,\"valueName\":\"search_term_string\"}}],\"inLanguage\":\"en-US\"},{\"@type\":\"Organization\",\"@id\":\"https:\/\/galossan.com\/#organization\",\"name\":\"Galo\u015f imalat\u0131, Galo\u015f \u00e7e\u015fitleri, galo\u015fmatik galo\u015fu lGalossan\",\"url\":\"https:\/\/galossan.com\/\",\"logo\":{\"@type\":\"ImageObject\",\"inLanguage\":\"en-US\",\"@id\":\"https:\/\/galossan.com\/#\/schema\/logo\/image\/\",\"url\":\"https:\/\/galossan.com\/wp-content\/uploads\/2021\/10\/logogg1333-1.jpg\",\"contentUrl\":\"https:\/\/galossan.com\/wp-content\/uploads\/2021\/10\/logogg1333-1.jpg\",\"width\":51,\"height\":44,\"caption\":\"Galo\u015f imalat\u0131, Galo\u015f \u00e7e\u015fitleri, galo\u015fmatik galo\u015fu lGalossan\"},\"image\":{\"@id\":\"https:\/\/galossan.com\/#\/schema\/logo\/image\/\"},\"sameAs\":[\"https:\/\/www.facebook.com\/galossan\",\"https:\/\/www.instagram.com\/galossancom\/\",\"https:\/\/www.youtube.com\/channel\/UCaN0htJtvpis2xu51BwOtvA\"]}]}<\/script>\n<!-- \/ Yoast SEO plugin. -->","yoast_head_json":{"title":"Single Elastic Band Purple Shoe Cover","robots":{"index":"index","follow":"follow","max-snippet":"max-snippet:-1","max-image-preview":"max-image-preview:large","max-video-preview":"max-video-preview:-1"},"canonical":"https:\/\/galossan.com\/en\/urun\/mor-galos-1000-adet\/","og_locale":"en_US","og_type":"article","og_title":"[:tr]Mor Galo\u015f[:en]Single Elastic Band Purple Shoe Cover[:] - Galo\u015f imalat\u0131, Galo\u015f \u00e7e\u015fitleri, galo\u015fmatik galo\u015fu lGalossan","og_description":"Product   Single Elastic Band Purple Shoe Cover      Descriptions     1000 pieces per package  Single elastic band  Liquid proof  Produced in automatic machines without being touched.  Compressed vacuum packaging  Suitable for all shoe sizes.  Different color options are available.          Product Sizes 15x41 cm   Package Weight 800 gr   Color Purple        Thickness  0.9 micron    Metarial  It is made of polyethylene material.","og_url":"https:\/\/galossan.com\/en\/urun\/mor-galos-1000-adet\/","og_site_name":"Galo\u015f imalat\u0131, Galo\u015f \u00e7e\u015fitleri, galo\u015fmatik galo\u015fu lGalossan","article_publisher":"https:\/\/www.facebook.com\/galossan","article_modified_time":"2025-08-13T11:50:54+00:00","og_image":[{"width":1100,"height":900,"url":"https:\/\/galossan.com\/wp-content\/uploads\/2020\/11\/mor-on-kapak.jpg","type":"image\/jpeg"}],"twitter_card":"summary_large_image","twitter_misc":{"Est. reading time":"1 minute"},"schema":{"@context":"https:\/\/schema.org","@graph":[{"@type":"WebPage","@id":"https:\/\/galossan.com\/urun\/mor-galos-1000-adet\/","url":"https:\/\/galossan.com\/urun\/mor-galos-1000-adet\/","name":"Single Elastic Band Purple Shoe Cover","isPartOf":{"@id":"https:\/\/galossan.com\/#website"},"primaryImageOfPage":{"@id":"https:\/\/galossan.com\/urun\/mor-galos-1000-adet\/#primaryimage"},"image":{"@id":"https:\/\/galossan.com\/urun\/mor-galos-1000-adet\/#primaryimage"},"thumbnailUrl":"https:\/\/galossan.com\/wp-content\/uploads\/2020\/11\/mor-on-kapak.jpg","datePublished":"2020-11-04T14:06:36+00:00","dateModified":"2025-08-13T11:50:54+00:00","breadcrumb":{"@id":"https:\/\/galossan.com\/urun\/mor-galos-1000-adet\/#breadcrumb"},"inLanguage":"en-US","potentialAction":[{"@type":"ReadAction","target":["https:\/\/galossan.com\/urun\/mor-galos-1000-adet\/"]}]},{"@type":"ImageObject","inLanguage":"en-US","@id":"https:\/\/galossan.com\/urun\/mor-galos-1000-adet\/#primaryimage","url":"https:\/\/galossan.com\/wp-content\/uploads\/2020\/11\/mor-on-kapak.jpg","contentUrl":"https:\/\/galossan.com\/wp-content\/uploads\/2020\/11\/mor-on-kapak.jpg","width":1100,"height":900},{"@type":"BreadcrumbList","@id":"https:\/\/galossan.com\/urun\/mor-galos-1000-adet\/#breadcrumb","itemListElement":[{"@type":"ListItem","position":1,"name":"\u00dcr\u00fcnlerimiz","item":"https:\/\/galossan.com\/urunlerimiz\/"},{"@type":"ListItem","position":2,"name":"Mor Galo\u015f"}]},{"@type":"WebSite","@id":"https:\/\/galossan.com\/#website","url":"https:\/\/galossan.com\/","name":"Galo\u015f imalat\u0131, Galo\u015f \u00e7e\u015fitleri, galo\u015fmatik galo\u015fu lGalossan","description":"\u00e7izme galo\u015fu, galo\u015f makinalar\u0131, galo\u015f fiyatlar\u0131, cerrahi maske, maske \u00fcretimi, veteriner eldiveni, tela bone, naylon kolluk","publisher":{"@id":"https:\/\/galossan.com\/#organization"},"potentialAction":[{"@type":"SearchAction","target":{"@type":"EntryPoint","urlTemplate":"https:\/\/galossan.com\/?s={search_term_string}"},"query-input":{"@type":"PropertyValueSpecification","valueRequired":true,"valueName":"search_term_string"}}],"inLanguage":"en-US"},{"@type":"Organization","@id":"https:\/\/galossan.com\/#organization","name":"Galo\u015f imalat\u0131, Galo\u015f \u00e7e\u015fitleri, galo\u015fmatik galo\u015fu lGalossan","url":"https:\/\/galossan.com\/","logo":{"@type":"ImageObject","inLanguage":"en-US","@id":"https:\/\/galossan.com\/#\/schema\/logo\/image\/","url":"https:\/\/galossan.com\/wp-content\/uploads\/2021\/10\/logogg1333-1.jpg","contentUrl":"https:\/\/galossan.com\/wp-content\/uploads\/2021\/10\/logogg1333-1.jpg","width":51,"height":44,"caption":"Galo\u015f imalat\u0131, Galo\u015f \u00e7e\u015fitleri, galo\u015fmatik galo\u015fu lGalossan"},"image":{"@id":"https:\/\/galossan.com\/#\/schema\/logo\/image\/"},"sameAs":["https:\/\/www.facebook.com\/galossan","https:\/\/www.instagram.com\/galossancom\/","https:\/\/www.youtube.com\/channel\/UCaN0htJtvpis2xu51BwOtvA"]}]}},"_links":{"self":[{"href":"https:\/\/galossan.com\/en\/wp-json\/wp\/v2\/product\/2728","targetHints":{"allow":["GET"]}}],"collection":[{"href":"https:\/\/galossan.com\/en\/wp-json\/wp\/v2\/product"}],"about":[{"href":"https:\/\/galossan.com\/en\/wp-json\/wp\/v2\/types\/product"}],"wp:featuredmedia":[{"embeddable":true,"href":"https:\/\/galossan.com\/en\/wp-json\/wp\/v2\/media\/13524"}],"wp:attachment":[{"href":"https:\/\/galossan.com\/en\/wp-json\/wp\/v2\/media?parent=2728"}],"wp:term":[{"taxonomy":"product_brand","embeddable":true,"href":"https:\/\/galossan.com\/en\/wp-json\/wp\/v2\/product_brand?post=2728"},{"taxonomy":"product_cat","embeddable":true,"href":"https:\/\/galossan.com\/en\/wp-json\/wp\/v2\/product_cat?post=2728"},{"taxonomy":"product_tag","embeddable":true,"href":"https:\/\/galossan.com\/en\/wp-json\/wp\/v2\/product_tag?post=2728"}],"curies":[{"name":"wp","href":"https:\/\/api.w.org\/{rel}","templated":true}]}}