{"id":2720,"date":"2021-11-04T17:06:35","date_gmt":"2021-11-04T14:06:35","guid":{"rendered":"https:\/\/galossan.com\/product\/import-placeholder-for-6665\/"},"modified":"2025-08-19T14:52:16","modified_gmt":"2025-08-19T11:52:16","slug":"galotomat-galosu-106-adet","status":"publish","type":"product","link":"https:\/\/galossan.com\/en\/urun\/galotomat-galosu-106-adet\/","title":{"rendered":"Dispomax Heel-Pull Machine Shoe Cover 100 pcs"},"content":{"rendered":"<h1>What is Tela Heel-Pull Machine Shoe Cover?<\/h1>\n<p>Overshoe cover machine is a shoe cover fitting machine used in closed areas, especially in hospitals or other cleaning areas. And eventually the shoe covers for the use of these machines are called interlining shoe covers. The overshoes device usually works with a mechanical or automatic system and is used to direct the overshoes onto the shoes, making it very practical and hygienic to use.<\/p>\n<p>Overshoes are used to protect from dirt, dust and other components from temperatures. Overshoes devices enable this process to be used more quickly and effectively, allowing users to keep their overshoes on their shoes without dirtying their hands.<\/p>\n<h2>Purpose and type of use<\/h2>\n<p>A shoe cover dispenser is a device that dispenses and distributes shoe covers in an orderly manner. This device is often found in hospitals, laboratories, cleaning areas and other places where hygienic conditions are important. Its selection allows users to put on overshoes easily and hygienically. Depending on the internal options of the machines, shoe covers may be of different types. However, there is only one type of cartridge for the Dispomax shoe shoe machine. The products are produced from two types of materials: nylon and wire.<\/p>\n<p><img loading=\"lazy\" decoding=\"async\" class=\"alignnone wp-image-15119 size-medium\" src=\"https:\/\/galossan.com\/wp-content\/uploads\/2023\/04\/tela-galosmatik-galosu-300x225.jpg\" alt=\"\" width=\"300\" height=\"225\" srcset=\"https:\/\/galossan.com\/wp-content\/uploads\/2023\/04\/tela-galosmatik-galosu-300x225.jpg 300w, https:\/\/galossan.com\/wp-content\/uploads\/2023\/04\/tela-galosmatik-galosu-1024x768.jpg 1024w, https:\/\/galossan.com\/wp-content\/uploads\/2023\/04\/tela-galosmatik-galosu-768x576.jpg 768w, https:\/\/galossan.com\/wp-content\/uploads\/2023\/04\/tela-galosmatik-galosu-1536x1152.jpg 1536w, https:\/\/galossan.com\/wp-content\/uploads\/2023\/04\/tela-galosmatik-galosu-1064x798.jpg 1064w, https:\/\/galossan.com\/wp-content\/uploads\/2023\/04\/tela-galosmatik-galosu.jpg 1600w\" sizes=\"auto, (max-width: 300px) 100vw, 300px\" \/><\/p>\n<p>&nbsp;<\/p>\n<ul>\n<li>90 pcs interlining overshoes have a 20 gr thick, breathable fabric structure and are 48 cm long.<\/li>\n<li><img loading=\"lazy\" decoding=\"async\" class=\"alignnone wp-image-2761 size-medium\" src=\"https:\/\/galossan.com\/wp-content\/uploads\/2020\/11\/106-li-galosmatik-galosu-300x256.jpg\" alt=\"\" width=\"300\" height=\"256\" srcset=\"https:\/\/galossan.com\/wp-content\/uploads\/2020\/11\/106-li-galosmatik-galosu-300x256.jpg 300w, https:\/\/galossan.com\/wp-content\/uploads\/2020\/11\/106-li-galosmatik-galosu-768x656.jpg 768w, https:\/\/galossan.com\/wp-content\/uploads\/2020\/11\/106-li-galosmatik-galosu.jpg 988w\" sizes=\"auto, (max-width: 300px) 100vw, 300px\" \/><\/li>\n<li>The 100-pack nylon overshoes have a thickness of 40 microns and a length of 48 cm.<\/li>\n<\/ul>\n<p>The above products have different meters and are diversified according to industrial ground and usage area. It is compatible with Dispomax shoe machine and is also available in all machines. Each machine has different internal ratios. For this reason, shoe cartridges are arranged according to the machine. Before purchasing the products, it is checked whether they are compatible with your machine.<\/p>\n<h2>Interlining shoe covers usage instructions<\/h2>\n<ol>\n<li>Hold the overshoe cartridge with both hands and slide the orange bars down from the rails on both sides so that the arrow on the cartridge remains down.<\/li>\n<li>Slide the shoe cover clips straight down the rails.<\/li>\n<li>Make sure all clips are inside the rails. Press on the lock position.<\/li>\n<li>Untie and remove the orange strings that prevent the overshoes from falling apart.<\/li>\n<li>Remove your product carton.<\/li>\n<li>Remove the shoe covers by holding them with one hand and pulling the plastic ring locks upwards with the other hand.<\/li>\n<li>Lay your machine down. Take the first shoe cover out from under the metal plate.<\/li>\n<li>Pull the shoe covers along the rail.<\/li>\n<li>Your overshoes are ready for use.<\/li>\n<\/ol>\n<p><strong>Important information:<\/strong> Overshoes should not be opened without following the instructions. Otherwise, the shoe covers will fall apart and cannot be reused.<\/p>\n<p>&nbsp;<\/p>\n<p>&nbsp;<\/p>\n","protected":false},"excerpt":{"rendered":"<p><strong>\u00a0<\/strong><\/p>\n<table width=\"576\">\n<tbody>\n<tr>\n<td width=\"106\"><strong>Product<\/strong><\/td>\n<td width=\"452\">\u00a0Heel-Pull Machine Shoe Cover 100 pcs<\/td>\n<\/tr>\n<tr>\n<td><strong>Remark<\/strong><\/td>\n<td>\n<ul>\n<li>DOMESTIC PRODUCTION (MANUFACTURED BY GALOSSAN)<\/li>\n<li>Sold as 100 cartridges.<\/li>\n<li>3 times thicker than other machine shoe covers.<\/li>\n<li>Liquid proof, tear-proof<\/li>\n<li>Suitable for all shoe sizes.<\/li>\n<\/ul>\n<\/td>\n<\/tr>\n<\/tbody>\n<\/table>\n<table width=\"576\">\n<tbody>\n<tr>\n<td width=\"180\"><strong>Product Sizes<\/strong><\/p>\n<p><strong>48&#215;16 cm<\/strong><\/td>\n<td width=\"180\"><strong>PackageWeight<\/strong><\/p>\n<p><strong>450 gr<\/strong><\/td>\n<td width=\"180\"><strong>Color<\/strong><\/p>\n<p><strong>Blue<\/strong><\/td>\n<\/tr>\n<\/tbody>\n<\/table>\n<table width=\"576\">\n<tbody>\n<tr>\n<td width=\"106\"><strong>Thickness<\/strong><\/td>\n<td width=\"440\">40 micron<\/td>\n<\/tr>\n<tr>\n<td width=\"106\"><strong>Material<\/strong><\/td>\n<td>It is made of polyethylene material.<\/td>\n<\/tr>\n<\/tbody>\n<\/table>\n<p><iframe loading=\"lazy\" title=\"YouTube video player\" src=\"https:\/\/www.youtube.com\/embed\/i-Y-xrNCo3I\" width=\"560\" height=\"315\" frameborder=\"0\" allowfullscreen=\"allowfullscreen\"><\/iframe><\/p>\n","protected":false},"featured_media":2761,"template":"","meta":[],"product_brand":[],"product_cat":[480,482],"product_tag":[576,571,573,341,151,539,157,193],"class_list":{"0":"post-2720","1":"product","2":"type-product","3":"status-publish","4":"has-post-thumbnail","6":"product_cat-galos-makinesi-ve-galosu","7":"product_cat-galosmatik-galosu","8":"product_tag-100-lu-galosmatik-galosu","9":"product_tag-galos-matik","10":"product_tag-galosmatik-fiyat","11":"product_tag-galosmatik-galosu-fiyatlari","12":"product_tag-galosmatik-galosu","13":"product_tag-galosmatik-icin-galos","14":"product_tag-galosmatik","15":"product_tag-topuktan-cekmeli-galosmatik","16":"description-off","18":"first","19":"instock","20":"shipping-taxable","21":"product-type-external"},"yoast_head":"<!-- This site is optimized with the Yoast SEO plugin v26.9 - https:\/\/yoast.com\/product\/yoast-seo-wordpress\/ -->\n<title>Dispomax Heel-Pull Machine Shoe Cover 100 pcs<\/title>\n<meta name=\"description\" content=\"Galo\u015fmatik ve topuktan \u00e7ekmeli galo\u015fmatik \u00e7e\u015fitleri ile hijyenik \u00e7\u00f6z\u00fcmler. En uygun galo\u015fmatik fiyat ve galo\u015fmatik galo\u015fu fiyatlar\u0131 burada!\" \/>\n<meta name=\"robots\" content=\"index, follow, max-snippet:-1, max-image-preview:large, max-video-preview:-1\" \/>\n<link rel=\"canonical\" href=\"https:\/\/galossan.com\/en\/urun\/galotomat-galosu-106-adet\/\" \/>\n<meta property=\"og:locale\" content=\"en_US\" \/>\n<meta property=\"og:locale:alternate\" content=\"tr_TR\" \/>\n<meta property=\"og:type\" content=\"article\" \/>\n<meta property=\"og:title\" content=\"Dispomax Heel-Pull Machine Shoe Cover 100 pcs\" \/>\n<meta property=\"og:description\" content=\"Galo\u015fmatik ve topuktan \u00e7ekmeli galo\u015fmatik \u00e7e\u015fitleri ile hijyenik \u00e7\u00f6z\u00fcmler. En uygun galo\u015fmatik fiyat ve galo\u015fmatik galo\u015fu fiyatlar\u0131 burada!\" \/>\n<meta property=\"og:url\" content=\"https:\/\/galossan.com\/en\/urun\/galotomat-galosu-106-adet\/\" \/>\n<meta property=\"og:site_name\" content=\"Galo\u015f imalat\u0131, Galo\u015f \u00e7e\u015fitleri, galo\u015fmatik galo\u015fu lGalossan\" \/>\n<meta property=\"article:publisher\" content=\"https:\/\/www.facebook.com\/galossan\" \/>\n<meta property=\"article:modified_time\" content=\"2025-08-19T11:52:16+00:00\" \/>\n<meta property=\"og:image\" content=\"https:\/\/galossan.com\/wp-content\/uploads\/2020\/11\/106-li-galosmatik-galosu.jpg\" \/>\n\t<meta property=\"og:image:width\" content=\"988\" \/>\n\t<meta property=\"og:image:height\" content=\"844\" \/>\n\t<meta property=\"og:image:type\" content=\"image\/jpeg\" \/>\n<meta name=\"twitter:card\" content=\"summary_large_image\" \/>\n<meta name=\"twitter:label1\" content=\"Est. reading time\" \/>\n\t<meta name=\"twitter:data1\" content=\"3 minutes\" \/>\n<script type=\"application\/ld+json\" class=\"yoast-schema-graph\">{\"@context\":\"https:\/\/schema.org\",\"@graph\":[{\"@type\":\"WebPage\",\"@id\":\"https:\/\/galossan.com\/urun\/galotomat-galosu-106-adet\/\",\"url\":\"https:\/\/galossan.com\/urun\/galotomat-galosu-106-adet\/\",\"name\":\"Dispomax Heel-Pull Machine Shoe Cover 100 pcs\",\"isPartOf\":{\"@id\":\"https:\/\/galossan.com\/#website\"},\"primaryImageOfPage\":{\"@id\":\"https:\/\/galossan.com\/urun\/galotomat-galosu-106-adet\/#primaryimage\"},\"image\":{\"@id\":\"https:\/\/galossan.com\/urun\/galotomat-galosu-106-adet\/#primaryimage\"},\"thumbnailUrl\":\"https:\/\/galossan.com\/wp-content\/uploads\/2020\/11\/106-li-galosmatik-galosu.jpg\",\"datePublished\":\"2021-11-04T14:06:35+00:00\",\"dateModified\":\"2025-08-19T11:52:16+00:00\",\"description\":\"Galo\u015fmatik ve topuktan \u00e7ekmeli galo\u015fmatik \u00e7e\u015fitleri ile hijyenik \u00e7\u00f6z\u00fcmler. En uygun galo\u015fmatik fiyat ve galo\u015fmatik galo\u015fu fiyatlar\u0131 burada!\",\"breadcrumb\":{\"@id\":\"https:\/\/galossan.com\/urun\/galotomat-galosu-106-adet\/#breadcrumb\"},\"inLanguage\":\"en-US\",\"potentialAction\":[{\"@type\":\"ReadAction\",\"target\":[\"https:\/\/galossan.com\/urun\/galotomat-galosu-106-adet\/\"]}]},{\"@type\":\"ImageObject\",\"inLanguage\":\"en-US\",\"@id\":\"https:\/\/galossan.com\/urun\/galotomat-galosu-106-adet\/#primaryimage\",\"url\":\"https:\/\/galossan.com\/wp-content\/uploads\/2020\/11\/106-li-galosmatik-galosu.jpg\",\"contentUrl\":\"https:\/\/galossan.com\/wp-content\/uploads\/2020\/11\/106-li-galosmatik-galosu.jpg\",\"width\":988,\"height\":844},{\"@type\":\"BreadcrumbList\",\"@id\":\"https:\/\/galossan.com\/urun\/galotomat-galosu-106-adet\/#breadcrumb\",\"itemListElement\":[{\"@type\":\"ListItem\",\"position\":1,\"name\":\"\u00dcr\u00fcnlerimiz\",\"item\":\"https:\/\/galossan.com\/urunlerimiz\/\"},{\"@type\":\"ListItem\",\"position\":2,\"name\":\"Dispomax Galo\u015fmatik Galo\u015fu 100 Adet\"}]},{\"@type\":\"WebSite\",\"@id\":\"https:\/\/galossan.com\/#website\",\"url\":\"https:\/\/galossan.com\/\",\"name\":\"Galo\u015f imalat\u0131, Galo\u015f \u00e7e\u015fitleri, galo\u015fmatik galo\u015fu lGalossan\",\"description\":\"\u00e7izme galo\u015fu, galo\u015f makinalar\u0131, galo\u015f fiyatlar\u0131, cerrahi maske, maske \u00fcretimi, veteriner eldiveni, tela bone, naylon kolluk\",\"publisher\":{\"@id\":\"https:\/\/galossan.com\/#organization\"},\"potentialAction\":[{\"@type\":\"SearchAction\",\"target\":{\"@type\":\"EntryPoint\",\"urlTemplate\":\"https:\/\/galossan.com\/?s={search_term_string}\"},\"query-input\":{\"@type\":\"PropertyValueSpecification\",\"valueRequired\":true,\"valueName\":\"search_term_string\"}}],\"inLanguage\":\"en-US\"},{\"@type\":\"Organization\",\"@id\":\"https:\/\/galossan.com\/#organization\",\"name\":\"Galo\u015f imalat\u0131, Galo\u015f \u00e7e\u015fitleri, galo\u015fmatik galo\u015fu lGalossan\",\"url\":\"https:\/\/galossan.com\/\",\"logo\":{\"@type\":\"ImageObject\",\"inLanguage\":\"en-US\",\"@id\":\"https:\/\/galossan.com\/#\/schema\/logo\/image\/\",\"url\":\"https:\/\/galossan.com\/wp-content\/uploads\/2021\/10\/logogg1333-1.jpg\",\"contentUrl\":\"https:\/\/galossan.com\/wp-content\/uploads\/2021\/10\/logogg1333-1.jpg\",\"width\":51,\"height\":44,\"caption\":\"Galo\u015f imalat\u0131, Galo\u015f \u00e7e\u015fitleri, galo\u015fmatik galo\u015fu lGalossan\"},\"image\":{\"@id\":\"https:\/\/galossan.com\/#\/schema\/logo\/image\/\"},\"sameAs\":[\"https:\/\/www.facebook.com\/galossan\",\"https:\/\/www.instagram.com\/galossancom\/\",\"https:\/\/www.youtube.com\/channel\/UCaN0htJtvpis2xu51BwOtvA\"]}]}<\/script>\n<!-- \/ Yoast SEO plugin. -->","yoast_head_json":{"title":"Dispomax Heel-Pull Machine Shoe Cover 100 pcs","description":"Galo\u015fmatik ve topuktan \u00e7ekmeli galo\u015fmatik \u00e7e\u015fitleri ile hijyenik \u00e7\u00f6z\u00fcmler. En uygun galo\u015fmatik fiyat ve galo\u015fmatik galo\u015fu fiyatlar\u0131 burada!","robots":{"index":"index","follow":"follow","max-snippet":"max-snippet:-1","max-image-preview":"max-image-preview:large","max-video-preview":"max-video-preview:-1"},"canonical":"https:\/\/galossan.com\/en\/urun\/galotomat-galosu-106-adet\/","og_locale":"en_US","og_type":"article","og_title":"[:tr]Dispomax Galo\u015fmatik Galo\u015fu 100 Adet[:en]Dispomax Heel-Pull Machine Shoe Cover 100 pcs[:] - Galo\u015f imalat\u0131, Galo\u015f \u00e7e\u015fitleri, galo\u015fmatik galo\u015fu lGalossan","og_description":"[:tr]Galo\u015fmatik ve topuktan \u00e7ekmeli galo\u015fmatik \u00e7e\u015fitleri ile hijyenik \u00e7\u00f6z\u00fcmler. En uygun galo\u015fmatik fiyat ve galo\u015fmatik galo\u015fu fiyatlar\u0131 burada![:]","og_url":"https:\/\/galossan.com\/en\/urun\/galotomat-galosu-106-adet\/","og_site_name":"Galo\u015f imalat\u0131, Galo\u015f \u00e7e\u015fitleri, galo\u015fmatik galo\u015fu lGalossan","article_publisher":"https:\/\/www.facebook.com\/galossan","article_modified_time":"2025-08-19T11:52:16+00:00","og_image":[{"width":988,"height":844,"url":"https:\/\/galossan.com\/wp-content\/uploads\/2020\/11\/106-li-galosmatik-galosu.jpg","type":"image\/jpeg"}],"twitter_card":"summary_large_image","twitter_misc":{"Est. reading time":"3 minutes"},"schema":{"@context":"https:\/\/schema.org","@graph":[{"@type":"WebPage","@id":"https:\/\/galossan.com\/urun\/galotomat-galosu-106-adet\/","url":"https:\/\/galossan.com\/urun\/galotomat-galosu-106-adet\/","name":"Dispomax Heel-Pull Machine Shoe Cover 100 pcs","isPartOf":{"@id":"https:\/\/galossan.com\/#website"},"primaryImageOfPage":{"@id":"https:\/\/galossan.com\/urun\/galotomat-galosu-106-adet\/#primaryimage"},"image":{"@id":"https:\/\/galossan.com\/urun\/galotomat-galosu-106-adet\/#primaryimage"},"thumbnailUrl":"https:\/\/galossan.com\/wp-content\/uploads\/2020\/11\/106-li-galosmatik-galosu.jpg","datePublished":"2021-11-04T14:06:35+00:00","dateModified":"2025-08-19T11:52:16+00:00","description":"Galo\u015fmatik ve topuktan \u00e7ekmeli galo\u015fmatik \u00e7e\u015fitleri ile hijyenik \u00e7\u00f6z\u00fcmler. En uygun galo\u015fmatik fiyat ve galo\u015fmatik galo\u015fu fiyatlar\u0131 burada!","breadcrumb":{"@id":"https:\/\/galossan.com\/urun\/galotomat-galosu-106-adet\/#breadcrumb"},"inLanguage":"en-US","potentialAction":[{"@type":"ReadAction","target":["https:\/\/galossan.com\/urun\/galotomat-galosu-106-adet\/"]}]},{"@type":"ImageObject","inLanguage":"en-US","@id":"https:\/\/galossan.com\/urun\/galotomat-galosu-106-adet\/#primaryimage","url":"https:\/\/galossan.com\/wp-content\/uploads\/2020\/11\/106-li-galosmatik-galosu.jpg","contentUrl":"https:\/\/galossan.com\/wp-content\/uploads\/2020\/11\/106-li-galosmatik-galosu.jpg","width":988,"height":844},{"@type":"BreadcrumbList","@id":"https:\/\/galossan.com\/urun\/galotomat-galosu-106-adet\/#breadcrumb","itemListElement":[{"@type":"ListItem","position":1,"name":"\u00dcr\u00fcnlerimiz","item":"https:\/\/galossan.com\/urunlerimiz\/"},{"@type":"ListItem","position":2,"name":"Dispomax Galo\u015fmatik Galo\u015fu 100 Adet"}]},{"@type":"WebSite","@id":"https:\/\/galossan.com\/#website","url":"https:\/\/galossan.com\/","name":"Galo\u015f imalat\u0131, Galo\u015f \u00e7e\u015fitleri, galo\u015fmatik galo\u015fu lGalossan","description":"\u00e7izme galo\u015fu, galo\u015f makinalar\u0131, galo\u015f fiyatlar\u0131, cerrahi maske, maske \u00fcretimi, veteriner eldiveni, tela bone, naylon kolluk","publisher":{"@id":"https:\/\/galossan.com\/#organization"},"potentialAction":[{"@type":"SearchAction","target":{"@type":"EntryPoint","urlTemplate":"https:\/\/galossan.com\/?s={search_term_string}"},"query-input":{"@type":"PropertyValueSpecification","valueRequired":true,"valueName":"search_term_string"}}],"inLanguage":"en-US"},{"@type":"Organization","@id":"https:\/\/galossan.com\/#organization","name":"Galo\u015f imalat\u0131, Galo\u015f \u00e7e\u015fitleri, galo\u015fmatik galo\u015fu lGalossan","url":"https:\/\/galossan.com\/","logo":{"@type":"ImageObject","inLanguage":"en-US","@id":"https:\/\/galossan.com\/#\/schema\/logo\/image\/","url":"https:\/\/galossan.com\/wp-content\/uploads\/2021\/10\/logogg1333-1.jpg","contentUrl":"https:\/\/galossan.com\/wp-content\/uploads\/2021\/10\/logogg1333-1.jpg","width":51,"height":44,"caption":"Galo\u015f imalat\u0131, Galo\u015f \u00e7e\u015fitleri, galo\u015fmatik galo\u015fu lGalossan"},"image":{"@id":"https:\/\/galossan.com\/#\/schema\/logo\/image\/"},"sameAs":["https:\/\/www.facebook.com\/galossan","https:\/\/www.instagram.com\/galossancom\/","https:\/\/www.youtube.com\/channel\/UCaN0htJtvpis2xu51BwOtvA"]}]}},"_links":{"self":[{"href":"https:\/\/galossan.com\/en\/wp-json\/wp\/v2\/product\/2720","targetHints":{"allow":["GET"]}}],"collection":[{"href":"https:\/\/galossan.com\/en\/wp-json\/wp\/v2\/product"}],"about":[{"href":"https:\/\/galossan.com\/en\/wp-json\/wp\/v2\/types\/product"}],"wp:featuredmedia":[{"embeddable":true,"href":"https:\/\/galossan.com\/en\/wp-json\/wp\/v2\/media\/2761"}],"wp:attachment":[{"href":"https:\/\/galossan.com\/en\/wp-json\/wp\/v2\/media?parent=2720"}],"wp:term":[{"taxonomy":"product_brand","embeddable":true,"href":"https:\/\/galossan.com\/en\/wp-json\/wp\/v2\/product_brand?post=2720"},{"taxonomy":"product_cat","embeddable":true,"href":"https:\/\/galossan.com\/en\/wp-json\/wp\/v2\/product_cat?post=2720"},{"taxonomy":"product_tag","embeddable":true,"href":"https:\/\/galossan.com\/en\/wp-json\/wp\/v2\/product_tag?post=2720"}],"curies":[{"name":"wp","href":"https:\/\/api.w.org\/{rel}","templated":true}]}}