{"id":2710,"date":"2020-11-04T17:06:31","date_gmt":"2020-11-04T14:06:31","guid":{"rendered":"https:\/\/galossan.com\/product\/import-placeholder-for-6630\/"},"modified":"2025-08-18T17:00:23","modified_gmt":"2025-08-18T14:00:23","slug":"tek-kullanimlik-lamineli-tulum-1-adet-55-gr-kaliteli-kalin-kumas","status":"publish","type":"product","link":"https:\/\/galossan.com\/en\/urun\/tek-kullanimlik-lamineli-tulum-1-adet-55-gr-kaliteli-kalin-kumas\/","title":{"rendered":"Disposable Laminated Overalls 1 Piece 55 gr Quality Thick Fabric"},"content":{"rendered":"","protected":false},"excerpt":{"rendered":"<table border=\"1\" cellspacing=\"0\" cellpadding=\"0\">\n<tbody>\n<tr>\n<td width=\"106\">\n<p align=\"center\"><b>Product<\/b><\/p>\n<\/td>\n<td width=\"452\">\n<p align=\"center\">Protective Laminated Overalls 1 Piece<\/p>\n<\/td>\n<\/tr>\n<tr>\n<td>\n<p align=\"center\"><b>Descriptions<\/b><\/p>\n<\/td>\n<td>\n<ul>\n<li>It is sewn with high-quality light and easy to wear laminated non-woven fabric.<\/li>\n<li>Made of soft, durable, breathable, and water-resistant fabric.<\/li>\n<li>To increase protection against less dangerous chemicals and dusts, two layers of laminated fabric around, hooded and covered zippers are used.<\/li>\n<li>Flexible head for easy placement on face mask.<\/li>\n<li>Elasticated ankle and foot sewings to limit entry and exit and protection against liquid.<\/li>\n<li>Elasticated waist for maximum comfort and protection.<\/li>\n<li>Border stitching technology to maximize protection, minimize feathering, and wire shedding.<\/li>\n<\/ul>\n<\/td>\n<\/tr>\n<\/tbody>\n<\/table>\n<table border=\"1\" cellspacing=\"0\" cellpadding=\"0\">\n<tbody>\n<tr>\n<td width=\"180\">\n<p align=\"center\"><b>Product Size<\/b><\/p>\n<table border=\"1\" cellpadding=\"0\">\n<tbody>\n<tr>\n<td width=\"201\">\n<p align=\"center\"><strong>Body Length<\/strong><\/p>\n<p align=\"center\">180-188 cm<\/p>\n<\/td>\n<\/tr>\n<\/tbody>\n<\/table>\n<\/td>\n<td width=\"180\">\n<p align=\"center\"><b>Package Weight<\/b><\/p>\n<p align=\"center\">\n<\/td>\n<td width=\"180\">\n<p align=\"center\"><b>Color<\/b><\/p>\n<p align=\"center\"><b>White<\/b><\/p>\n<\/td>\n<\/tr>\n<\/tbody>\n<\/table>\n<table border=\"1\" cellspacing=\"0\" cellpadding=\"0\">\n<tbody>\n<tr>\n<td width=\"106\"><strong>Thickness<\/strong><\/td>\n<td width=\"440\">55 g non-woven fabric<\/td>\n<\/tr>\n<tr>\n<td width=\"106\"><b>Metarial<\/b><\/td>\n<td>It is made of non-woven material with <strong>L amine<\/strong>.<\/td>\n<\/tr>\n<\/tbody>\n<\/table>\n<p>&nbsp;<\/p>\n","protected":false},"featured_media":2742,"template":"","meta":[],"product_brand":[],"product_cat":[100,484],"product_tag":[114,115,116,117,118,119,120,121,122],"class_list":{"0":"post-2710","1":"product","2":"type-product","3":"status-publish","4":"has-post-thumbnail","6":"product_cat-tek-kullanimlik-urunler","7":"product_cat-tek-kullanimlik-tulum","8":"product_tag-55-gr-tulum","9":"product_tag-beyaz-tulum","10":"product_tag-koruyucu-tulum","11":"product_tag-kullan-at-tulum","12":"product_tag-lamineli-tulum","13":"product_tag-medikal-tulum","14":"product_tag-tek-kullanimlik-tulum","15":"product_tag-toptan-tulum","16":"product_tag-tulum","17":"description-off","19":"first","20":"instock","21":"shipping-taxable","22":"product-type-external"},"yoast_head":"<!-- This site is optimized with the Yoast SEO plugin v26.9 - https:\/\/yoast.com\/product\/yoast-seo-wordpress\/ -->\n<title>Disposable Laminated Overalls 1 Piece 55 gr Quality Thick Fabric<\/title>\n<meta name=\"robots\" content=\"index, follow, max-snippet:-1, max-image-preview:large, max-video-preview:-1\" \/>\n<link rel=\"canonical\" href=\"https:\/\/galossan.com\/en\/urun\/tek-kullanimlik-lamineli-tulum-1-adet-55-gr-kaliteli-kalin-kumas\/\" \/>\n<meta property=\"og:locale\" content=\"en_US\" \/>\n<meta property=\"og:locale:alternate\" content=\"tr_TR\" \/>\n<meta property=\"og:type\" content=\"article\" \/>\n<meta property=\"og:title\" content=\"Disposable Laminated Overalls 1 Piece 55 gr Quality Thick Fabric\" \/>\n<meta property=\"og:description\" content=\"Product   Protective Laminated Overalls 1 Piece     Descriptions     It is sewn with high-quality light and easy to wear laminated non-woven fabric.  Made of soft, durable, breathable, and water-resistant fabric.  To increase protection against less dangerous chemicals and dusts, two layers of laminated fabric around, hooded and covered zippers are used.  Flexible head for easy placement on face mask.  Elasticated ankle and foot sewings to limit entry and exit and protection against liquid.  Elasticated waist for maximum comfort and protection.  Border stitching technology to maximize protection, minimize feathering, and wire shedding.          Product Size      Body Length 180-188 cm       Package Weight    Color White        Thickness 55 g non-woven fabric   Metarial It is made of non-woven material with L amine.    &nbsp;\" \/>\n<meta property=\"og:url\" content=\"https:\/\/galossan.com\/en\/urun\/tek-kullanimlik-lamineli-tulum-1-adet-55-gr-kaliteli-kalin-kumas\/\" \/>\n<meta property=\"og:site_name\" content=\"Galo\u015f imalat\u0131, Galo\u015f \u00e7e\u015fitleri, galo\u015fmatik galo\u015fu lGalossan\" \/>\n<meta property=\"article:publisher\" content=\"https:\/\/www.facebook.com\/galossan\" \/>\n<meta property=\"article:modified_time\" content=\"2025-08-18T14:00:23+00:00\" \/>\n<meta property=\"og:image\" content=\"https:\/\/galossan.com\/wp-content\/uploads\/2020\/11\/tek-kullanimlik-tulum.jpg\" \/>\n\t<meta property=\"og:image:width\" content=\"360\" \/>\n\t<meta property=\"og:image:height\" content=\"330\" \/>\n\t<meta property=\"og:image:type\" content=\"image\/jpeg\" \/>\n<meta name=\"twitter:card\" content=\"summary_large_image\" \/>\n<meta name=\"twitter:label1\" content=\"Est. reading time\" \/>\n\t<meta name=\"twitter:data1\" content=\"1 minute\" \/>\n<script type=\"application\/ld+json\" class=\"yoast-schema-graph\">{\"@context\":\"https:\/\/schema.org\",\"@graph\":[{\"@type\":\"WebPage\",\"@id\":\"https:\/\/galossan.com\/en\/urun\/tek-kullanimlik-lamineli-tulum-1-adet-55-gr-kaliteli-kalin-kumas\/\",\"url\":\"https:\/\/galossan.com\/en\/urun\/tek-kullanimlik-lamineli-tulum-1-adet-55-gr-kaliteli-kalin-kumas\/\",\"name\":\"Disposable Laminated Overalls 1 Piece 55 gr Quality Thick Fabric\",\"isPartOf\":{\"@id\":\"https:\/\/galossan.com\/#website\"},\"primaryImageOfPage\":{\"@id\":\"https:\/\/galossan.com\/en\/urun\/tek-kullanimlik-lamineli-tulum-1-adet-55-gr-kaliteli-kalin-kumas\/#primaryimage\"},\"image\":{\"@id\":\"https:\/\/galossan.com\/en\/urun\/tek-kullanimlik-lamineli-tulum-1-adet-55-gr-kaliteli-kalin-kumas\/#primaryimage\"},\"thumbnailUrl\":\"https:\/\/galossan.com\/wp-content\/uploads\/2020\/11\/tek-kullanimlik-tulum.jpg\",\"datePublished\":\"2020-11-04T14:06:31+00:00\",\"dateModified\":\"2025-08-18T14:00:23+00:00\",\"breadcrumb\":{\"@id\":\"https:\/\/galossan.com\/en\/urun\/tek-kullanimlik-lamineli-tulum-1-adet-55-gr-kaliteli-kalin-kumas\/#breadcrumb\"},\"inLanguage\":\"en-US\",\"potentialAction\":[{\"@type\":\"ReadAction\",\"target\":[\"https:\/\/galossan.com\/en\/urun\/tek-kullanimlik-lamineli-tulum-1-adet-55-gr-kaliteli-kalin-kumas\/\"]}]},{\"@type\":\"ImageObject\",\"inLanguage\":\"en-US\",\"@id\":\"https:\/\/galossan.com\/en\/urun\/tek-kullanimlik-lamineli-tulum-1-adet-55-gr-kaliteli-kalin-kumas\/#primaryimage\",\"url\":\"https:\/\/galossan.com\/wp-content\/uploads\/2020\/11\/tek-kullanimlik-tulum.jpg\",\"contentUrl\":\"https:\/\/galossan.com\/wp-content\/uploads\/2020\/11\/tek-kullanimlik-tulum.jpg\",\"width\":360,\"height\":330},{\"@type\":\"BreadcrumbList\",\"@id\":\"https:\/\/galossan.com\/en\/urun\/tek-kullanimlik-lamineli-tulum-1-adet-55-gr-kaliteli-kalin-kumas\/#breadcrumb\",\"itemListElement\":[{\"@type\":\"ListItem\",\"position\":1,\"name\":\"\u00dcr\u00fcnlerimiz\",\"item\":\"https:\/\/galossan.com\/urunlerimiz\/\"},{\"@type\":\"ListItem\",\"position\":2,\"name\":\"Disposable Laminated Overalls 1 Piece 55 gr Quality Thick Fabric\"}]},{\"@type\":\"WebSite\",\"@id\":\"https:\/\/galossan.com\/#website\",\"url\":\"https:\/\/galossan.com\/\",\"name\":\"Galo\u015f imalat\u0131, Galo\u015f \u00e7e\u015fitleri, galo\u015fmatik galo\u015fu lGalossan\",\"description\":\"\u00e7izme galo\u015fu, galo\u015f makinalar\u0131, galo\u015f fiyatlar\u0131, cerrahi maske, maske \u00fcretimi, veteriner eldiveni, tela bone, naylon kolluk\",\"publisher\":{\"@id\":\"https:\/\/galossan.com\/#organization\"},\"potentialAction\":[{\"@type\":\"SearchAction\",\"target\":{\"@type\":\"EntryPoint\",\"urlTemplate\":\"https:\/\/galossan.com\/?s={search_term_string}\"},\"query-input\":{\"@type\":\"PropertyValueSpecification\",\"valueRequired\":true,\"valueName\":\"search_term_string\"}}],\"inLanguage\":\"en-US\"},{\"@type\":\"Organization\",\"@id\":\"https:\/\/galossan.com\/#organization\",\"name\":\"Galo\u015f imalat\u0131, Galo\u015f \u00e7e\u015fitleri, galo\u015fmatik galo\u015fu lGalossan\",\"url\":\"https:\/\/galossan.com\/\",\"logo\":{\"@type\":\"ImageObject\",\"inLanguage\":\"en-US\",\"@id\":\"https:\/\/galossan.com\/#\/schema\/logo\/image\/\",\"url\":\"https:\/\/galossan.com\/wp-content\/uploads\/2021\/10\/logogg1333-1.jpg\",\"contentUrl\":\"https:\/\/galossan.com\/wp-content\/uploads\/2021\/10\/logogg1333-1.jpg\",\"width\":51,\"height\":44,\"caption\":\"Galo\u015f imalat\u0131, Galo\u015f \u00e7e\u015fitleri, galo\u015fmatik galo\u015fu lGalossan\"},\"image\":{\"@id\":\"https:\/\/galossan.com\/#\/schema\/logo\/image\/\"},\"sameAs\":[\"https:\/\/www.facebook.com\/galossan\",\"https:\/\/www.instagram.com\/galossancom\/\",\"https:\/\/www.youtube.com\/channel\/UCaN0htJtvpis2xu51BwOtvA\"]}]}<\/script>\n<!-- \/ Yoast SEO plugin. -->","yoast_head_json":{"title":"Disposable Laminated Overalls 1 Piece 55 gr Quality Thick Fabric","robots":{"index":"index","follow":"follow","max-snippet":"max-snippet:-1","max-image-preview":"max-image-preview:large","max-video-preview":"max-video-preview:-1"},"canonical":"https:\/\/galossan.com\/en\/urun\/tek-kullanimlik-lamineli-tulum-1-adet-55-gr-kaliteli-kalin-kumas\/","og_locale":"en_US","og_type":"article","og_title":"[:tr]Tek Kullan\u0131ml\u0131k Lamineli Tulum 1 Adet 55 gr Kaliteli Kal\u0131n Kuma\u015f[:en]Disposable Laminated Overalls 1 Piece 55 gr Quality Thick Fabric[:] - Galo\u015f imalat\u0131, Galo\u015f \u00e7e\u015fitleri, galo\u015fmatik galo\u015fu lGalossan","og_description":"Product   Protective Laminated Overalls 1 Piece     Descriptions     It is sewn with high-quality light and easy to wear laminated non-woven fabric.  Made of soft, durable, breathable, and water-resistant fabric.  To increase protection against less dangerous chemicals and dusts, two layers of laminated fabric around, hooded and covered zippers are used.  Flexible head for easy placement on face mask.  Elasticated ankle and foot sewings to limit entry and exit and protection against liquid.  Elasticated waist for maximum comfort and protection.  Border stitching technology to maximize protection, minimize feathering, and wire shedding.          Product Size      Body Length 180-188 cm       Package Weight    Color White        Thickness 55 g non-woven fabric   Metarial It is made of non-woven material with L amine.    &nbsp;","og_url":"https:\/\/galossan.com\/en\/urun\/tek-kullanimlik-lamineli-tulum-1-adet-55-gr-kaliteli-kalin-kumas\/","og_site_name":"Galo\u015f imalat\u0131, Galo\u015f \u00e7e\u015fitleri, galo\u015fmatik galo\u015fu lGalossan","article_publisher":"https:\/\/www.facebook.com\/galossan","article_modified_time":"2025-08-18T14:00:23+00:00","og_image":[{"width":360,"height":330,"url":"https:\/\/galossan.com\/wp-content\/uploads\/2020\/11\/tek-kullanimlik-tulum.jpg","type":"image\/jpeg"}],"twitter_card":"summary_large_image","twitter_misc":{"Est. reading time":"1 minute"},"schema":{"@context":"https:\/\/schema.org","@graph":[{"@type":"WebPage","@id":"https:\/\/galossan.com\/en\/urun\/tek-kullanimlik-lamineli-tulum-1-adet-55-gr-kaliteli-kalin-kumas\/","url":"https:\/\/galossan.com\/en\/urun\/tek-kullanimlik-lamineli-tulum-1-adet-55-gr-kaliteli-kalin-kumas\/","name":"Disposable Laminated Overalls 1 Piece 55 gr Quality Thick Fabric","isPartOf":{"@id":"https:\/\/galossan.com\/#website"},"primaryImageOfPage":{"@id":"https:\/\/galossan.com\/en\/urun\/tek-kullanimlik-lamineli-tulum-1-adet-55-gr-kaliteli-kalin-kumas\/#primaryimage"},"image":{"@id":"https:\/\/galossan.com\/en\/urun\/tek-kullanimlik-lamineli-tulum-1-adet-55-gr-kaliteli-kalin-kumas\/#primaryimage"},"thumbnailUrl":"https:\/\/galossan.com\/wp-content\/uploads\/2020\/11\/tek-kullanimlik-tulum.jpg","datePublished":"2020-11-04T14:06:31+00:00","dateModified":"2025-08-18T14:00:23+00:00","breadcrumb":{"@id":"https:\/\/galossan.com\/en\/urun\/tek-kullanimlik-lamineli-tulum-1-adet-55-gr-kaliteli-kalin-kumas\/#breadcrumb"},"inLanguage":"en-US","potentialAction":[{"@type":"ReadAction","target":["https:\/\/galossan.com\/en\/urun\/tek-kullanimlik-lamineli-tulum-1-adet-55-gr-kaliteli-kalin-kumas\/"]}]},{"@type":"ImageObject","inLanguage":"en-US","@id":"https:\/\/galossan.com\/en\/urun\/tek-kullanimlik-lamineli-tulum-1-adet-55-gr-kaliteli-kalin-kumas\/#primaryimage","url":"https:\/\/galossan.com\/wp-content\/uploads\/2020\/11\/tek-kullanimlik-tulum.jpg","contentUrl":"https:\/\/galossan.com\/wp-content\/uploads\/2020\/11\/tek-kullanimlik-tulum.jpg","width":360,"height":330},{"@type":"BreadcrumbList","@id":"https:\/\/galossan.com\/en\/urun\/tek-kullanimlik-lamineli-tulum-1-adet-55-gr-kaliteli-kalin-kumas\/#breadcrumb","itemListElement":[{"@type":"ListItem","position":1,"name":"\u00dcr\u00fcnlerimiz","item":"https:\/\/galossan.com\/urunlerimiz\/"},{"@type":"ListItem","position":2,"name":"Disposable Laminated Overalls 1 Piece 55 gr Quality Thick Fabric"}]},{"@type":"WebSite","@id":"https:\/\/galossan.com\/#website","url":"https:\/\/galossan.com\/","name":"Galo\u015f imalat\u0131, Galo\u015f \u00e7e\u015fitleri, galo\u015fmatik galo\u015fu lGalossan","description":"\u00e7izme galo\u015fu, galo\u015f makinalar\u0131, galo\u015f fiyatlar\u0131, cerrahi maske, maske \u00fcretimi, veteriner eldiveni, tela bone, naylon kolluk","publisher":{"@id":"https:\/\/galossan.com\/#organization"},"potentialAction":[{"@type":"SearchAction","target":{"@type":"EntryPoint","urlTemplate":"https:\/\/galossan.com\/?s={search_term_string}"},"query-input":{"@type":"PropertyValueSpecification","valueRequired":true,"valueName":"search_term_string"}}],"inLanguage":"en-US"},{"@type":"Organization","@id":"https:\/\/galossan.com\/#organization","name":"Galo\u015f imalat\u0131, Galo\u015f \u00e7e\u015fitleri, galo\u015fmatik galo\u015fu lGalossan","url":"https:\/\/galossan.com\/","logo":{"@type":"ImageObject","inLanguage":"en-US","@id":"https:\/\/galossan.com\/#\/schema\/logo\/image\/","url":"https:\/\/galossan.com\/wp-content\/uploads\/2021\/10\/logogg1333-1.jpg","contentUrl":"https:\/\/galossan.com\/wp-content\/uploads\/2021\/10\/logogg1333-1.jpg","width":51,"height":44,"caption":"Galo\u015f imalat\u0131, Galo\u015f \u00e7e\u015fitleri, galo\u015fmatik galo\u015fu lGalossan"},"image":{"@id":"https:\/\/galossan.com\/#\/schema\/logo\/image\/"},"sameAs":["https:\/\/www.facebook.com\/galossan","https:\/\/www.instagram.com\/galossancom\/","https:\/\/www.youtube.com\/channel\/UCaN0htJtvpis2xu51BwOtvA"]}]}},"_links":{"self":[{"href":"https:\/\/galossan.com\/en\/wp-json\/wp\/v2\/product\/2710","targetHints":{"allow":["GET"]}}],"collection":[{"href":"https:\/\/galossan.com\/en\/wp-json\/wp\/v2\/product"}],"about":[{"href":"https:\/\/galossan.com\/en\/wp-json\/wp\/v2\/types\/product"}],"wp:featuredmedia":[{"embeddable":true,"href":"https:\/\/galossan.com\/en\/wp-json\/wp\/v2\/media\/2742"}],"wp:attachment":[{"href":"https:\/\/galossan.com\/en\/wp-json\/wp\/v2\/media?parent=2710"}],"wp:term":[{"taxonomy":"product_brand","embeddable":true,"href":"https:\/\/galossan.com\/en\/wp-json\/wp\/v2\/product_brand?post=2710"},{"taxonomy":"product_cat","embeddable":true,"href":"https:\/\/galossan.com\/en\/wp-json\/wp\/v2\/product_cat?post=2710"},{"taxonomy":"product_tag","embeddable":true,"href":"https:\/\/galossan.com\/en\/wp-json\/wp\/v2\/product_tag?post=2710"}],"curies":[{"name":"wp","href":"https:\/\/api.w.org\/{rel}","templated":true}]}}