{"id":15509,"date":"2026-04-06T14:00:06","date_gmt":"2026-04-06T11:00:06","guid":{"rendered":"https:\/\/galossan.com\/?post_type=product&#038;p=15509"},"modified":"2026-04-06T14:16:15","modified_gmt":"2026-04-06T11:16:15","slug":"kaymaz-galos-bot-tipi-cpe","status":"publish","type":"product","link":"https:\/\/galossan.com\/en\/urun\/kaymaz-galos-bot-tipi-cpe\/","title":{"rendered":"Non-slip Boot-Type Shoe Covers With CPE Sole and PP Body"},"content":{"rendered":"","protected":false},"excerpt":{"rendered":"<table border=\"2\" width=\"576\">\n<tbody>\n<tr>\n<th scope=\"col\" width=\"106\" height=\"53\">\n<div align=\"center\">Product<\/div>\n<\/th>\n<th scope=\"col\" width=\"452\">\n<p align=\"center\">Non-slip Boot-Type Shoe Covers With CPE Sole and PP Body<\/p>\n<\/th>\n<\/tr>\n<tr>\n<th height=\"81\">\n<div align=\"center\">Description<\/div>\n<\/th>\n<td>\u2022 Pack includes 10 pieces<br \/>\n\u2022 PP body with non-slip CPE sole<br \/>\n\u2022 Ultrasonic welding \/ stitching<br \/>\n\u2022 0% particle<br \/>\n\u2022 Elastic ankle, liquid-proof, dust and dirt resistant, full protection<br \/>\n\u2022 High resistance to sole abrasion<br \/>\n\u2022 Consists of white PP upper part and blue CPE polyethylene sole<\/td>\n<\/tr>\n<\/tbody>\n<\/table>\n<table border=\"1\" width=\"576\">\n<tbody>\n<tr>\n<th width=\"180\">\n<p align=\"center\">Product Size<\/p>\n<p align=\"center\">40*35 cm<\/p>\n<\/th>\n<th width=\"180\">\n<p align=\"center\">Package Weight<\/p>\n<p align=\"center\">\n<\/th>\n<th width=\"180\">\n<p align=\"center\">Color<\/p>\n<p align=\"center\">White &#8211; Blue<\/p>\n<\/th>\n<\/tr>\n<\/tbody>\n<\/table>\n<table border=\"2\" width=\"576\">\n<tbody>\n<tr>\n<th width=\"106\" height=\"68\">Thickness<\/th>\n<td width=\"440\">\n<p align=\"left\">30 gr\/m\u00b2 body \/ 60 gr\/m\u00b2 sole<\/p>\n<\/td>\n<\/tr>\n<tr>\n<th width=\"106\" height=\"65\">Material<\/th>\n<td>\n<p align=\"left\">PP body \/ CPE sole<\/p>\n<\/td>\n<\/tr>\n<\/tbody>\n<\/table>\n","protected":false},"featured_media":15510,"template":"","meta":[],"product_brand":[],"product_cat":[98,99],"product_tag":[671,337,355,709,712,169,707,713,691,693,692,126,694,170,638,171,545,687,696,711,688,689,544,686,172,685,672,690,173,548,637,631,695,710],"class_list":{"0":"post-15509","1":"product","2":"type-product","3":"status-publish","4":"has-post-thumbnail","6":"product_cat-galos","7":"product_cat-nonwoven-galos","8":"product_tag-ameliyathane-galos","9":"product_tag-bez-galos-fiyatlari","10":"product_tag-bez-galos","11":"product_tag-bot-tipi-kaymaz","12":"product_tag-cizme-galos-kaymaz","13":"product_tag-ciplak-ayak-galosu","14":"product_tag-cpe-galos","15":"product_tag-cpe-kaymaz-galos","16":"product_tag-galos-kaymaz-taban","17":"product_tag-galos-tedarikcisi","18":"product_tag-galos-uretici","19":"product_tag-galos","20":"product_tag-gida-galos","21":"product_tag-havuz-galosu","22":"product_tag-hijyenik-galos","23":"product_tag-kapucuk-taban-galos","24":"product_tag-kaydirmaz-galos","25":"product_tag-kaydirmaz-taban-galos","26":"product_tag-kaygan-zemin-galos","27":"product_tag-kaymaz-cizme-galos","28":"product_tag-kaymaz-galos-fiyat","29":"product_tag-kaymaz-galos-toptan","30":"product_tag-kaymaz-galos","31":"product_tag-kaymaz-nonwoven-galos","32":"product_tag-kaymaz-taban-galos","33":"product_tag-kaymaz-tabanli-galos","34":"product_tag-laboratuvar-galos","35":"product_tag-nonwoven-galos-toptan","36":"product_tag-nonwoven-galos","37":"product_tag-nonwoven-kaymaz-galos","38":"product_tag-profesyonel-galos","39":"product_tag-saglik-galos","40":"product_tag-temizlik-firmasi-galos","41":"product_tag-uzun-kaymaz","42":"description-off","44":"first","45":"instock","46":"shipping-taxable","47":"product-type-external"},"yoast_head":"<!-- This site is optimized with the Yoast SEO plugin v26.9 - https:\/\/yoast.com\/product\/yoast-seo-wordpress\/ -->\n<title>Non-slip Boot-Type Shoe Covers With CPE Sole and PP Body<\/title>\n<meta name=\"description\" content=\"CPE kaymaz taban ve PP g\u00f6vde bot tipi ile \u00fcretilen koruyucu \u00fcr\u00fcn, s\u0131v\u0131 ve toz ge\u00e7irmez yap\u0131s\u0131yla maksimum hijyen sa\u011flar. Dayan\u0131kl\u0131 taban\u0131 ve lastikli bilek tasar\u0131m\u0131yla g\u00fcvenli kullan\u0131m sunar.\" \/>\n<meta name=\"robots\" content=\"index, follow, max-snippet:-1, max-image-preview:large, max-video-preview:-1\" \/>\n<link rel=\"canonical\" href=\"https:\/\/galossan.com\/en\/urun\/kaymaz-galos-bot-tipi-cpe\/\" \/>\n<meta property=\"og:locale\" content=\"en_US\" \/>\n<meta property=\"og:locale:alternate\" content=\"tr_TR\" \/>\n<meta property=\"og:type\" content=\"article\" \/>\n<meta property=\"og:title\" content=\"Non-slip Boot-Type Shoe Covers With CPE Sole and PP Body\" \/>\n<meta property=\"og:description\" content=\"CPE kaymaz taban ve PP g\u00f6vde bot tipi ile \u00fcretilen koruyucu \u00fcr\u00fcn, s\u0131v\u0131 ve toz ge\u00e7irmez yap\u0131s\u0131yla maksimum hijyen sa\u011flar. Dayan\u0131kl\u0131 taban\u0131 ve lastikli bilek tasar\u0131m\u0131yla g\u00fcvenli kullan\u0131m sunar.\" \/>\n<meta property=\"og:url\" content=\"https:\/\/galossan.com\/en\/urun\/kaymaz-galos-bot-tipi-cpe\/\" \/>\n<meta property=\"og:site_name\" content=\"Galo\u015f imalat\u0131, Galo\u015f \u00e7e\u015fitleri, galo\u015fmatik galo\u015fu lGalossan\" \/>\n<meta property=\"article:publisher\" content=\"https:\/\/www.facebook.com\/galossan\" \/>\n<meta property=\"article:modified_time\" content=\"2026-04-06T11:16:15+00:00\" \/>\n<meta property=\"og:image\" content=\"https:\/\/galossan.com\/wp-content\/uploads\/2026\/04\/cpe-kaydirmaz-bot-tipi.jpg\" \/>\n\t<meta property=\"og:image:width\" content=\"1000\" \/>\n\t<meta property=\"og:image:height\" content=\"1000\" \/>\n\t<meta property=\"og:image:type\" content=\"image\/jpeg\" \/>\n<meta name=\"twitter:card\" content=\"summary_large_image\" \/>\n<meta name=\"twitter:label1\" content=\"Est. reading time\" \/>\n\t<meta name=\"twitter:data1\" content=\"1 minute\" \/>\n<script type=\"application\/ld+json\" class=\"yoast-schema-graph\">{\"@context\":\"https:\/\/schema.org\",\"@graph\":[{\"@type\":\"WebPage\",\"@id\":\"https:\/\/galossan.com\/urun\/kaymaz-galos-bot-tipi-cpe\/\",\"url\":\"https:\/\/galossan.com\/urun\/kaymaz-galos-bot-tipi-cpe\/\",\"name\":\"Non-slip Boot-Type Shoe Covers With CPE Sole and PP Body\",\"isPartOf\":{\"@id\":\"https:\/\/galossan.com\/#website\"},\"primaryImageOfPage\":{\"@id\":\"https:\/\/galossan.com\/urun\/kaymaz-galos-bot-tipi-cpe\/#primaryimage\"},\"image\":{\"@id\":\"https:\/\/galossan.com\/urun\/kaymaz-galos-bot-tipi-cpe\/#primaryimage\"},\"thumbnailUrl\":\"https:\/\/galossan.com\/wp-content\/uploads\/2026\/04\/cpe-kaydirmaz-bot-tipi.jpg\",\"datePublished\":\"2026-04-06T11:00:06+00:00\",\"dateModified\":\"2026-04-06T11:16:15+00:00\",\"description\":\"CPE kaymaz taban ve PP g\u00f6vde bot tipi ile \u00fcretilen koruyucu \u00fcr\u00fcn, s\u0131v\u0131 ve toz ge\u00e7irmez yap\u0131s\u0131yla maksimum hijyen sa\u011flar. Dayan\u0131kl\u0131 taban\u0131 ve lastikli bilek tasar\u0131m\u0131yla g\u00fcvenli kullan\u0131m sunar.\",\"breadcrumb\":{\"@id\":\"https:\/\/galossan.com\/urun\/kaymaz-galos-bot-tipi-cpe\/#breadcrumb\"},\"inLanguage\":\"en-US\",\"potentialAction\":[{\"@type\":\"ReadAction\",\"target\":[\"https:\/\/galossan.com\/urun\/kaymaz-galos-bot-tipi-cpe\/\"]}]},{\"@type\":\"ImageObject\",\"inLanguage\":\"en-US\",\"@id\":\"https:\/\/galossan.com\/urun\/kaymaz-galos-bot-tipi-cpe\/#primaryimage\",\"url\":\"https:\/\/galossan.com\/wp-content\/uploads\/2026\/04\/cpe-kaydirmaz-bot-tipi.jpg\",\"contentUrl\":\"https:\/\/galossan.com\/wp-content\/uploads\/2026\/04\/cpe-kaydirmaz-bot-tipi.jpg\",\"width\":1000,\"height\":1000},{\"@type\":\"BreadcrumbList\",\"@id\":\"https:\/\/galossan.com\/urun\/kaymaz-galos-bot-tipi-cpe\/#breadcrumb\",\"itemListElement\":[{\"@type\":\"ListItem\",\"position\":1,\"name\":\"\u00dcr\u00fcnlerimiz\",\"item\":\"https:\/\/galossan.com\/urunlerimiz\/\"},{\"@type\":\"ListItem\",\"position\":2,\"name\":\"Kaymaz Galo\u015f Bot Tipi CPE Taban PP G\u00f6vde\"}]},{\"@type\":\"WebSite\",\"@id\":\"https:\/\/galossan.com\/#website\",\"url\":\"https:\/\/galossan.com\/\",\"name\":\"Galo\u015f imalat\u0131, Galo\u015f \u00e7e\u015fitleri, galo\u015fmatik galo\u015fu lGalossan\",\"description\":\"\u00e7izme galo\u015fu, galo\u015f makinalar\u0131, galo\u015f fiyatlar\u0131, cerrahi maske, maske \u00fcretimi, veteriner eldiveni, tela bone, naylon kolluk\",\"publisher\":{\"@id\":\"https:\/\/galossan.com\/#organization\"},\"potentialAction\":[{\"@type\":\"SearchAction\",\"target\":{\"@type\":\"EntryPoint\",\"urlTemplate\":\"https:\/\/galossan.com\/?s={search_term_string}\"},\"query-input\":{\"@type\":\"PropertyValueSpecification\",\"valueRequired\":true,\"valueName\":\"search_term_string\"}}],\"inLanguage\":\"en-US\"},{\"@type\":\"Organization\",\"@id\":\"https:\/\/galossan.com\/#organization\",\"name\":\"Galo\u015f imalat\u0131, Galo\u015f \u00e7e\u015fitleri, galo\u015fmatik galo\u015fu lGalossan\",\"url\":\"https:\/\/galossan.com\/\",\"logo\":{\"@type\":\"ImageObject\",\"inLanguage\":\"en-US\",\"@id\":\"https:\/\/galossan.com\/#\/schema\/logo\/image\/\",\"url\":\"https:\/\/galossan.com\/wp-content\/uploads\/2021\/10\/logogg1333-1.jpg\",\"contentUrl\":\"https:\/\/galossan.com\/wp-content\/uploads\/2021\/10\/logogg1333-1.jpg\",\"width\":51,\"height\":44,\"caption\":\"Galo\u015f imalat\u0131, Galo\u015f \u00e7e\u015fitleri, galo\u015fmatik galo\u015fu lGalossan\"},\"image\":{\"@id\":\"https:\/\/galossan.com\/#\/schema\/logo\/image\/\"},\"sameAs\":[\"https:\/\/www.facebook.com\/galossan\",\"https:\/\/www.instagram.com\/galossancom\/\",\"https:\/\/www.youtube.com\/channel\/UCaN0htJtvpis2xu51BwOtvA\"]}]}<\/script>\n<!-- \/ Yoast SEO plugin. -->","yoast_head_json":{"title":"Non-slip Boot-Type Shoe Covers With CPE Sole and PP Body","description":"CPE kaymaz taban ve PP g\u00f6vde bot tipi ile \u00fcretilen koruyucu \u00fcr\u00fcn, s\u0131v\u0131 ve toz ge\u00e7irmez yap\u0131s\u0131yla maksimum hijyen sa\u011flar. Dayan\u0131kl\u0131 taban\u0131 ve lastikli bilek tasar\u0131m\u0131yla g\u00fcvenli kullan\u0131m sunar.","robots":{"index":"index","follow":"follow","max-snippet":"max-snippet:-1","max-image-preview":"max-image-preview:large","max-video-preview":"max-video-preview:-1"},"canonical":"https:\/\/galossan.com\/en\/urun\/kaymaz-galos-bot-tipi-cpe\/","og_locale":"en_US","og_type":"article","og_title":"[:tr]Kaymaz Galo\u015f Bot Tipi CPE Taban PP G\u00f6vde[:en]Non-slip Boot-Type Shoe Covers With CPE Sole and PP Body[:] - Galo\u015f imalat\u0131, Galo\u015f \u00e7e\u015fitleri, galo\u015fmatik galo\u015fu lGalossan","og_description":"[:tr]CPE kaymaz taban ve PP g\u00f6vde bot tipi ile \u00fcretilen koruyucu \u00fcr\u00fcn, s\u0131v\u0131 ve toz ge\u00e7irmez yap\u0131s\u0131yla maksimum hijyen sa\u011flar. Dayan\u0131kl\u0131 taban\u0131 ve lastikli bilek tasar\u0131m\u0131yla g\u00fcvenli kullan\u0131m sunar.[:]","og_url":"https:\/\/galossan.com\/en\/urun\/kaymaz-galos-bot-tipi-cpe\/","og_site_name":"Galo\u015f imalat\u0131, Galo\u015f \u00e7e\u015fitleri, galo\u015fmatik galo\u015fu lGalossan","article_publisher":"https:\/\/www.facebook.com\/galossan","article_modified_time":"2026-04-06T11:16:15+00:00","og_image":[{"width":1000,"height":1000,"url":"https:\/\/galossan.com\/wp-content\/uploads\/2026\/04\/cpe-kaydirmaz-bot-tipi.jpg","type":"image\/jpeg"}],"twitter_card":"summary_large_image","twitter_misc":{"Est. reading time":"1 minute"},"schema":{"@context":"https:\/\/schema.org","@graph":[{"@type":"WebPage","@id":"https:\/\/galossan.com\/urun\/kaymaz-galos-bot-tipi-cpe\/","url":"https:\/\/galossan.com\/urun\/kaymaz-galos-bot-tipi-cpe\/","name":"Non-slip Boot-Type Shoe Covers With CPE Sole and PP Body","isPartOf":{"@id":"https:\/\/galossan.com\/#website"},"primaryImageOfPage":{"@id":"https:\/\/galossan.com\/urun\/kaymaz-galos-bot-tipi-cpe\/#primaryimage"},"image":{"@id":"https:\/\/galossan.com\/urun\/kaymaz-galos-bot-tipi-cpe\/#primaryimage"},"thumbnailUrl":"https:\/\/galossan.com\/wp-content\/uploads\/2026\/04\/cpe-kaydirmaz-bot-tipi.jpg","datePublished":"2026-04-06T11:00:06+00:00","dateModified":"2026-04-06T11:16:15+00:00","description":"CPE kaymaz taban ve PP g\u00f6vde bot tipi ile \u00fcretilen koruyucu \u00fcr\u00fcn, s\u0131v\u0131 ve toz ge\u00e7irmez yap\u0131s\u0131yla maksimum hijyen sa\u011flar. Dayan\u0131kl\u0131 taban\u0131 ve lastikli bilek tasar\u0131m\u0131yla g\u00fcvenli kullan\u0131m sunar.","breadcrumb":{"@id":"https:\/\/galossan.com\/urun\/kaymaz-galos-bot-tipi-cpe\/#breadcrumb"},"inLanguage":"en-US","potentialAction":[{"@type":"ReadAction","target":["https:\/\/galossan.com\/urun\/kaymaz-galos-bot-tipi-cpe\/"]}]},{"@type":"ImageObject","inLanguage":"en-US","@id":"https:\/\/galossan.com\/urun\/kaymaz-galos-bot-tipi-cpe\/#primaryimage","url":"https:\/\/galossan.com\/wp-content\/uploads\/2026\/04\/cpe-kaydirmaz-bot-tipi.jpg","contentUrl":"https:\/\/galossan.com\/wp-content\/uploads\/2026\/04\/cpe-kaydirmaz-bot-tipi.jpg","width":1000,"height":1000},{"@type":"BreadcrumbList","@id":"https:\/\/galossan.com\/urun\/kaymaz-galos-bot-tipi-cpe\/#breadcrumb","itemListElement":[{"@type":"ListItem","position":1,"name":"\u00dcr\u00fcnlerimiz","item":"https:\/\/galossan.com\/urunlerimiz\/"},{"@type":"ListItem","position":2,"name":"Kaymaz Galo\u015f Bot Tipi CPE Taban PP G\u00f6vde"}]},{"@type":"WebSite","@id":"https:\/\/galossan.com\/#website","url":"https:\/\/galossan.com\/","name":"Galo\u015f imalat\u0131, Galo\u015f \u00e7e\u015fitleri, galo\u015fmatik galo\u015fu lGalossan","description":"\u00e7izme galo\u015fu, galo\u015f makinalar\u0131, galo\u015f fiyatlar\u0131, cerrahi maske, maske \u00fcretimi, veteriner eldiveni, tela bone, naylon kolluk","publisher":{"@id":"https:\/\/galossan.com\/#organization"},"potentialAction":[{"@type":"SearchAction","target":{"@type":"EntryPoint","urlTemplate":"https:\/\/galossan.com\/?s={search_term_string}"},"query-input":{"@type":"PropertyValueSpecification","valueRequired":true,"valueName":"search_term_string"}}],"inLanguage":"en-US"},{"@type":"Organization","@id":"https:\/\/galossan.com\/#organization","name":"Galo\u015f imalat\u0131, Galo\u015f \u00e7e\u015fitleri, galo\u015fmatik galo\u015fu lGalossan","url":"https:\/\/galossan.com\/","logo":{"@type":"ImageObject","inLanguage":"en-US","@id":"https:\/\/galossan.com\/#\/schema\/logo\/image\/","url":"https:\/\/galossan.com\/wp-content\/uploads\/2021\/10\/logogg1333-1.jpg","contentUrl":"https:\/\/galossan.com\/wp-content\/uploads\/2021\/10\/logogg1333-1.jpg","width":51,"height":44,"caption":"Galo\u015f imalat\u0131, Galo\u015f \u00e7e\u015fitleri, galo\u015fmatik galo\u015fu lGalossan"},"image":{"@id":"https:\/\/galossan.com\/#\/schema\/logo\/image\/"},"sameAs":["https:\/\/www.facebook.com\/galossan","https:\/\/www.instagram.com\/galossancom\/","https:\/\/www.youtube.com\/channel\/UCaN0htJtvpis2xu51BwOtvA"]}]}},"_links":{"self":[{"href":"https:\/\/galossan.com\/en\/wp-json\/wp\/v2\/product\/15509","targetHints":{"allow":["GET"]}}],"collection":[{"href":"https:\/\/galossan.com\/en\/wp-json\/wp\/v2\/product"}],"about":[{"href":"https:\/\/galossan.com\/en\/wp-json\/wp\/v2\/types\/product"}],"wp:featuredmedia":[{"embeddable":true,"href":"https:\/\/galossan.com\/en\/wp-json\/wp\/v2\/media\/15510"}],"wp:attachment":[{"href":"https:\/\/galossan.com\/en\/wp-json\/wp\/v2\/media?parent=15509"}],"wp:term":[{"taxonomy":"product_brand","embeddable":true,"href":"https:\/\/galossan.com\/en\/wp-json\/wp\/v2\/product_brand?post=15509"},{"taxonomy":"product_cat","embeddable":true,"href":"https:\/\/galossan.com\/en\/wp-json\/wp\/v2\/product_cat?post=15509"},{"taxonomy":"product_tag","embeddable":true,"href":"https:\/\/galossan.com\/en\/wp-json\/wp\/v2\/product_tag?post=15509"}],"curies":[{"name":"wp","href":"https:\/\/api.w.org\/{rel}","templated":true}]}}