{"id":15495,"date":"2026-04-06T12:19:12","date_gmt":"2026-04-06T09:19:12","guid":{"rendered":"https:\/\/galossan.com\/?post_type=product&#038;p=15495"},"modified":"2026-04-06T14:13:01","modified_gmt":"2026-04-06T11:13:01","slug":"astronot-bone","status":"publish","type":"product","link":"https:\/\/galossan.com\/en\/urun\/astronot-bone\/","title":{"rendered":"Astronaut cap"},"content":{"rendered":"","protected":false},"excerpt":{"rendered":"<table border=\"2\" width=\"576\">\n<tbody>\n<tr>\n<th scope=\"col\" width=\"106\" height=\"53\">\n<div class=\"style10\" align=\"center\">\n<div class=\"style11\" align=\"center\">Product<\/div>\n<\/div>\n<\/th>\n<th scope=\"col\" width=\"452\">\n<p class=\"style9\" align=\"center\">Astronaut Cap<\/p>\n<\/th>\n<\/tr>\n<tr>\n<th height=\"81\">\n<div class=\"style10\" align=\"center\">\n<div class=\"style11\" align=\"center\">Description<\/div>\n<\/div>\n<\/th>\n<td>\u2022 Pack includes: 100 pieces<br data-start=\"60\" data-end=\"63\" \/>\u2022 Elastic around the face and neck area<br data-start=\"102\" data-end=\"105\" \/>\u2022 Hypoallergenic<br data-start=\"121\" data-end=\"124\" \/>\u2022 Breathable material<br data-start=\"145\" data-end=\"148\" \/>\u2022 Color: White<br data-start=\"162\" data-end=\"165\" \/>\u2022 Tie-back and nun-style models are also available<\/td>\n<\/tr>\n<\/tbody>\n<\/table>\n<table class=\"style3\" border=\"1\" width=\"576\">\n<tbody>\n<tr>\n<th scope=\"col\" width=\"180\">\n<p class=\"style12\" align=\"center\">Product Size<\/p>\n<p class=\"style12\" align=\"center\">\n<\/th>\n<th scope=\"col\" width=\"180\">\n<p class=\"style12\" align=\"center\">Package Weight<\/p>\n<p class=\"style12\" align=\"center\">\n<\/th>\n<th scope=\"col\" width=\"180\">\n<p class=\"style12\" align=\"center\">Color<\/p>\n<p class=\"style12\" align=\"center\">White-blue<\/p>\n<\/th>\n<\/tr>\n<\/tbody>\n<\/table>\n<table border=\"2\" width=\"576\">\n<tbody>\n<tr>\n<th scope=\"col\" width=\"106\" height=\"68\">Thickness<\/th>\n<td scope=\"col\" width=\"440\">\n<p class=\"style13\" align=\"left\">10 gr non-woven fabric<\/p>\n<\/td>\n<\/tr>\n<tr>\n<th width=\"106\" height=\"65\">Metarial<\/th>\n<td>\n<p align=\"left\">Made of nonwoven spunbond material.<\/p>\n<\/td>\n<\/tr>\n<\/tbody>\n<\/table>\n","protected":false},"featured_media":15496,"template":"","meta":[],"product_brand":[],"product_cat":[100,483],"product_tag":[702,704,705,703],"class_list":{"0":"post-15495","1":"product","2":"type-product","3":"status-publish","4":"has-post-thumbnail","6":"product_cat-tek-kullanimlik-urunler","7":"product_cat-tek-kullanimlik-bone","8":"product_tag-astronot-bone","9":"product_tag-astronot-bonesi","10":"product_tag-astronot-kepli-bone","11":"product_tag-rahibe-bone","12":"description-off","14":"first","15":"instock","16":"shipping-taxable","17":"product-type-external"},"yoast_head":"<!-- This site is optimized with the Yoast SEO plugin v26.9 - https:\/\/yoast.com\/product\/yoast-seo-wordpress\/ -->\n<title>Astronaut cap- Galossan Company<\/title>\n<meta name=\"description\" content=\"Astronot caps provide hygienic and comfortable use. Thanks to their elastic structure, they offer full protection. Suitable solutions for hospital and food industry use.\" \/>\n<meta name=\"robots\" content=\"index, follow, max-snippet:-1, max-image-preview:large, max-video-preview:-1\" \/>\n<link rel=\"canonical\" href=\"https:\/\/galossan.com\/en\/urun\/astronot-bone\/\" \/>\n<meta property=\"og:locale\" content=\"en_US\" \/>\n<meta property=\"og:locale:alternate\" content=\"tr_TR\" \/>\n<meta property=\"og:type\" content=\"article\" \/>\n<meta property=\"og:title\" content=\"Astronaut cap- Galossan Company\" \/>\n<meta property=\"og:description\" content=\"Astronot caps provide hygienic and comfortable use. Thanks to their elastic structure, they offer full protection. Suitable solutions for hospital and food industry use.\" \/>\n<meta property=\"og:url\" content=\"https:\/\/galossan.com\/en\/urun\/astronot-bone\/\" \/>\n<meta property=\"og:site_name\" content=\"Galo\u015f imalat\u0131, Galo\u015f \u00e7e\u015fitleri, galo\u015fmatik galo\u015fu lGalossan\" \/>\n<meta property=\"article:publisher\" content=\"https:\/\/www.facebook.com\/galossan\" \/>\n<meta property=\"article:modified_time\" content=\"2026-04-06T11:13:01+00:00\" \/>\n<meta property=\"og:image\" content=\"https:\/\/galossan.com\/wp-content\/uploads\/2026\/04\/astronot-bone.jpg\" \/>\n\t<meta property=\"og:image:width\" content=\"1000\" \/>\n\t<meta property=\"og:image:height\" content=\"1000\" \/>\n\t<meta property=\"og:image:type\" content=\"image\/jpeg\" \/>\n<meta name=\"twitter:card\" content=\"summary_large_image\" \/>\n<meta name=\"twitter:label1\" content=\"Est. reading time\" \/>\n\t<meta name=\"twitter:data1\" content=\"1 minute\" \/>\n<script type=\"application\/ld+json\" class=\"yoast-schema-graph\">{\"@context\":\"https:\/\/schema.org\",\"@graph\":[{\"@type\":\"WebPage\",\"@id\":\"https:\/\/galossan.com\/urun\/astronot-bone\/\",\"url\":\"https:\/\/galossan.com\/urun\/astronot-bone\/\",\"name\":\"Astronaut cap- Galossan Company\",\"isPartOf\":{\"@id\":\"https:\/\/galossan.com\/#website\"},\"primaryImageOfPage\":{\"@id\":\"https:\/\/galossan.com\/urun\/astronot-bone\/#primaryimage\"},\"image\":{\"@id\":\"https:\/\/galossan.com\/urun\/astronot-bone\/#primaryimage\"},\"thumbnailUrl\":\"https:\/\/galossan.com\/wp-content\/uploads\/2026\/04\/astronot-bone.jpg\",\"datePublished\":\"2026-04-06T09:19:12+00:00\",\"dateModified\":\"2026-04-06T11:13:01+00:00\",\"description\":\"Astronot caps provide hygienic and comfortable use. Thanks to their elastic structure, they offer full protection. Suitable solutions for hospital and food industry use.\",\"breadcrumb\":{\"@id\":\"https:\/\/galossan.com\/urun\/astronot-bone\/#breadcrumb\"},\"inLanguage\":\"en-US\",\"potentialAction\":[{\"@type\":\"ReadAction\",\"target\":[\"https:\/\/galossan.com\/urun\/astronot-bone\/\"]}]},{\"@type\":\"ImageObject\",\"inLanguage\":\"en-US\",\"@id\":\"https:\/\/galossan.com\/urun\/astronot-bone\/#primaryimage\",\"url\":\"https:\/\/galossan.com\/wp-content\/uploads\/2026\/04\/astronot-bone.jpg\",\"contentUrl\":\"https:\/\/galossan.com\/wp-content\/uploads\/2026\/04\/astronot-bone.jpg\",\"width\":1000,\"height\":1000},{\"@type\":\"BreadcrumbList\",\"@id\":\"https:\/\/galossan.com\/urun\/astronot-bone\/#breadcrumb\",\"itemListElement\":[{\"@type\":\"ListItem\",\"position\":1,\"name\":\"\u00dcr\u00fcnlerimiz\",\"item\":\"https:\/\/galossan.com\/urunlerimiz\/\"},{\"@type\":\"ListItem\",\"position\":2,\"name\":\"Astronot Bone Tek kullan\u0131ml\u0131k\"}]},{\"@type\":\"WebSite\",\"@id\":\"https:\/\/galossan.com\/#website\",\"url\":\"https:\/\/galossan.com\/\",\"name\":\"Galo\u015f imalat\u0131, Galo\u015f \u00e7e\u015fitleri, galo\u015fmatik galo\u015fu lGalossan\",\"description\":\"\u00e7izme galo\u015fu, galo\u015f makinalar\u0131, galo\u015f fiyatlar\u0131, cerrahi maske, maske \u00fcretimi, veteriner eldiveni, tela bone, naylon kolluk\",\"publisher\":{\"@id\":\"https:\/\/galossan.com\/#organization\"},\"potentialAction\":[{\"@type\":\"SearchAction\",\"target\":{\"@type\":\"EntryPoint\",\"urlTemplate\":\"https:\/\/galossan.com\/?s={search_term_string}\"},\"query-input\":{\"@type\":\"PropertyValueSpecification\",\"valueRequired\":true,\"valueName\":\"search_term_string\"}}],\"inLanguage\":\"en-US\"},{\"@type\":\"Organization\",\"@id\":\"https:\/\/galossan.com\/#organization\",\"name\":\"Galo\u015f imalat\u0131, Galo\u015f \u00e7e\u015fitleri, galo\u015fmatik galo\u015fu lGalossan\",\"url\":\"https:\/\/galossan.com\/\",\"logo\":{\"@type\":\"ImageObject\",\"inLanguage\":\"en-US\",\"@id\":\"https:\/\/galossan.com\/#\/schema\/logo\/image\/\",\"url\":\"https:\/\/galossan.com\/wp-content\/uploads\/2021\/10\/logogg1333-1.jpg\",\"contentUrl\":\"https:\/\/galossan.com\/wp-content\/uploads\/2021\/10\/logogg1333-1.jpg\",\"width\":51,\"height\":44,\"caption\":\"Galo\u015f imalat\u0131, Galo\u015f \u00e7e\u015fitleri, galo\u015fmatik galo\u015fu lGalossan\"},\"image\":{\"@id\":\"https:\/\/galossan.com\/#\/schema\/logo\/image\/\"},\"sameAs\":[\"https:\/\/www.facebook.com\/galossan\",\"https:\/\/www.instagram.com\/galossancom\/\",\"https:\/\/www.youtube.com\/channel\/UCaN0htJtvpis2xu51BwOtvA\"]}]}<\/script>\n<!-- \/ Yoast SEO plugin. -->","yoast_head_json":{"title":"Astronaut cap- Galossan Company","description":"Astronot caps provide hygienic and comfortable use. Thanks to their elastic structure, they offer full protection. Suitable solutions for hospital and food industry use.","robots":{"index":"index","follow":"follow","max-snippet":"max-snippet:-1","max-image-preview":"max-image-preview:large","max-video-preview":"max-video-preview:-1"},"canonical":"https:\/\/galossan.com\/en\/urun\/astronot-bone\/","og_locale":"en_US","og_type":"article","og_title":"[:tr]Astronot Bone Tek Kullan\u0131ml\u0131k - Galossan \u00dcretici Firma[:en]Astronaut cap- Galossan Company[:]","og_description":"[:tr]Astronot bone \u00e7e\u015fitleri; nefes alabilir, lastikli, rahibe astronot bone hijyenik yap\u0131s\u0131yla sa\u011fl\u0131k, g\u0131da ve \u00fcretim alanlar\u0131nda g\u00fcvenli kullan\u0131m sunar.[:en]Astronot caps provide hygienic and comfortable use. Thanks to their elastic structure, they offer full protection. Suitable solutions for hospital and food industry use.[:]","og_url":"https:\/\/galossan.com\/en\/urun\/astronot-bone\/","og_site_name":"Galo\u015f imalat\u0131, Galo\u015f \u00e7e\u015fitleri, galo\u015fmatik galo\u015fu lGalossan","article_publisher":"https:\/\/www.facebook.com\/galossan","article_modified_time":"2026-04-06T11:13:01+00:00","og_image":[{"width":1000,"height":1000,"url":"https:\/\/galossan.com\/wp-content\/uploads\/2026\/04\/astronot-bone.jpg","type":"image\/jpeg"}],"twitter_card":"summary_large_image","twitter_misc":{"Est. reading time":"1 minute"},"schema":{"@context":"https:\/\/schema.org","@graph":[{"@type":"WebPage","@id":"https:\/\/galossan.com\/urun\/astronot-bone\/","url":"https:\/\/galossan.com\/urun\/astronot-bone\/","name":"Astronaut cap- Galossan Company","isPartOf":{"@id":"https:\/\/galossan.com\/#website"},"primaryImageOfPage":{"@id":"https:\/\/galossan.com\/urun\/astronot-bone\/#primaryimage"},"image":{"@id":"https:\/\/galossan.com\/urun\/astronot-bone\/#primaryimage"},"thumbnailUrl":"https:\/\/galossan.com\/wp-content\/uploads\/2026\/04\/astronot-bone.jpg","datePublished":"2026-04-06T09:19:12+00:00","dateModified":"2026-04-06T11:13:01+00:00","description":"Astronot caps provide hygienic and comfortable use. Thanks to their elastic structure, they offer full protection. Suitable solutions for hospital and food industry use.","breadcrumb":{"@id":"https:\/\/galossan.com\/urun\/astronot-bone\/#breadcrumb"},"inLanguage":"en-US","potentialAction":[{"@type":"ReadAction","target":["https:\/\/galossan.com\/urun\/astronot-bone\/"]}]},{"@type":"ImageObject","inLanguage":"en-US","@id":"https:\/\/galossan.com\/urun\/astronot-bone\/#primaryimage","url":"https:\/\/galossan.com\/wp-content\/uploads\/2026\/04\/astronot-bone.jpg","contentUrl":"https:\/\/galossan.com\/wp-content\/uploads\/2026\/04\/astronot-bone.jpg","width":1000,"height":1000},{"@type":"BreadcrumbList","@id":"https:\/\/galossan.com\/urun\/astronot-bone\/#breadcrumb","itemListElement":[{"@type":"ListItem","position":1,"name":"\u00dcr\u00fcnlerimiz","item":"https:\/\/galossan.com\/urunlerimiz\/"},{"@type":"ListItem","position":2,"name":"Astronot Bone Tek kullan\u0131ml\u0131k"}]},{"@type":"WebSite","@id":"https:\/\/galossan.com\/#website","url":"https:\/\/galossan.com\/","name":"Galo\u015f imalat\u0131, Galo\u015f \u00e7e\u015fitleri, galo\u015fmatik galo\u015fu lGalossan","description":"\u00e7izme galo\u015fu, galo\u015f makinalar\u0131, galo\u015f fiyatlar\u0131, cerrahi maske, maske \u00fcretimi, veteriner eldiveni, tela bone, naylon kolluk","publisher":{"@id":"https:\/\/galossan.com\/#organization"},"potentialAction":[{"@type":"SearchAction","target":{"@type":"EntryPoint","urlTemplate":"https:\/\/galossan.com\/?s={search_term_string}"},"query-input":{"@type":"PropertyValueSpecification","valueRequired":true,"valueName":"search_term_string"}}],"inLanguage":"en-US"},{"@type":"Organization","@id":"https:\/\/galossan.com\/#organization","name":"Galo\u015f imalat\u0131, Galo\u015f \u00e7e\u015fitleri, galo\u015fmatik galo\u015fu lGalossan","url":"https:\/\/galossan.com\/","logo":{"@type":"ImageObject","inLanguage":"en-US","@id":"https:\/\/galossan.com\/#\/schema\/logo\/image\/","url":"https:\/\/galossan.com\/wp-content\/uploads\/2021\/10\/logogg1333-1.jpg","contentUrl":"https:\/\/galossan.com\/wp-content\/uploads\/2021\/10\/logogg1333-1.jpg","width":51,"height":44,"caption":"Galo\u015f imalat\u0131, Galo\u015f \u00e7e\u015fitleri, galo\u015fmatik galo\u015fu lGalossan"},"image":{"@id":"https:\/\/galossan.com\/#\/schema\/logo\/image\/"},"sameAs":["https:\/\/www.facebook.com\/galossan","https:\/\/www.instagram.com\/galossancom\/","https:\/\/www.youtube.com\/channel\/UCaN0htJtvpis2xu51BwOtvA"]}]}},"_links":{"self":[{"href":"https:\/\/galossan.com\/en\/wp-json\/wp\/v2\/product\/15495","targetHints":{"allow":["GET"]}}],"collection":[{"href":"https:\/\/galossan.com\/en\/wp-json\/wp\/v2\/product"}],"about":[{"href":"https:\/\/galossan.com\/en\/wp-json\/wp\/v2\/types\/product"}],"wp:featuredmedia":[{"embeddable":true,"href":"https:\/\/galossan.com\/en\/wp-json\/wp\/v2\/media\/15496"}],"wp:attachment":[{"href":"https:\/\/galossan.com\/en\/wp-json\/wp\/v2\/media?parent=15495"}],"wp:term":[{"taxonomy":"product_brand","embeddable":true,"href":"https:\/\/galossan.com\/en\/wp-json\/wp\/v2\/product_brand?post=15495"},{"taxonomy":"product_cat","embeddable":true,"href":"https:\/\/galossan.com\/en\/wp-json\/wp\/v2\/product_cat?post=15495"},{"taxonomy":"product_tag","embeddable":true,"href":"https:\/\/galossan.com\/en\/wp-json\/wp\/v2\/product_tag?post=15495"}],"curies":[{"name":"wp","href":"https:\/\/api.w.org\/{rel}","templated":true}]}}