{"id":14064,"date":"2023-07-21T15:03:57","date_gmt":"2023-07-21T12:03:57","guid":{"rendered":"https:\/\/galossan.com\/?post_type=product&#038;p=14064"},"modified":"2025-08-19T15:20:16","modified_gmt":"2025-08-19T12:20:16","slug":"suni-tohumlama-eldiveni","status":"publish","type":"product","link":"https:\/\/galossan.com\/en\/urun\/suni-tohumlama-eldiveni\/","title":{"rendered":"Veterinary Artificial Insemination Gloves 100 PCS"},"content":{"rendered":"<p>&nbsp;<\/p>\r\n<h1>What are veterinary gloves? What are the Instructions for Use?<\/h1>\r\n<p>Sterile and protective equipment used during animal health and artificial reproduction practices are called veterinary gloves. The use of artificial insemination gloves, a type of veterinary gloves, is of critical importance to protect the health of both veterinarians and animal owners. Correct selection and use of gloves increases the safety of animals and people.<\/p>\r\n\r\n<p><img loading=\"lazy\" decoding=\"async\" class=\"alignnone wp-image-15264 size-medium\" src=\"https:\/\/galossan.com\/wp-content\/uploads\/2023\/07\/veteriner-eldiveni-1-300x245.jpg\" alt=\"\" width=\"300\" height=\"245\" srcset=\"https:\/\/galossan.com\/wp-content\/uploads\/2023\/07\/veteriner-eldiveni-1-300x245.jpg 300w, https:\/\/galossan.com\/wp-content\/uploads\/2023\/07\/veteriner-eldiveni-1-1024x838.jpg 1024w, https:\/\/galossan.com\/wp-content\/uploads\/2023\/07\/veteriner-eldiveni-1-768x628.jpg 768w, https:\/\/galossan.com\/wp-content\/uploads\/2023\/07\/veteriner-eldiveni-1-1064x871.jpg 1064w, https:\/\/galossan.com\/wp-content\/uploads\/2023\/07\/veteriner-eldiveni-1.jpg 1100w\" sizes=\"auto, (max-width: 300px) 100vw, 300px\" \/><\/p>\r\n<p>&nbsp;<\/p>\r\n<h2>Intended Use<\/h2>\r\n<p>It is a product used for sterile purposes by both veterinarians and animal owners. These gloves can be used to prevent contamination and also protect from biological fluids and pathogens. The uses of the artificial insemination glove are quite wide. The glove accurately deposits sperm into the animal&#8217;s reproductive organs using a suitable insemination device. First of all, using these gloves prevents possible contamination. Insemination performed in a sterile environment minimizes the risk of disease and ensures healthy reproduction of animals. Besides, artificial insemination gloves increase breeding ranges. It helps experts perform a more accurate and effective reproduction process.<\/p>\r\n<p>In conclusion, the artificial insemination glove is a tool that plays an important role in the livestock industry. These gloves provide a sterile environment, minimizing the risk and increasing the breeding range. Additionally, with the ease of a delicate touch, the insemination process is carried out with less stress and more effectively. In the livestock industry where artificial insemination gloves are used, it is aimed to genetically improve quality breeding.<\/p>\r\n<h2>Areas Where Veterinary Gloves Are Used<\/h2>\r\n<p>&nbsp;<\/p>\r\n<p>Suitable not only for field dressing, internal organ cleaning, veterinary insemination, but also for use in kitchen cleaning, hair salon, cycling, mountaineering, painting and more.<\/p>\r\n<h3>Pricing<\/h3>\r\n<p>Users looking for information on veterinary glove prices\u00a0 should contact the manufacturer directly for retail and wholesale prices. You can visit our page for retail pricing and direct purchasing.<\/p>\r\n<h2>Instructions for Use<\/h2>\r\n<p>Cleaning: Gloves prevent direct contact with the animal&#8217;s body during examination and treatment and keep the environment clean.<br \/>Hygiene: Gloves help prevent the spread of diseases among both animals and humans.<br \/>Material Types: Sterile gloves are produced from low density polyethylene material.<br \/>Size: It is important that the gloves are the correct size. A good fit allows operations to be performed more comfortably and precisely. It is one size and should be compatible with all sizes. The bracket is an extra long 34 inches long, 10.6 inches wide.<br \/>Post-Use Disposal: After use, it is considered disposable and disposed of appropriately. Reuse of gloves is not recommended.<br \/>Storage and Cleaning: Gloves should be stored in accordance with the rules and, if necessary, checked before use. Dirty or damaged gloves should be replaced with new ones.<\/p><!-- \/wp:post-content -->","protected":false},"excerpt":{"rendered":"<table border=\"2\" width=\"576\">\n<tbody>\n<tr>\n<th scope=\"col\" width=\"106\" height=\"53\">\n<div class=\"style10\" align=\"center\">\n<div class=\"style11\" align=\"center\">PRODUCT<\/div>\n<\/div>\n<\/th>\n<th scope=\"col\" width=\"452\">\n<p class=\"style9\" align=\"center\">\u00a0Veterinary Artificial Insemination Gloves Long 100 PCS<\/p>\n<\/th>\n<\/tr>\n<tr>\n<th height=\"81\">\n<div class=\"style10\" align=\"center\">\n<div class=\"style11\" align=\"center\">Explanation<\/div>\n<\/div>\n<\/th>\n<td>\n<ul>\n<li class=\"style12\">Rubber elastic on the shoulder area liquid proof Durable, tear-proof Produced in a sterile environment.. It is produced from 100% original raw material. Different color types are available. It is produced by GALOSSAN.<\/li>\n<\/ul>\n<\/td>\n<\/tr>\n<\/tbody>\n<\/table>\n<table class=\"style3\" border=\"1\" width=\"576\">\n<tbody>\n<tr>\n<th scope=\"col\" width=\"180\">Product Dimensions 90cm length<\/th>\n<th scope=\"col\" width=\"180\">Package Weight of 100 720g<\/th>\n<th scope=\"col\" width=\"180\">Colour Red<\/th>\n<\/tr>\n<\/tbody>\n<\/table>\n<table border=\"2\" width=\"576\">\n<tbody>\n<tr>\n<th scope=\"col\" width=\"106\" height=\"68\">Thickness<\/th>\n<td scope=\"col\" width=\"440\">\n<p class=\"style13\" align=\"left\">50 micron<\/p>\n<\/td>\n<\/tr>\n<tr>\n<th width=\"106\" height=\"65\">Metaryel<\/th>\n<td>\n<p align=\"left\">(LDPE) Polyethylene material.<\/p>\n<\/td>\n<\/tr>\n<\/tbody>\n<\/table>\n<p><iframe loading=\"lazy\" title=\"YouTube video player\" src=\"https:\/\/www.youtube.com\/embed\/y7qrbJF3S6M?si=FZ6_WXxUoQGd7_ZO\" width=\"560\" height=\"315\" frameborder=\"0\" allowfullscreen=\"allowfullscreen\"><\/iframe><\/p>\n","protected":false},"featured_media":15284,"template":"","meta":[],"product_brand":[],"product_cat":[100,510],"product_tag":[505,509,506,532,508,568,567,529,569,507,570],"class_list":{"0":"post-14064","1":"product","2":"type-product","3":"status-publish","4":"has-post-thumbnail","6":"product_cat-tek-kullanimlik-urunler","7":"product_cat-tek-kullanimlik-eldiven","8":"product_tag-eldiven","9":"product_tag-naylon-eldiven","10":"product_tag-suni-tohumlama-eldiveni","11":"product_tag-tohumlama-eldiveni","12":"product_tag-uzun-eldiven","13":"product_tag-uzun-veteriner-eldiveni","14":"product_tag-veteriner-eldiveni-fiyati","15":"product_tag-veteriner-eldiveni-fiyatlari","16":"product_tag-veteriner-eldiveni-lastikli","17":"product_tag-veteriner-eldiveni","18":"product_tag-veteriner-muayene-eldiveni","19":"description-off","21":"first","22":"instock","23":"shipping-taxable","24":"product-type-external"},"yoast_head":"<!-- This site is optimized with the Yoast SEO plugin v26.9 - https:\/\/yoast.com\/product\/yoast-seo-wordpress\/ -->\n<title>Veterinary Artificial Insemination Gloves 100 PCS<\/title>\n<meta name=\"description\" content=\"Artificial insemination gloves are among the types of veterinary gloves. You can get information about the prices of veterinary gloves, which are produced in 100-box packages.\" \/>\n<meta name=\"robots\" content=\"index, follow, max-snippet:-1, max-image-preview:large, max-video-preview:-1\" \/>\n<link rel=\"canonical\" href=\"https:\/\/galossan.com\/en\/urun\/suni-tohumlama-eldiveni\/\" \/>\n<meta property=\"og:locale\" content=\"en_US\" \/>\n<meta property=\"og:locale:alternate\" content=\"tr_TR\" \/>\n<meta property=\"og:type\" content=\"article\" \/>\n<meta property=\"og:title\" content=\"Veterinary Artificial Insemination Gloves 100 PCS\" \/>\n<meta property=\"og:description\" content=\"Artificial insemination gloves are among the types of veterinary gloves. You can get information about the prices of veterinary gloves, which are produced in 100-box packages.\" \/>\n<meta property=\"og:url\" content=\"https:\/\/galossan.com\/en\/urun\/suni-tohumlama-eldiveni\/\" \/>\n<meta property=\"og:site_name\" content=\"Galo\u015f imalat\u0131, Galo\u015f \u00e7e\u015fitleri, galo\u015fmatik galo\u015fu lGalossan\" \/>\n<meta property=\"article:publisher\" content=\"https:\/\/www.facebook.com\/galossan\" \/>\n<meta property=\"article:modified_time\" content=\"2025-08-19T12:20:16+00:00\" \/>\n<meta property=\"og:image\" content=\"https:\/\/galossan.com\/wp-content\/uploads\/2023\/07\/eldiven-tek-kullanimlik.jpg\" \/>\n\t<meta property=\"og:image:width\" content=\"1100\" \/>\n\t<meta property=\"og:image:height\" content=\"900\" \/>\n\t<meta property=\"og:image:type\" content=\"image\/jpeg\" \/>\n<meta name=\"twitter:card\" content=\"summary_large_image\" \/>\n<meta name=\"twitter:label1\" content=\"Est. reading time\" \/>\n\t<meta name=\"twitter:data1\" content=\"3 minutes\" \/>\n<script type=\"application\/ld+json\" class=\"yoast-schema-graph\">{\"@context\":\"https:\/\/schema.org\",\"@graph\":[{\"@type\":\"WebPage\",\"@id\":\"https:\/\/galossan.com\/urun\/suni-tohumlama-eldiveni\/\",\"url\":\"https:\/\/galossan.com\/urun\/suni-tohumlama-eldiveni\/\",\"name\":\"Veterinary Artificial Insemination Gloves 100 PCS\",\"isPartOf\":{\"@id\":\"https:\/\/galossan.com\/#website\"},\"primaryImageOfPage\":{\"@id\":\"https:\/\/galossan.com\/urun\/suni-tohumlama-eldiveni\/#primaryimage\"},\"image\":{\"@id\":\"https:\/\/galossan.com\/urun\/suni-tohumlama-eldiveni\/#primaryimage\"},\"thumbnailUrl\":\"https:\/\/galossan.com\/wp-content\/uploads\/2023\/07\/eldiven-tek-kullanimlik.jpg\",\"datePublished\":\"2023-07-21T12:03:57+00:00\",\"dateModified\":\"2025-08-19T12:20:16+00:00\",\"description\":\"Artificial insemination gloves are among the types of veterinary gloves. You can get information about the prices of veterinary gloves, which are produced in 100-box packages.\",\"breadcrumb\":{\"@id\":\"https:\/\/galossan.com\/urun\/suni-tohumlama-eldiveni\/#breadcrumb\"},\"inLanguage\":\"en-US\",\"potentialAction\":[{\"@type\":\"ReadAction\",\"target\":[\"https:\/\/galossan.com\/urun\/suni-tohumlama-eldiveni\/\"]}]},{\"@type\":\"ImageObject\",\"inLanguage\":\"en-US\",\"@id\":\"https:\/\/galossan.com\/urun\/suni-tohumlama-eldiveni\/#primaryimage\",\"url\":\"https:\/\/galossan.com\/wp-content\/uploads\/2023\/07\/eldiven-tek-kullanimlik.jpg\",\"contentUrl\":\"https:\/\/galossan.com\/wp-content\/uploads\/2023\/07\/eldiven-tek-kullanimlik.jpg\",\"width\":1100,\"height\":900},{\"@type\":\"BreadcrumbList\",\"@id\":\"https:\/\/galossan.com\/urun\/suni-tohumlama-eldiveni\/#breadcrumb\",\"itemListElement\":[{\"@type\":\"ListItem\",\"position\":1,\"name\":\"\u00dcr\u00fcnlerimiz\",\"item\":\"https:\/\/galossan.com\/urunlerimiz\/\"},{\"@type\":\"ListItem\",\"position\":2,\"name\":\"Dispomax Veteriner Eldiveni &#8211; Suni Tohumlama Eldiveni 100&#8217;l\u00fc\"}]},{\"@type\":\"WebSite\",\"@id\":\"https:\/\/galossan.com\/#website\",\"url\":\"https:\/\/galossan.com\/\",\"name\":\"Galo\u015f imalat\u0131, Galo\u015f \u00e7e\u015fitleri, galo\u015fmatik galo\u015fu lGalossan\",\"description\":\"\u00e7izme galo\u015fu, galo\u015f makinalar\u0131, galo\u015f fiyatlar\u0131, cerrahi maske, maske \u00fcretimi, veteriner eldiveni, tela bone, naylon kolluk\",\"publisher\":{\"@id\":\"https:\/\/galossan.com\/#organization\"},\"potentialAction\":[{\"@type\":\"SearchAction\",\"target\":{\"@type\":\"EntryPoint\",\"urlTemplate\":\"https:\/\/galossan.com\/?s={search_term_string}\"},\"query-input\":{\"@type\":\"PropertyValueSpecification\",\"valueRequired\":true,\"valueName\":\"search_term_string\"}}],\"inLanguage\":\"en-US\"},{\"@type\":\"Organization\",\"@id\":\"https:\/\/galossan.com\/#organization\",\"name\":\"Galo\u015f imalat\u0131, Galo\u015f \u00e7e\u015fitleri, galo\u015fmatik galo\u015fu lGalossan\",\"url\":\"https:\/\/galossan.com\/\",\"logo\":{\"@type\":\"ImageObject\",\"inLanguage\":\"en-US\",\"@id\":\"https:\/\/galossan.com\/#\/schema\/logo\/image\/\",\"url\":\"https:\/\/galossan.com\/wp-content\/uploads\/2021\/10\/logogg1333-1.jpg\",\"contentUrl\":\"https:\/\/galossan.com\/wp-content\/uploads\/2021\/10\/logogg1333-1.jpg\",\"width\":51,\"height\":44,\"caption\":\"Galo\u015f imalat\u0131, Galo\u015f \u00e7e\u015fitleri, galo\u015fmatik galo\u015fu lGalossan\"},\"image\":{\"@id\":\"https:\/\/galossan.com\/#\/schema\/logo\/image\/\"},\"sameAs\":[\"https:\/\/www.facebook.com\/galossan\",\"https:\/\/www.instagram.com\/galossancom\/\",\"https:\/\/www.youtube.com\/channel\/UCaN0htJtvpis2xu51BwOtvA\"]}]}<\/script>\n<!-- \/ Yoast SEO plugin. -->","yoast_head_json":{"title":"Veterinary Artificial Insemination Gloves 100 PCS","description":"Artificial insemination gloves are among the types of veterinary gloves. You can get information about the prices of veterinary gloves, which are produced in 100-box packages.","robots":{"index":"index","follow":"follow","max-snippet":"max-snippet:-1","max-image-preview":"max-image-preview:large","max-video-preview":"max-video-preview:-1"},"canonical":"https:\/\/galossan.com\/en\/urun\/suni-tohumlama-eldiveni\/","og_locale":"en_US","og_type":"article","og_title":"[:tr]Dispomax Veteriner Eldiveni - Suni Tohumlama Eldiveni 100'l\u00fc[:en]Veterinary Artificial Insemination Gloves 100 PCS[:] - Galo\u015f imalat\u0131, Galo\u015f \u00e7e\u015fitleri, galo\u015fmatik galo\u015fu lGalossan","og_description":"[:tr]Veteriner eldiveni, muayene eldiveni ve suni tohumlama eldiveni uygun fiyatlarla! Naylon eldiven ve uzun eldiven e\u015fitlerini hemen inceleyin.[:en]Artificial insemination gloves are among the types of veterinary gloves. You can get information about the prices of veterinary gloves, which are produced in 100-box packages.[:]","og_url":"https:\/\/galossan.com\/en\/urun\/suni-tohumlama-eldiveni\/","og_site_name":"Galo\u015f imalat\u0131, Galo\u015f \u00e7e\u015fitleri, galo\u015fmatik galo\u015fu lGalossan","article_publisher":"https:\/\/www.facebook.com\/galossan","article_modified_time":"2025-08-19T12:20:16+00:00","og_image":[{"width":1100,"height":900,"url":"https:\/\/galossan.com\/wp-content\/uploads\/2023\/07\/eldiven-tek-kullanimlik.jpg","type":"image\/jpeg"}],"twitter_card":"summary_large_image","twitter_misc":{"Est. reading time":"3 minutes"},"schema":{"@context":"https:\/\/schema.org","@graph":[{"@type":"WebPage","@id":"https:\/\/galossan.com\/urun\/suni-tohumlama-eldiveni\/","url":"https:\/\/galossan.com\/urun\/suni-tohumlama-eldiveni\/","name":"Veterinary Artificial Insemination Gloves 100 PCS","isPartOf":{"@id":"https:\/\/galossan.com\/#website"},"primaryImageOfPage":{"@id":"https:\/\/galossan.com\/urun\/suni-tohumlama-eldiveni\/#primaryimage"},"image":{"@id":"https:\/\/galossan.com\/urun\/suni-tohumlama-eldiveni\/#primaryimage"},"thumbnailUrl":"https:\/\/galossan.com\/wp-content\/uploads\/2023\/07\/eldiven-tek-kullanimlik.jpg","datePublished":"2023-07-21T12:03:57+00:00","dateModified":"2025-08-19T12:20:16+00:00","description":"Artificial insemination gloves are among the types of veterinary gloves. You can get information about the prices of veterinary gloves, which are produced in 100-box packages.","breadcrumb":{"@id":"https:\/\/galossan.com\/urun\/suni-tohumlama-eldiveni\/#breadcrumb"},"inLanguage":"en-US","potentialAction":[{"@type":"ReadAction","target":["https:\/\/galossan.com\/urun\/suni-tohumlama-eldiveni\/"]}]},{"@type":"ImageObject","inLanguage":"en-US","@id":"https:\/\/galossan.com\/urun\/suni-tohumlama-eldiveni\/#primaryimage","url":"https:\/\/galossan.com\/wp-content\/uploads\/2023\/07\/eldiven-tek-kullanimlik.jpg","contentUrl":"https:\/\/galossan.com\/wp-content\/uploads\/2023\/07\/eldiven-tek-kullanimlik.jpg","width":1100,"height":900},{"@type":"BreadcrumbList","@id":"https:\/\/galossan.com\/urun\/suni-tohumlama-eldiveni\/#breadcrumb","itemListElement":[{"@type":"ListItem","position":1,"name":"\u00dcr\u00fcnlerimiz","item":"https:\/\/galossan.com\/urunlerimiz\/"},{"@type":"ListItem","position":2,"name":"Dispomax Veteriner Eldiveni &#8211; Suni Tohumlama Eldiveni 100&#8217;l\u00fc"}]},{"@type":"WebSite","@id":"https:\/\/galossan.com\/#website","url":"https:\/\/galossan.com\/","name":"Galo\u015f imalat\u0131, Galo\u015f \u00e7e\u015fitleri, galo\u015fmatik galo\u015fu lGalossan","description":"\u00e7izme galo\u015fu, galo\u015f makinalar\u0131, galo\u015f fiyatlar\u0131, cerrahi maske, maske \u00fcretimi, veteriner eldiveni, tela bone, naylon kolluk","publisher":{"@id":"https:\/\/galossan.com\/#organization"},"potentialAction":[{"@type":"SearchAction","target":{"@type":"EntryPoint","urlTemplate":"https:\/\/galossan.com\/?s={search_term_string}"},"query-input":{"@type":"PropertyValueSpecification","valueRequired":true,"valueName":"search_term_string"}}],"inLanguage":"en-US"},{"@type":"Organization","@id":"https:\/\/galossan.com\/#organization","name":"Galo\u015f imalat\u0131, Galo\u015f \u00e7e\u015fitleri, galo\u015fmatik galo\u015fu lGalossan","url":"https:\/\/galossan.com\/","logo":{"@type":"ImageObject","inLanguage":"en-US","@id":"https:\/\/galossan.com\/#\/schema\/logo\/image\/","url":"https:\/\/galossan.com\/wp-content\/uploads\/2021\/10\/logogg1333-1.jpg","contentUrl":"https:\/\/galossan.com\/wp-content\/uploads\/2021\/10\/logogg1333-1.jpg","width":51,"height":44,"caption":"Galo\u015f imalat\u0131, Galo\u015f \u00e7e\u015fitleri, galo\u015fmatik galo\u015fu lGalossan"},"image":{"@id":"https:\/\/galossan.com\/#\/schema\/logo\/image\/"},"sameAs":["https:\/\/www.facebook.com\/galossan","https:\/\/www.instagram.com\/galossancom\/","https:\/\/www.youtube.com\/channel\/UCaN0htJtvpis2xu51BwOtvA"]}]}},"_links":{"self":[{"href":"https:\/\/galossan.com\/en\/wp-json\/wp\/v2\/product\/14064","targetHints":{"allow":["GET"]}}],"collection":[{"href":"https:\/\/galossan.com\/en\/wp-json\/wp\/v2\/product"}],"about":[{"href":"https:\/\/galossan.com\/en\/wp-json\/wp\/v2\/types\/product"}],"wp:featuredmedia":[{"embeddable":true,"href":"https:\/\/galossan.com\/en\/wp-json\/wp\/v2\/media\/15284"}],"wp:attachment":[{"href":"https:\/\/galossan.com\/en\/wp-json\/wp\/v2\/media?parent=14064"}],"wp:term":[{"taxonomy":"product_brand","embeddable":true,"href":"https:\/\/galossan.com\/en\/wp-json\/wp\/v2\/product_brand?post=14064"},{"taxonomy":"product_cat","embeddable":true,"href":"https:\/\/galossan.com\/en\/wp-json\/wp\/v2\/product_cat?post=14064"},{"taxonomy":"product_tag","embeddable":true,"href":"https:\/\/galossan.com\/en\/wp-json\/wp\/v2\/product_tag?post=14064"}],"curies":[{"name":"wp","href":"https:\/\/api.w.org\/{rel}","templated":true}]}}