{"id":13575,"date":"2023-03-22T14:36:09","date_gmt":"2023-03-22T11:36:09","guid":{"rendered":"https:\/\/galossan.com\/?post_type=product&#038;p=13575"},"modified":"2025-12-15T16:32:46","modified_gmt":"2025-12-15T13:32:46","slug":"nonwoven-beyaz-kaymaz-galos","status":"publish","type":"product","link":"https:\/\/galossan.com\/en\/urun\/nonwoven-beyaz-kaymaz-galos\/","title":{"rendered":"Nonwoven White Tela White Shoe Cover With Non-Slip Sole"},"content":{"rendered":"<h2>What is Non-Slip shoe covers ? What are the Instructions for Use?<\/h2>\n<p>Overshoes provide important protection for dirt and germs coming from outside to be carried inside, especially in critical areas of hygiene. However, the risk of slipping of some shoe covers may cause safety problems, especially in areas such as hospitals, laboratories and food production facilities. In this position, non-slip overshoes offer users an advanced solution that increases both their costs and hygiene.<\/p>\n<h2>What are non-slip shoe govers ?<\/h2>\n<p><img loading=\"lazy\" decoding=\"async\" class=\"alignnone wp-image-2768 size-medium\" src=\"https:\/\/galossan.com\/wp-content\/uploads\/2020\/11\/kaymaz-galos-300x256.jpg\" alt=\"\" width=\"300\" height=\"256\" srcset=\"https:\/\/galossan.com\/wp-content\/uploads\/2020\/11\/kaymaz-galos-300x256.jpg 300w, https:\/\/galossan.com\/wp-content\/uploads\/2020\/11\/kaymaz-galos-768x656.jpg 768w, https:\/\/galossan.com\/wp-content\/uploads\/2020\/11\/kaymaz-galos.jpg 988w\" sizes=\"auto, (max-width: 300px) 100vw, 300px\" \/><\/p>\n<p>Non-slip shoe covers are special overshoes produced with non-slip rubber sole material. While this product minimizes the risk of users slipping, it also helps maintain hygiene standards. Generally made from lightweight, flexible and breathable materials, non-slip overshoes offer users a comfortable experience.<\/p>\n<h2>Areas of Use<\/h2>\n<ul>\n<li>Non-slip overshoes have a wide range of uses in many different sectors:<\/li>\n<li>Hospitals: \u00a0In critical areas such as operating rooms and intensive care units, non-slip shoe covers are ideal for both hygiene and safety.<\/li>\n<li>Laboratories: In laboratories where chemicals are used, the non-slip floor provides protection against the possibility of slippery floors.<\/li>\n<li>Food Production Facilities: In terms of food safety, it increases the safety of working users by reducing the risk of slipping.<\/li>\n<li>Clean Rooms: \u00a0In electronics and pharmaceutical manufacturing areas, non-slip \u00a0overshoe covers help maintain hygiene standards.<\/li>\n<li>Home Use: \u00a0Provides a practical option when cleaning at home or hosting guests.<\/li>\n<\/ul>\n<h3>Advantages<\/h3>\n<ul>\n<li>Safety: \u00a0Non-slip sole design ensures safe walking by reducing the risk of slipping for users.<\/li>\n<li>Hygiene: It creates a clean environment by preventing dirt and germs from outside.<\/li>\n<li>Comfort: \u00a0Their light and flexible structure allows users to move comfortably.<\/li>\n<li>Easy to Use: They can be put on and taken off quickly and practically.<\/li>\n<\/ul>\n<h2>Non-slip shoe covers features<\/h2>\n<p><img loading=\"lazy\" decoding=\"async\" class=\"alignnone wp-image-4241 size-medium\" src=\"https:\/\/galossan.com\/wp-content\/uploads\/2020\/11\/kaymaz-galos1-1-300x256.jpg\" alt=\"\" width=\"300\" height=\"256\" srcset=\"https:\/\/galossan.com\/wp-content\/uploads\/2020\/11\/kaymaz-galos1-1-300x256.jpg 300w, https:\/\/galossan.com\/wp-content\/uploads\/2020\/11\/kaymaz-galos1-1-768x656.jpg 768w, https:\/\/galossan.com\/wp-content\/uploads\/2020\/11\/kaymaz-galos1-1.jpg 988w\" sizes=\"auto, (max-width: 300px) 100vw, 300px\" \/><\/p>\n<ul>\n<li>Durability: The bottom base is designed from 40 grams of rubber material and 20 grams of interlining fabric is used on the upper part. Thanks to this feature, the product can stand for a long time without tearing.<\/li>\n<li>Recyclable: Since interlining fabric has a biodegradable material, it is an environmentally friendly overshoe.<\/li>\n<li>Size: It is 40 cm long to be compatible with all shoe sizes. With its flexible structure, it can be easily worn and removed by the user. Dimensions are usually standard 40&#215;15 cm length.<\/li>\n<li>Pricing: Since non-slip overshoes are a special product, their production network is slower and more costly in terms of pricing compared to other types of overshoes.<\/li>\n<li>Packaging: Products are sold in bulk in packages of 100.d\u0131r.<\/li>\n<\/ul>\n<h2>Instruction for use<\/h2>\n<p>Since non-slip type overshoes are made of interlining fabric, their contamination life is shorter than nylon overshoes. Nonwoven spunbond fabric is biodegradable and therefore recyclable. Since the products are disposable, they must be disposed of properly after use.<\/p>\n<p>&nbsp;<\/p>\n","protected":false},"excerpt":{"rendered":"<table border=\"2\" width=\"576\">\n<tbody>\n<tr>\n<th scope=\"col\" width=\"106\" height=\"53\">\n<div class=\"style10\" align=\"center\">\n<div class=\"style11\" align=\"center\">Product<\/div>\n<\/div>\n<\/th>\n<th scope=\"col\" width=\"452\">\n<p class=\"style9\" align=\"center\">Nonwoven White Tela White Shoe Cover With Non-Slip Sole<\/p>\n<\/th>\n<\/tr>\n<tr>\n<th height=\"81\">\n<div class=\"style10\" align=\"center\">\n<div class=\"style11\" align=\"center\">Description<\/div>\n<\/div>\n<\/th>\n<td>\n<ul>\n<li>100 pieces per package<\/li>\n<li>Overlock seam Elastic on ankle Washable<\/li>\n<li>Air-permeable.<\/li>\n<li>Non-slip rubber sole<\/li>\n<li>Suitable for all shoe sizes.<\/li>\n<li>Can be used on wet surfaces such as poolside.<\/li>\n<li>Different color options are available.<\/li>\n<\/ul>\n<\/td>\n<\/tr>\n<\/tbody>\n<\/table>\n<table class=\"style3\" border=\"1\" width=\"576\">\n<tbody>\n<tr>\n<th scope=\"col\" width=\"180\">\n<p class=\"style12\" align=\"center\">Product Size<\/p>\n<p class=\"style12\" align=\"center\">13&#215;40 cm<\/p>\n<\/th>\n<th scope=\"col\" width=\"180\">\n<p class=\"style12\" align=\"center\">100&#8217;s Package Weight<\/p>\n<p class=\"style12\" align=\"center\">650 gr<\/p>\n<\/th>\n<th scope=\"col\" width=\"180\">\n<p class=\"style12\" align=\"center\">Color<\/p>\n<p class=\"style12\" align=\"center\">White<\/p>\n<\/th>\n<\/tr>\n<\/tbody>\n<\/table>\n<table border=\"2\" width=\"576\">\n<tbody>\n<tr>\n<th scope=\"col\" width=\"106\" height=\"68\">Thickness<\/th>\n<td scope=\"col\" width=\"440\">\n<p class=\"style13\" align=\"left\">30 gr nonwoven<\/p>\n<\/td>\n<\/tr>\n<tr>\n<th width=\"106\" height=\"65\">Metarial<\/th>\n<td>\n<p align=\"left\">Non-woven spunbond<span style=\"color: #333333; font-size: 16px; line-height: 26px; background-color: transparent;\">\u00a0<\/span><\/p>\n<\/td>\n<\/tr>\n<\/tbody>\n<\/table>\n<p>&nbsp;<\/p>\n","protected":false},"featured_media":2768,"template":"","meta":[],"product_brand":[],"product_cat":[98,99],"product_tag":[169,126,170,171,545,546,544,172,173,548,547],"class_list":{"0":"post-13575","1":"product","2":"type-product","3":"status-publish","4":"has-post-thumbnail","6":"product_cat-galos","7":"product_cat-nonwoven-galos","8":"product_tag-ciplak-ayak-galosu","9":"product_tag-galos","10":"product_tag-havuz-galosu","11":"product_tag-kapucuk-taban-galos","12":"product_tag-kaydirmaz-galos","13":"product_tag-kaymayan-galos","14":"product_tag-kaymaz-galos","15":"product_tag-kaymaz-taban-galos","16":"product_tag-nonwoven-galos","17":"product_tag-nonwoven-kaymaz-galos","18":"product_tag-tela-kaymaz-galos","19":"description-off","21":"first","22":"instock","23":"shipping-taxable","24":"product-type-external"},"yoast_head":"<!-- This site is optimized with the Yoast SEO plugin v26.9 - https:\/\/yoast.com\/product\/yoast-seo-wordpress\/ -->\n<title>Nonwoven White Tela White Shoe Cover With Non-Slip Sole<\/title>\n<meta name=\"description\" content=\"Non-slip shoe covers are special overshoes produced with non-slip rubber sole material. While this product minimizes the risk of users slipping, it also helps maintain hygiene standards.\" \/>\n<meta name=\"robots\" content=\"index, follow, max-snippet:-1, max-image-preview:large, max-video-preview:-1\" \/>\n<link rel=\"canonical\" href=\"https:\/\/galossan.com\/en\/urun\/nonwoven-beyaz-kaymaz-galos\/\" \/>\n<meta property=\"og:locale\" content=\"en_US\" \/>\n<meta property=\"og:locale:alternate\" content=\"tr_TR\" \/>\n<meta property=\"og:type\" content=\"article\" \/>\n<meta property=\"og:title\" content=\"Nonwoven White Tela White Shoe Cover With Non-Slip Sole\" \/>\n<meta property=\"og:description\" content=\"Non-slip shoe covers are special overshoes produced with non-slip rubber sole material. While this product minimizes the risk of users slipping, it also helps maintain hygiene standards.\" \/>\n<meta property=\"og:url\" content=\"https:\/\/galossan.com\/en\/urun\/nonwoven-beyaz-kaymaz-galos\/\" \/>\n<meta property=\"og:site_name\" content=\"Galo\u015f imalat\u0131, Galo\u015f \u00e7e\u015fitleri, galo\u015fmatik galo\u015fu lGalossan\" \/>\n<meta property=\"article:publisher\" content=\"https:\/\/www.facebook.com\/galossan\" \/>\n<meta property=\"article:modified_time\" content=\"2025-12-15T13:32:46+00:00\" \/>\n<meta property=\"og:image\" content=\"https:\/\/galossan.com\/wp-content\/uploads\/2020\/11\/kaymaz-galos.jpg\" \/>\n\t<meta property=\"og:image:width\" content=\"988\" \/>\n\t<meta property=\"og:image:height\" content=\"844\" \/>\n\t<meta property=\"og:image:type\" content=\"image\/jpeg\" \/>\n<meta name=\"twitter:card\" content=\"summary_large_image\" \/>\n<meta name=\"twitter:label1\" content=\"Est. reading time\" \/>\n\t<meta name=\"twitter:data1\" content=\"4 minutes\" \/>\n<script type=\"application\/ld+json\" class=\"yoast-schema-graph\">{\"@context\":\"https:\/\/schema.org\",\"@graph\":[{\"@type\":\"WebPage\",\"@id\":\"https:\/\/galossan.com\/en\/urun\/nonwoven-beyaz-kaymaz-galos\/\",\"url\":\"https:\/\/galossan.com\/en\/urun\/nonwoven-beyaz-kaymaz-galos\/\",\"name\":\"Nonwoven White Tela White Shoe Cover With Non-Slip Sole\",\"isPartOf\":{\"@id\":\"https:\/\/galossan.com\/#website\"},\"primaryImageOfPage\":{\"@id\":\"https:\/\/galossan.com\/en\/urun\/nonwoven-beyaz-kaymaz-galos\/#primaryimage\"},\"image\":{\"@id\":\"https:\/\/galossan.com\/en\/urun\/nonwoven-beyaz-kaymaz-galos\/#primaryimage\"},\"thumbnailUrl\":\"https:\/\/galossan.com\/wp-content\/uploads\/2020\/11\/kaymaz-galos.jpg\",\"datePublished\":\"2023-03-22T11:36:09+00:00\",\"dateModified\":\"2025-12-15T13:32:46+00:00\",\"description\":\"Non-slip shoe covers are special overshoes produced with non-slip rubber sole material. While this product minimizes the risk of users slipping, it also helps maintain hygiene standards.\",\"breadcrumb\":{\"@id\":\"https:\/\/galossan.com\/en\/urun\/nonwoven-beyaz-kaymaz-galos\/#breadcrumb\"},\"inLanguage\":\"en-US\",\"potentialAction\":[{\"@type\":\"ReadAction\",\"target\":[\"https:\/\/galossan.com\/en\/urun\/nonwoven-beyaz-kaymaz-galos\/\"]}]},{\"@type\":\"ImageObject\",\"inLanguage\":\"en-US\",\"@id\":\"https:\/\/galossan.com\/en\/urun\/nonwoven-beyaz-kaymaz-galos\/#primaryimage\",\"url\":\"https:\/\/galossan.com\/wp-content\/uploads\/2020\/11\/kaymaz-galos.jpg\",\"contentUrl\":\"https:\/\/galossan.com\/wp-content\/uploads\/2020\/11\/kaymaz-galos.jpg\",\"width\":988,\"height\":844},{\"@type\":\"BreadcrumbList\",\"@id\":\"https:\/\/galossan.com\/en\/urun\/nonwoven-beyaz-kaymaz-galos\/#breadcrumb\",\"itemListElement\":[{\"@type\":\"ListItem\",\"position\":1,\"name\":\"\u00dcr\u00fcnlerimiz\",\"item\":\"https:\/\/galossan.com\/urunlerimiz\/\"},{\"@type\":\"ListItem\",\"position\":2,\"name\":\"Nonwoven White Tela White Shoe Cover With Non-Slip Sole\"}]},{\"@type\":\"WebSite\",\"@id\":\"https:\/\/galossan.com\/#website\",\"url\":\"https:\/\/galossan.com\/\",\"name\":\"Galo\u015f imalat\u0131, Galo\u015f \u00e7e\u015fitleri, galo\u015fmatik galo\u015fu lGalossan\",\"description\":\"\u00e7izme galo\u015fu, galo\u015f makinalar\u0131, galo\u015f fiyatlar\u0131, cerrahi maske, maske \u00fcretimi, veteriner eldiveni, tela bone, naylon kolluk\",\"publisher\":{\"@id\":\"https:\/\/galossan.com\/#organization\"},\"potentialAction\":[{\"@type\":\"SearchAction\",\"target\":{\"@type\":\"EntryPoint\",\"urlTemplate\":\"https:\/\/galossan.com\/?s={search_term_string}\"},\"query-input\":{\"@type\":\"PropertyValueSpecification\",\"valueRequired\":true,\"valueName\":\"search_term_string\"}}],\"inLanguage\":\"en-US\"},{\"@type\":\"Organization\",\"@id\":\"https:\/\/galossan.com\/#organization\",\"name\":\"Galo\u015f imalat\u0131, Galo\u015f \u00e7e\u015fitleri, galo\u015fmatik galo\u015fu lGalossan\",\"url\":\"https:\/\/galossan.com\/\",\"logo\":{\"@type\":\"ImageObject\",\"inLanguage\":\"en-US\",\"@id\":\"https:\/\/galossan.com\/#\/schema\/logo\/image\/\",\"url\":\"https:\/\/galossan.com\/wp-content\/uploads\/2021\/10\/logogg1333-1.jpg\",\"contentUrl\":\"https:\/\/galossan.com\/wp-content\/uploads\/2021\/10\/logogg1333-1.jpg\",\"width\":51,\"height\":44,\"caption\":\"Galo\u015f imalat\u0131, Galo\u015f \u00e7e\u015fitleri, galo\u015fmatik galo\u015fu lGalossan\"},\"image\":{\"@id\":\"https:\/\/galossan.com\/#\/schema\/logo\/image\/\"},\"sameAs\":[\"https:\/\/www.facebook.com\/galossan\",\"https:\/\/www.instagram.com\/galossancom\/\",\"https:\/\/www.youtube.com\/channel\/UCaN0htJtvpis2xu51BwOtvA\"]}]}<\/script>\n<!-- \/ Yoast SEO plugin. -->","yoast_head_json":{"title":"Nonwoven White Tela White Shoe Cover With Non-Slip Sole","description":"Non-slip shoe covers are special overshoes produced with non-slip rubber sole material. While this product minimizes the risk of users slipping, it also helps maintain hygiene standards.","robots":{"index":"index","follow":"follow","max-snippet":"max-snippet:-1","max-image-preview":"max-image-preview:large","max-video-preview":"max-video-preview:-1"},"canonical":"https:\/\/galossan.com\/en\/urun\/nonwoven-beyaz-kaymaz-galos\/","og_locale":"en_US","og_type":"article","og_title":"[:tr]Nonwoven Beyaz kaymaz galo\u015f[:en]Nonwoven White Tela White Shoe Cover With Non-Slip Sole[:] - Galo\u015f imalat\u0131, Galo\u015f \u00e7e\u015fitleri, galo\u015fmatik galo\u015fu lGalossan","og_description":"[:tr]Kaymaz galo\u015f, kayd\u0131rmaz kau\u00e7uk taban malzemesi ile \u00fcretilmi\u015f \u00f6zel galo\u015flard\u0131r. Bu \u00fcr\u00fcn, kullan\u0131c\u0131lar\u0131n kayma riskini minimize ederken, ayn\u0131 zamanda hijyen standartlar\u0131n\u0131n korunmas\u0131na da yard\u0131mc\u0131 olur.[:en]Non-slip shoe covers are special overshoes produced with non-slip rubber sole material. While this product minimizes the risk of users slipping, it also helps maintain hygiene standards.[:]","og_url":"https:\/\/galossan.com\/en\/urun\/nonwoven-beyaz-kaymaz-galos\/","og_site_name":"Galo\u015f imalat\u0131, Galo\u015f \u00e7e\u015fitleri, galo\u015fmatik galo\u015fu lGalossan","article_publisher":"https:\/\/www.facebook.com\/galossan","article_modified_time":"2025-12-15T13:32:46+00:00","og_image":[{"width":988,"height":844,"url":"https:\/\/galossan.com\/wp-content\/uploads\/2020\/11\/kaymaz-galos.jpg","type":"image\/jpeg"}],"twitter_card":"summary_large_image","twitter_misc":{"Est. reading time":"4 minutes"},"schema":{"@context":"https:\/\/schema.org","@graph":[{"@type":"WebPage","@id":"https:\/\/galossan.com\/en\/urun\/nonwoven-beyaz-kaymaz-galos\/","url":"https:\/\/galossan.com\/en\/urun\/nonwoven-beyaz-kaymaz-galos\/","name":"Nonwoven White Tela White Shoe Cover With Non-Slip Sole","isPartOf":{"@id":"https:\/\/galossan.com\/#website"},"primaryImageOfPage":{"@id":"https:\/\/galossan.com\/en\/urun\/nonwoven-beyaz-kaymaz-galos\/#primaryimage"},"image":{"@id":"https:\/\/galossan.com\/en\/urun\/nonwoven-beyaz-kaymaz-galos\/#primaryimage"},"thumbnailUrl":"https:\/\/galossan.com\/wp-content\/uploads\/2020\/11\/kaymaz-galos.jpg","datePublished":"2023-03-22T11:36:09+00:00","dateModified":"2025-12-15T13:32:46+00:00","description":"Non-slip shoe covers are special overshoes produced with non-slip rubber sole material. While this product minimizes the risk of users slipping, it also helps maintain hygiene standards.","breadcrumb":{"@id":"https:\/\/galossan.com\/en\/urun\/nonwoven-beyaz-kaymaz-galos\/#breadcrumb"},"inLanguage":"en-US","potentialAction":[{"@type":"ReadAction","target":["https:\/\/galossan.com\/en\/urun\/nonwoven-beyaz-kaymaz-galos\/"]}]},{"@type":"ImageObject","inLanguage":"en-US","@id":"https:\/\/galossan.com\/en\/urun\/nonwoven-beyaz-kaymaz-galos\/#primaryimage","url":"https:\/\/galossan.com\/wp-content\/uploads\/2020\/11\/kaymaz-galos.jpg","contentUrl":"https:\/\/galossan.com\/wp-content\/uploads\/2020\/11\/kaymaz-galos.jpg","width":988,"height":844},{"@type":"BreadcrumbList","@id":"https:\/\/galossan.com\/en\/urun\/nonwoven-beyaz-kaymaz-galos\/#breadcrumb","itemListElement":[{"@type":"ListItem","position":1,"name":"\u00dcr\u00fcnlerimiz","item":"https:\/\/galossan.com\/urunlerimiz\/"},{"@type":"ListItem","position":2,"name":"Nonwoven White Tela White Shoe Cover With Non-Slip Sole"}]},{"@type":"WebSite","@id":"https:\/\/galossan.com\/#website","url":"https:\/\/galossan.com\/","name":"Galo\u015f imalat\u0131, Galo\u015f \u00e7e\u015fitleri, galo\u015fmatik galo\u015fu lGalossan","description":"\u00e7izme galo\u015fu, galo\u015f makinalar\u0131, galo\u015f fiyatlar\u0131, cerrahi maske, maske \u00fcretimi, veteriner eldiveni, tela bone, naylon kolluk","publisher":{"@id":"https:\/\/galossan.com\/#organization"},"potentialAction":[{"@type":"SearchAction","target":{"@type":"EntryPoint","urlTemplate":"https:\/\/galossan.com\/?s={search_term_string}"},"query-input":{"@type":"PropertyValueSpecification","valueRequired":true,"valueName":"search_term_string"}}],"inLanguage":"en-US"},{"@type":"Organization","@id":"https:\/\/galossan.com\/#organization","name":"Galo\u015f imalat\u0131, Galo\u015f \u00e7e\u015fitleri, galo\u015fmatik galo\u015fu lGalossan","url":"https:\/\/galossan.com\/","logo":{"@type":"ImageObject","inLanguage":"en-US","@id":"https:\/\/galossan.com\/#\/schema\/logo\/image\/","url":"https:\/\/galossan.com\/wp-content\/uploads\/2021\/10\/logogg1333-1.jpg","contentUrl":"https:\/\/galossan.com\/wp-content\/uploads\/2021\/10\/logogg1333-1.jpg","width":51,"height":44,"caption":"Galo\u015f imalat\u0131, Galo\u015f \u00e7e\u015fitleri, galo\u015fmatik galo\u015fu lGalossan"},"image":{"@id":"https:\/\/galossan.com\/#\/schema\/logo\/image\/"},"sameAs":["https:\/\/www.facebook.com\/galossan","https:\/\/www.instagram.com\/galossancom\/","https:\/\/www.youtube.com\/channel\/UCaN0htJtvpis2xu51BwOtvA"]}]}},"_links":{"self":[{"href":"https:\/\/galossan.com\/en\/wp-json\/wp\/v2\/product\/13575","targetHints":{"allow":["GET"]}}],"collection":[{"href":"https:\/\/galossan.com\/en\/wp-json\/wp\/v2\/product"}],"about":[{"href":"https:\/\/galossan.com\/en\/wp-json\/wp\/v2\/types\/product"}],"wp:featuredmedia":[{"embeddable":true,"href":"https:\/\/galossan.com\/en\/wp-json\/wp\/v2\/media\/2768"}],"wp:attachment":[{"href":"https:\/\/galossan.com\/en\/wp-json\/wp\/v2\/media?parent=13575"}],"wp:term":[{"taxonomy":"product_brand","embeddable":true,"href":"https:\/\/galossan.com\/en\/wp-json\/wp\/v2\/product_brand?post=13575"},{"taxonomy":"product_cat","embeddable":true,"href":"https:\/\/galossan.com\/en\/wp-json\/wp\/v2\/product_cat?post=13575"},{"taxonomy":"product_tag","embeddable":true,"href":"https:\/\/galossan.com\/en\/wp-json\/wp\/v2\/product_tag?post=13575"}],"curies":[{"name":"wp","href":"https:\/\/api.w.org\/{rel}","templated":true}]}}