{"id":12795,"date":"2023-02-01T15:13:24","date_gmt":"2023-02-01T12:13:24","guid":{"rendered":"https:\/\/galossan.com\/?post_type=product&#038;p=12795"},"modified":"2025-09-11T11:33:30","modified_gmt":"2025-09-11T08:33:30","slug":"tek-kullanimlik-naylon-kolluk-mavi","status":"publish","type":"product","link":"https:\/\/galossan.com\/en\/urun\/tek-kullanimlik-naylon-kolluk-mavi\/","title":{"rendered":"Single Elastic Band Disposable Nylon Sleeves 60 cm"},"content":{"rendered":"<h1>What is Disposable Nylon Sleeve? Hygiene and Usage Areas<\/h1>\n<p>Disposable <strong><em>nylon sleeves<\/em><\/strong>\u00a0are equipment used to maintain hygiene in many sectors. Especially in health, food industry, cleaning, etc. It is used in areas. Water-resistant disposable products protect the arm area of \u200b\u200bemployees and reduce the risk of hygiene.<\/p>\n<h2>Areas of Use<\/h2>\n<p><em><strong>Healthcare sector<\/strong><\/em>: The use of nylon sleeves by hospitals, clinics and technicians plays an important role in preventing the risk of infection and ensuring hygiene. Protective equipment ensures the safety of both healthcare workers and patients during surgical interventions.<\/p>\n<p><em><strong>Food factories:<\/strong><\/em> Food production companies are required to use protective equipment to deliver their products to their customers in a healthy way. This equipment includes nylon armbands. Among the staff, cooks and food workers reduce any risk of contamination by protecting their arms.<\/p>\n<p><em><strong>Cleaning services<\/strong><\/em>: In this sector, nylon sleeves are preferred for disinfecting many surfaces and arm protection. Therefore, cleaning processes become more hygienic and increase the safety of employees. It also accelerates work efficiency as the products are disposable.<\/p>\n<h2>Advantages<\/h2>\n<ul>\n<li>Since they are disposable, they carry less risk than other products.<\/li>\n<li>It is aimed to prevent infectious diseases by disposing of it after use.<\/li>\n<li>It is important for the products to have a flexible structure for easy use. It can be put on and taken off practically.<\/li>\n<li>When purchasing in bulk, nylon sleeves prices offer an economical option in terms of cost.<\/li>\n<\/ul>\n<h2>Features<\/h2>\n<p><img loading=\"lazy\" decoding=\"async\" class=\"alignnone wp-image-15242 size-medium\" src=\"https:\/\/galossan.com\/wp-content\/uploads\/2023\/02\/kolluk-coklu-300x225.jpg\" alt=\"\" width=\"300\" height=\"225\" srcset=\"https:\/\/galossan.com\/wp-content\/uploads\/2023\/02\/kolluk-coklu-300x225.jpg 300w, https:\/\/galossan.com\/wp-content\/uploads\/2023\/02\/kolluk-coklu-1024x768.jpg 1024w, https:\/\/galossan.com\/wp-content\/uploads\/2023\/02\/kolluk-coklu-768x576.jpg 768w, https:\/\/galossan.com\/wp-content\/uploads\/2023\/02\/kolluk-coklu-1536x1152.jpg 1536w, https:\/\/galossan.com\/wp-content\/uploads\/2023\/02\/kolluk-coklu-2048x1536.jpg 2048w, https:\/\/galossan.com\/wp-content\/uploads\/2023\/02\/kolluk-coklu-1064x798.jpg 1064w\" sizes=\"auto, (max-width: 300px) 100vw, 300px\" \/><\/p>\n<ul>\n<li>Since there is rubber on each inner end, it grips the handles completely and does not slip.<\/li>\n<li>Punch was used to hold the elastics at the end and prevent them from breaking.<\/li>\n<li>It is generally produced with a thickness of 20 microns.<\/li>\n<li>Product size is length 60 cm and width 15 cm.<\/li>\n<li>Available in blue and white colours. Different color options can be specially produced.<\/li>\n<\/ul>\n<h3>Instructions for Use<\/h3>\n<ul>\n<li>Since the ends of the products are stuck together, they must be torn off properly.<\/li>\n<li>Since it is disposable, it must be disposed of appropriately after the procedure.<\/li>\n<li>Reuse of the products is not recommended.<\/li>\n<li>Before use, the product should be checked for any damage.<\/li>\n<\/ul>\n<p>Disposable <a href=\"https:\/\/galossan.com\/en\/urun\/tek-kullanimlik-naylon-kolluk-mavi\/\" target=\"_blank\" rel=\"noopener\"><strong><em>nylon sleeves<\/em><\/strong><\/a> produced to maintain hygiene are of critical importance in the health and food sectors. Since the products are also produced from nylon material, they should be disposed of in accordance with the instructions for use, taking into account the environmental impact and avoiding waste disposal problems. Until recyclable and degradable materials are produced, environmentally friendly consumption habits should be observed and disposed of accordingly.<\/p>\n<p>&nbsp;<\/p>\n","protected":false},"excerpt":{"rendered":"<table border=\"2\" width=\"576\">\n<tbody>\n<tr>\n<th scope=\"col\" width=\"106\" height=\"53\">\n<div class=\"style10\" align=\"center\">\n<div class=\"style11\" align=\"center\">Product<\/div>\n<\/div>\n<\/th>\n<th scope=\"col\" width=\"452\">\n<p class=\"style9\" align=\"center\">DISPOSABLE NYLON SLEEVE 60 cm<\/p>\n<\/th>\n<\/tr>\n<tr>\n<th height=\"81\">\n<div class=\"style10\" align=\"center\">\n<div class=\"style11\" align=\"center\">explanation<\/div>\n<\/div>\n<\/th>\n<td>\n<ul>\n<li>500 pieces in a package<\/li>\n<li>double tire<\/li>\n<li>Liquid-proof, non-slip, tear-proof<\/li>\n<li>It is produced in automatic machines without human touch.<\/li>\n<li>Compressed vacuum packaging<\/li>\n<\/ul>\n<\/td>\n<\/tr>\n<\/tbody>\n<\/table>\n<table class=\"style3\" border=\"1\" width=\"576\">\n<tbody>\n<tr>\n<th scope=\"col\" width=\"180\">\n<p class=\"style12\" align=\"center\">Product Size<\/p>\n<p class=\"style12\" align=\"center\"><span style=\"vertical-align: inherit;\"><span style=\"vertical-align: inherit;\">60&#215;22 cm<\/span><\/span><\/p>\n<\/th>\n<th scope=\"col\" width=\"180\">\n<p class=\"style12\" align=\"center\">Colour<\/p>\n<p class=\"style12\" align=\"center\"><span style=\"vertical-align: inherit;\"><span style=\"vertical-align: inherit;\">Blue<\/span><\/span><\/p>\n<\/th>\n<\/tr>\n<\/tbody>\n<\/table>\n<table border=\"2\" width=\"576\">\n<tbody>\n<tr>\n<th scope=\"col\" width=\"106\" height=\"68\">Thickness<\/th>\n<td scope=\"col\" width=\"440\">\n<p class=\"style13\" align=\"left\"><span style=\"vertical-align: inherit;\"><span style=\"vertical-align: inherit;\">\u00a0 25 mikron<\/span><\/span><\/p>\n<\/td>\n<\/tr>\n<tr>\n<th width=\"106\" height=\"65\">Material<\/th>\n<td>\n<p align=\"left\"><span style=\"vertical-align: inherit;\"><span style=\"vertical-align: inherit;\">Polietilen malzemeden \u00fcretilmi\u015ftir.<\/span><\/span><\/p>\n<\/td>\n<\/tr>\n<\/tbody>\n<\/table>\n<p>&nbsp;<\/p>\n","protected":false},"featured_media":15240,"template":"","meta":[],"product_brand":[],"product_cat":[100,244],"product_tag":[440,551,328,550,549,327,318,329,552],"class_list":{"0":"post-12795","1":"product","2":"type-product","3":"status-publish","4":"has-post-thumbnail","6":"product_cat-tek-kullanimlik-urunler","7":"product_cat-tek-kullanimlik-kolluk","8":"product_tag-15-mikron-naylon-kolluk","9":"product_tag-60-cm-naylon-kolluk","10":"product_tag-kullan-at-kolluk","11":"product_tag-kullan-at-naylon-kolluk","12":"product_tag-naylon-kolluk-fiyatlari","13":"product_tag-naylon-kolluk","14":"product_tag-tek-kullanimlik-kolluk","15":"product_tag-tek-kullanimlik-naylon-kolluk","16":"product_tag-uzun-naylon-kolluk","17":"description-off","19":"first","20":"instock","21":"shipping-taxable","22":"product-type-external"},"yoast_head":"<!-- This site is optimized with the Yoast SEO plugin v26.9 - https:\/\/yoast.com\/product\/yoast-seo-wordpress\/ -->\n<title>Disposable Single Elastic Band Nylon Cuff Blue - Galossan<\/title>\n<meta name=\"description\" content=\"Disposable nylon sleeves are equipment used to maintain hygiene in many sectors. Especially in health, food industry, cleaning, etc. It is used in areas.\" \/>\n<meta name=\"robots\" content=\"index, follow, max-snippet:-1, max-image-preview:large, max-video-preview:-1\" \/>\n<link rel=\"canonical\" href=\"https:\/\/galossan.com\/en\/urun\/tek-kullanimlik-naylon-kolluk-mavi\/\" \/>\n<meta property=\"og:locale\" content=\"en_US\" \/>\n<meta property=\"og:locale:alternate\" content=\"tr_TR\" \/>\n<meta property=\"og:type\" content=\"article\" \/>\n<meta property=\"og:title\" content=\"Disposable Single Elastic Band Nylon Cuff Blue - Galossan\" \/>\n<meta property=\"og:description\" content=\"Disposable nylon sleeves are equipment used to maintain hygiene in many sectors. Especially in health, food industry, cleaning, etc. It is used in areas.\" \/>\n<meta property=\"og:url\" content=\"https:\/\/galossan.com\/en\/urun\/tek-kullanimlik-naylon-kolluk-mavi\/\" \/>\n<meta property=\"og:site_name\" content=\"Galo\u015f imalat\u0131, Galo\u015f \u00e7e\u015fitleri, galo\u015fmatik galo\u015fu lGalossan\" \/>\n<meta property=\"article:publisher\" content=\"https:\/\/www.facebook.com\/galossan\" \/>\n<meta property=\"article:modified_time\" content=\"2025-09-11T08:33:30+00:00\" \/>\n<meta property=\"og:image\" content=\"https:\/\/galossan.com\/wp-content\/uploads\/2023\/02\/uzun-naylon-kolluk.jpg\" \/>\n\t<meta property=\"og:image:width\" content=\"1000\" \/>\n\t<meta property=\"og:image:height\" content=\"1000\" \/>\n\t<meta property=\"og:image:type\" content=\"image\/jpeg\" \/>\n<meta name=\"twitter:card\" content=\"summary_large_image\" \/>\n<meta name=\"twitter:label1\" content=\"Est. reading time\" \/>\n\t<meta name=\"twitter:data1\" content=\"3 minutes\" \/>\n<script type=\"application\/ld+json\" class=\"yoast-schema-graph\">{\"@context\":\"https:\/\/schema.org\",\"@graph\":[{\"@type\":\"WebPage\",\"@id\":\"https:\/\/galossan.com\/urun\/tek-kullanimlik-naylon-kolluk-mavi\/\",\"url\":\"https:\/\/galossan.com\/urun\/tek-kullanimlik-naylon-kolluk-mavi\/\",\"name\":\"Disposable Single Elastic Band Nylon Cuff Blue - Galossan\",\"isPartOf\":{\"@id\":\"https:\/\/galossan.com\/#website\"},\"primaryImageOfPage\":{\"@id\":\"https:\/\/galossan.com\/urun\/tek-kullanimlik-naylon-kolluk-mavi\/#primaryimage\"},\"image\":{\"@id\":\"https:\/\/galossan.com\/urun\/tek-kullanimlik-naylon-kolluk-mavi\/#primaryimage\"},\"thumbnailUrl\":\"https:\/\/galossan.com\/wp-content\/uploads\/2023\/02\/60cm-kolluk-on-kapaksss1.jpg\",\"datePublished\":\"2023-02-01T12:13:24+00:00\",\"dateModified\":\"2025-09-11T08:33:30+00:00\",\"description\":\"Disposable nylon sleeves are equipment used to maintain hygiene in many sectors. Especially in health, food industry, cleaning, etc. It is used in areas.\",\"breadcrumb\":{\"@id\":\"https:\/\/galossan.com\/urun\/tek-kullanimlik-naylon-kolluk-mavi\/#breadcrumb\"},\"inLanguage\":\"en-US\",\"potentialAction\":[{\"@type\":\"ReadAction\",\"target\":[\"https:\/\/galossan.com\/urun\/tek-kullanimlik-naylon-kolluk-mavi\/\"]}]},{\"@type\":\"ImageObject\",\"inLanguage\":\"en-US\",\"@id\":\"https:\/\/galossan.com\/urun\/tek-kullanimlik-naylon-kolluk-mavi\/#primaryimage\",\"url\":\"https:\/\/galossan.com\/wp-content\/uploads\/2023\/02\/60cm-kolluk-on-kapaksss1.jpg\",\"contentUrl\":\"https:\/\/galossan.com\/wp-content\/uploads\/2023\/02\/60cm-kolluk-on-kapaksss1.jpg\",\"width\":1100,\"height\":900},{\"@type\":\"BreadcrumbList\",\"@id\":\"https:\/\/galossan.com\/urun\/tek-kullanimlik-naylon-kolluk-mavi\/#breadcrumb\",\"itemListElement\":[{\"@type\":\"ListItem\",\"position\":1,\"name\":\"\u00dcr\u00fcnlerimiz\",\"item\":\"https:\/\/galossan.com\/urunlerimiz\/\"},{\"@type\":\"ListItem\",\"position\":2,\"name\":\"Tek Kullan\u0131ml\u0131k Naylon Kolluk Mavi 60 cm\"}]},{\"@type\":\"WebSite\",\"@id\":\"https:\/\/galossan.com\/#website\",\"url\":\"https:\/\/galossan.com\/\",\"name\":\"Galo\u015f imalat\u0131, Galo\u015f \u00e7e\u015fitleri, galo\u015fmatik galo\u015fu lGalossan\",\"description\":\"\u00e7izme galo\u015fu, galo\u015f makinalar\u0131, galo\u015f fiyatlar\u0131, cerrahi maske, maske \u00fcretimi, veteriner eldiveni, tela bone, naylon kolluk\",\"publisher\":{\"@id\":\"https:\/\/galossan.com\/#organization\"},\"potentialAction\":[{\"@type\":\"SearchAction\",\"target\":{\"@type\":\"EntryPoint\",\"urlTemplate\":\"https:\/\/galossan.com\/?s={search_term_string}\"},\"query-input\":{\"@type\":\"PropertyValueSpecification\",\"valueRequired\":true,\"valueName\":\"search_term_string\"}}],\"inLanguage\":\"en-US\"},{\"@type\":\"Organization\",\"@id\":\"https:\/\/galossan.com\/#organization\",\"name\":\"Galo\u015f imalat\u0131, Galo\u015f \u00e7e\u015fitleri, galo\u015fmatik galo\u015fu lGalossan\",\"url\":\"https:\/\/galossan.com\/\",\"logo\":{\"@type\":\"ImageObject\",\"inLanguage\":\"en-US\",\"@id\":\"https:\/\/galossan.com\/#\/schema\/logo\/image\/\",\"url\":\"https:\/\/galossan.com\/wp-content\/uploads\/2021\/10\/logogg1333-1.jpg\",\"contentUrl\":\"https:\/\/galossan.com\/wp-content\/uploads\/2021\/10\/logogg1333-1.jpg\",\"width\":51,\"height\":44,\"caption\":\"Galo\u015f imalat\u0131, Galo\u015f \u00e7e\u015fitleri, galo\u015fmatik galo\u015fu lGalossan\"},\"image\":{\"@id\":\"https:\/\/galossan.com\/#\/schema\/logo\/image\/\"},\"sameAs\":[\"https:\/\/www.facebook.com\/galossan\",\"https:\/\/www.instagram.com\/galossancom\/\",\"https:\/\/www.youtube.com\/channel\/UCaN0htJtvpis2xu51BwOtvA\"]}]}<\/script>\n<!-- \/ Yoast SEO plugin. -->","yoast_head_json":{"title":"Disposable Single Elastic Band Nylon Cuff Blue - Galossan","description":"Disposable nylon sleeves are equipment used to maintain hygiene in many sectors. Especially in health, food industry, cleaning, etc. It is used in areas.","robots":{"index":"index","follow":"follow","max-snippet":"max-snippet:-1","max-image-preview":"max-image-preview:large","max-video-preview":"max-video-preview:-1"},"canonical":"https:\/\/galossan.com\/en\/urun\/tek-kullanimlik-naylon-kolluk-mavi\/","og_locale":"en_US","og_type":"article","og_title":"[:tr]Tek Kullan\u0131ml\u0131k Naylon Kolluk Mavi - Galossan \u00dcretici Firma[:en]Disposable Single Elastic Band Nylon Cuff Blue - Galossan[:]","og_description":"[:tr]Naylon kolluk, tek kullan\u0131ml\u0131k kolluk, 60 cm uzun kolluk \u00e7e\u015fitleri. farkl\u0131 \u00f6l\u00e7\u00fc ve renklerde uzun kolluk modellerini uygun fiyatlarla ma\u011fazam\u0131zda![:en]Disposable nylon sleeves are equipment used to maintain hygiene in many sectors. Especially in health, food industry, cleaning, etc. It is used in areas.[:]","og_url":"https:\/\/galossan.com\/en\/urun\/tek-kullanimlik-naylon-kolluk-mavi\/","og_site_name":"Galo\u015f imalat\u0131, Galo\u015f \u00e7e\u015fitleri, galo\u015fmatik galo\u015fu lGalossan","article_publisher":"https:\/\/www.facebook.com\/galossan","article_modified_time":"2025-09-11T08:33:30+00:00","og_image":[{"width":1000,"height":1000,"url":"https:\/\/galossan.com\/wp-content\/uploads\/2023\/02\/uzun-naylon-kolluk.jpg","type":"image\/jpeg"}],"twitter_card":"summary_large_image","twitter_misc":{"Est. reading time":"3 minutes"},"schema":{"@context":"https:\/\/schema.org","@graph":[{"@type":"WebPage","@id":"https:\/\/galossan.com\/urun\/tek-kullanimlik-naylon-kolluk-mavi\/","url":"https:\/\/galossan.com\/urun\/tek-kullanimlik-naylon-kolluk-mavi\/","name":"Disposable Single Elastic Band Nylon Cuff Blue - Galossan","isPartOf":{"@id":"https:\/\/galossan.com\/#website"},"primaryImageOfPage":{"@id":"https:\/\/galossan.com\/urun\/tek-kullanimlik-naylon-kolluk-mavi\/#primaryimage"},"image":{"@id":"https:\/\/galossan.com\/urun\/tek-kullanimlik-naylon-kolluk-mavi\/#primaryimage"},"thumbnailUrl":"https:\/\/galossan.com\/wp-content\/uploads\/2023\/02\/60cm-kolluk-on-kapaksss1.jpg","datePublished":"2023-02-01T12:13:24+00:00","dateModified":"2025-09-11T08:33:30+00:00","description":"Disposable nylon sleeves are equipment used to maintain hygiene in many sectors. Especially in health, food industry, cleaning, etc. It is used in areas.","breadcrumb":{"@id":"https:\/\/galossan.com\/urun\/tek-kullanimlik-naylon-kolluk-mavi\/#breadcrumb"},"inLanguage":"en-US","potentialAction":[{"@type":"ReadAction","target":["https:\/\/galossan.com\/urun\/tek-kullanimlik-naylon-kolluk-mavi\/"]}]},{"@type":"ImageObject","inLanguage":"en-US","@id":"https:\/\/galossan.com\/urun\/tek-kullanimlik-naylon-kolluk-mavi\/#primaryimage","url":"https:\/\/galossan.com\/wp-content\/uploads\/2023\/02\/60cm-kolluk-on-kapaksss1.jpg","contentUrl":"https:\/\/galossan.com\/wp-content\/uploads\/2023\/02\/60cm-kolluk-on-kapaksss1.jpg","width":1100,"height":900},{"@type":"BreadcrumbList","@id":"https:\/\/galossan.com\/urun\/tek-kullanimlik-naylon-kolluk-mavi\/#breadcrumb","itemListElement":[{"@type":"ListItem","position":1,"name":"\u00dcr\u00fcnlerimiz","item":"https:\/\/galossan.com\/urunlerimiz\/"},{"@type":"ListItem","position":2,"name":"Tek Kullan\u0131ml\u0131k Naylon Kolluk Mavi 60 cm"}]},{"@type":"WebSite","@id":"https:\/\/galossan.com\/#website","url":"https:\/\/galossan.com\/","name":"Galo\u015f imalat\u0131, Galo\u015f \u00e7e\u015fitleri, galo\u015fmatik galo\u015fu lGalossan","description":"\u00e7izme galo\u015fu, galo\u015f makinalar\u0131, galo\u015f fiyatlar\u0131, cerrahi maske, maske \u00fcretimi, veteriner eldiveni, tela bone, naylon kolluk","publisher":{"@id":"https:\/\/galossan.com\/#organization"},"potentialAction":[{"@type":"SearchAction","target":{"@type":"EntryPoint","urlTemplate":"https:\/\/galossan.com\/?s={search_term_string}"},"query-input":{"@type":"PropertyValueSpecification","valueRequired":true,"valueName":"search_term_string"}}],"inLanguage":"en-US"},{"@type":"Organization","@id":"https:\/\/galossan.com\/#organization","name":"Galo\u015f imalat\u0131, Galo\u015f \u00e7e\u015fitleri, galo\u015fmatik galo\u015fu lGalossan","url":"https:\/\/galossan.com\/","logo":{"@type":"ImageObject","inLanguage":"en-US","@id":"https:\/\/galossan.com\/#\/schema\/logo\/image\/","url":"https:\/\/galossan.com\/wp-content\/uploads\/2021\/10\/logogg1333-1.jpg","contentUrl":"https:\/\/galossan.com\/wp-content\/uploads\/2021\/10\/logogg1333-1.jpg","width":51,"height":44,"caption":"Galo\u015f imalat\u0131, Galo\u015f \u00e7e\u015fitleri, galo\u015fmatik galo\u015fu lGalossan"},"image":{"@id":"https:\/\/galossan.com\/#\/schema\/logo\/image\/"},"sameAs":["https:\/\/www.facebook.com\/galossan","https:\/\/www.instagram.com\/galossancom\/","https:\/\/www.youtube.com\/channel\/UCaN0htJtvpis2xu51BwOtvA"]}]}},"_links":{"self":[{"href":"https:\/\/galossan.com\/en\/wp-json\/wp\/v2\/product\/12795","targetHints":{"allow":["GET"]}}],"collection":[{"href":"https:\/\/galossan.com\/en\/wp-json\/wp\/v2\/product"}],"about":[{"href":"https:\/\/galossan.com\/en\/wp-json\/wp\/v2\/types\/product"}],"wp:featuredmedia":[{"embeddable":true,"href":"https:\/\/galossan.com\/en\/wp-json\/wp\/v2\/media\/15240"}],"wp:attachment":[{"href":"https:\/\/galossan.com\/en\/wp-json\/wp\/v2\/media?parent=12795"}],"wp:term":[{"taxonomy":"product_brand","embeddable":true,"href":"https:\/\/galossan.com\/en\/wp-json\/wp\/v2\/product_brand?post=12795"},{"taxonomy":"product_cat","embeddable":true,"href":"https:\/\/galossan.com\/en\/wp-json\/wp\/v2\/product_cat?post=12795"},{"taxonomy":"product_tag","embeddable":true,"href":"https:\/\/galossan.com\/en\/wp-json\/wp\/v2\/product_tag?post=12795"}],"curies":[{"name":"wp","href":"https:\/\/api.w.org\/{rel}","templated":true}]}}