{"id":12292,"date":"2019-11-08T17:43:28","date_gmt":"2019-11-08T14:43:28","guid":{"rendered":"https:\/\/galossan.com\/?post_type=product&#038;p=12292"},"modified":"2023-08-22T15:16:26","modified_gmt":"2023-08-22T12:16:26","slug":"suni-deri-onluk","status":"publish","type":"product","link":"https:\/\/galossan.com\/en\/urun\/suni-deri-onluk\/","title":{"rendered":"Faux Leather Apron"},"content":{"rendered":"","protected":false},"excerpt":{"rendered":"<table border=\"2\" width=\"576\">\n<tbody>\n<tr>\n<th scope=\"col\" width=\"106\" height=\"53\">\n<div class=\"style10\" align=\"center\">\n<div class=\"style11\" align=\"center\">Product<\/div>\n<\/div>\n<\/th>\n<th scope=\"col\" width=\"452\">\n<p class=\"style9\" align=\"center\">Faux Leather Apron<\/p>\n<\/th>\n<\/tr>\n<tr>\n<th height=\"81\">\n<div class=\"style10\" align=\"center\">\n<div class=\"style11\" align=\"center\">Description<\/div>\n<\/div>\n<\/th>\n<td>\n<ul>\n<li><span style=\"font-family: inherit; font-size: inherit;\">Faux Leather <\/span><\/li>\n<\/ul>\n<\/td>\n<\/tr>\n<\/tbody>\n<\/table>\n<table class=\"style3\" border=\"1\" width=\"576\">\n<tbody>\n<tr>\n<th scope=\"col\" width=\"180\">\n<p class=\"style12\" align=\"center\">Product sizes<\/p>\n<p class=\"style12\" style=\"text-align: -webkit-center;\" align=\"center\"><span style=\"text-align: left; font-size: 12px; line-height: 1.42857; background-color: transparent;\">70 x 100 cm<\/span><\/p>\n<p align=\"center\"><span style=\"text-align: left; font-size: 12px; line-height: 1.42857; background-color: transparent;\">70 x 120 cm<\/span><\/p>\n<\/th>\n<th scope=\"col\" width=\"180\">\n<p class=\"style12\" align=\"center\">Package Weight<\/p>\n<p class=\"style12\" align=\"center\">&#8211;<\/p>\n<\/th>\n<th scope=\"col\" width=\"180\">\n<p class=\"style12\" align=\"center\">Colour<\/p>\n<p class=\"style12\" align=\"center\">Blue-White-Red<\/p>\n<\/th>\n<\/tr>\n<\/tbody>\n<\/table>\n<table border=\"2\" width=\"576\">\n<tbody>\n<tr>\n<th width=\"106\" height=\"65\">Material<\/th>\n<td width=\"440\">\n<p align=\"left\">Faux Leather<\/p>\n<\/td>\n<\/tr>\n<\/tbody>\n<\/table>\n","protected":false},"featured_media":12293,"template":"","meta":[],"product_brand":[],"product_cat":[100,243],"product_tag":[512,514,513,511],"class_list":{"0":"post-12292","1":"product","2":"type-product","3":"status-publish","4":"has-post-thumbnail","6":"product_cat-tek-kullanimlik-urunler","7":"product_cat-tek-kullanimlik-onluk","8":"product_tag-deri-onluk","9":"product_tag-kasap-onlugu","10":"product_tag-kasap-onluk","11":"product_tag-suni-deri-onluk","12":"description-off","14":"first","15":"instock","16":"shipping-taxable","17":"product-type-external"},"yoast_head":"<!-- This site is optimized with the Yoast SEO plugin v26.9 - https:\/\/yoast.com\/product\/yoast-seo-wordpress\/ -->\n<title>Uzun Kollu Naylon \u00d6nl\u00fck 20 Micron 100 Adet - Galossan \u00dcretici Firma<\/title>\n<meta name=\"description\" content=\"Please contact us as the manufacturer for your requests such as long-sleeved nylon apron, 20 micron nylon apron, disposable nylon apron.\" \/>\n<meta name=\"robots\" content=\"index, follow, max-snippet:-1, max-image-preview:large, max-video-preview:-1\" \/>\n<link rel=\"canonical\" href=\"https:\/\/galossan.com\/en\/urun\/suni-deri-onluk\/\" \/>\n<meta property=\"og:locale\" content=\"en_US\" \/>\n<meta property=\"og:locale:alternate\" content=\"tr_TR\" \/>\n<meta property=\"og:type\" content=\"article\" \/>\n<meta property=\"og:title\" content=\"Uzun Kollu Naylon \u00d6nl\u00fck 20 Micron 100 Adet - Galossan \u00dcretici Firma\" \/>\n<meta property=\"og:description\" content=\"uzun kollu naylon \u00f6nl\u00fck, 20 micron naylon \u00f6nl\u00fck, tek kullan\u0131ml\u0131k naylon \u00f6nl\u00fck gibi taleplerinizde \u00fcretici firma olarak ileti\u015fime ge\u00e7iniz\" \/>\n<meta property=\"og:url\" content=\"https:\/\/galossan.com\/en\/urun\/suni-deri-onluk\/\" \/>\n<meta property=\"og:site_name\" content=\"Galo\u015f imalat\u0131, Galo\u015f \u00e7e\u015fitleri, galo\u015fmatik galo\u015fu lGalossan\" \/>\n<meta property=\"article:publisher\" content=\"https:\/\/www.facebook.com\/galossan\" \/>\n<meta property=\"article:modified_time\" content=\"2023-08-22T12:16:26+00:00\" \/>\n<meta property=\"og:image\" content=\"https:\/\/galossan.com\/wp-content\/uploads\/2022\/11\/3.jpg\" \/>\n\t<meta property=\"og:image:width\" content=\"800\" \/>\n\t<meta property=\"og:image:height\" content=\"800\" \/>\n\t<meta property=\"og:image:type\" content=\"image\/jpeg\" \/>\n<meta name=\"twitter:card\" content=\"summary_large_image\" \/>\n<script type=\"application\/ld+json\" class=\"yoast-schema-graph\">{\"@context\":\"https:\/\/schema.org\",\"@graph\":[{\"@type\":\"WebPage\",\"@id\":\"https:\/\/galossan.com\/urun\/suni-deri-onluk\/\",\"url\":\"https:\/\/galossan.com\/urun\/suni-deri-onluk\/\",\"name\":\"Uzun Kollu Naylon \u00d6nl\u00fck 20 Micron 100 Adet - Galossan \u00dcretici Firma\",\"isPartOf\":{\"@id\":\"https:\/\/galossan.com\/#website\"},\"primaryImageOfPage\":{\"@id\":\"https:\/\/galossan.com\/urun\/suni-deri-onluk\/#primaryimage\"},\"image\":{\"@id\":\"https:\/\/galossan.com\/urun\/suni-deri-onluk\/#primaryimage\"},\"thumbnailUrl\":\"https:\/\/galossan.com\/wp-content\/uploads\/2022\/11\/3.jpg\",\"datePublished\":\"2019-11-08T14:43:28+00:00\",\"dateModified\":\"2023-08-22T12:16:26+00:00\",\"description\":\"uzun kollu naylon \u00f6nl\u00fck, 20 micron naylon \u00f6nl\u00fck, tek kullan\u0131ml\u0131k naylon \u00f6nl\u00fck gibi taleplerinizde \u00fcretici firma olarak ileti\u015fime ge\u00e7iniz\",\"breadcrumb\":{\"@id\":\"https:\/\/galossan.com\/urun\/suni-deri-onluk\/#breadcrumb\"},\"inLanguage\":\"en-US\",\"potentialAction\":[{\"@type\":\"ReadAction\",\"target\":[\"https:\/\/galossan.com\/urun\/suni-deri-onluk\/\"]}]},{\"@type\":\"ImageObject\",\"inLanguage\":\"en-US\",\"@id\":\"https:\/\/galossan.com\/urun\/suni-deri-onluk\/#primaryimage\",\"url\":\"https:\/\/galossan.com\/wp-content\/uploads\/2022\/11\/3.jpg\",\"contentUrl\":\"https:\/\/galossan.com\/wp-content\/uploads\/2022\/11\/3.jpg\",\"width\":800,\"height\":800},{\"@type\":\"BreadcrumbList\",\"@id\":\"https:\/\/galossan.com\/urun\/suni-deri-onluk\/#breadcrumb\",\"itemListElement\":[{\"@type\":\"ListItem\",\"position\":1,\"name\":\"\u00dcr\u00fcnlerimiz\",\"item\":\"https:\/\/galossan.com\/urunlerimiz\/\"},{\"@type\":\"ListItem\",\"position\":2,\"name\":\"Suni Deri \u00d6nl\u00fck\"}]},{\"@type\":\"WebSite\",\"@id\":\"https:\/\/galossan.com\/#website\",\"url\":\"https:\/\/galossan.com\/\",\"name\":\"Galo\u015f imalat\u0131, Galo\u015f \u00e7e\u015fitleri, galo\u015fmatik galo\u015fu lGalossan\",\"description\":\"\u00e7izme galo\u015fu, galo\u015f makinalar\u0131, galo\u015f fiyatlar\u0131, cerrahi maske, maske \u00fcretimi, veteriner eldiveni, tela bone, naylon kolluk\",\"publisher\":{\"@id\":\"https:\/\/galossan.com\/#organization\"},\"potentialAction\":[{\"@type\":\"SearchAction\",\"target\":{\"@type\":\"EntryPoint\",\"urlTemplate\":\"https:\/\/galossan.com\/?s={search_term_string}\"},\"query-input\":{\"@type\":\"PropertyValueSpecification\",\"valueRequired\":true,\"valueName\":\"search_term_string\"}}],\"inLanguage\":\"en-US\"},{\"@type\":\"Organization\",\"@id\":\"https:\/\/galossan.com\/#organization\",\"name\":\"Galo\u015f imalat\u0131, Galo\u015f \u00e7e\u015fitleri, galo\u015fmatik galo\u015fu lGalossan\",\"url\":\"https:\/\/galossan.com\/\",\"logo\":{\"@type\":\"ImageObject\",\"inLanguage\":\"en-US\",\"@id\":\"https:\/\/galossan.com\/#\/schema\/logo\/image\/\",\"url\":\"https:\/\/galossan.com\/wp-content\/uploads\/2021\/10\/logogg1333-1.jpg\",\"contentUrl\":\"https:\/\/galossan.com\/wp-content\/uploads\/2021\/10\/logogg1333-1.jpg\",\"width\":51,\"height\":44,\"caption\":\"Galo\u015f imalat\u0131, Galo\u015f \u00e7e\u015fitleri, galo\u015fmatik galo\u015fu lGalossan\"},\"image\":{\"@id\":\"https:\/\/galossan.com\/#\/schema\/logo\/image\/\"},\"sameAs\":[\"https:\/\/www.facebook.com\/galossan\",\"https:\/\/www.instagram.com\/galossancom\/\",\"https:\/\/www.youtube.com\/channel\/UCaN0htJtvpis2xu51BwOtvA\"]}]}<\/script>\n<!-- \/ Yoast SEO plugin. -->","yoast_head_json":{"title":"Uzun Kollu Naylon \u00d6nl\u00fck 20 Micron 100 Adet - Galossan \u00dcretici Firma","description":"Please contact us as the manufacturer for your requests such as long-sleeved nylon apron, 20 micron nylon apron, disposable nylon apron.","robots":{"index":"index","follow":"follow","max-snippet":"max-snippet:-1","max-image-preview":"max-image-preview:large","max-video-preview":"max-video-preview:-1"},"canonical":"https:\/\/galossan.com\/en\/urun\/suni-deri-onluk\/","og_locale":"en_US","og_type":"article","og_title":"Uzun Kollu Naylon \u00d6nl\u00fck 20 Micron 100 Adet - Galossan \u00dcretici Firma","og_description":"uzun kollu naylon \u00f6nl\u00fck, 20 micron naylon \u00f6nl\u00fck, tek kullan\u0131ml\u0131k naylon \u00f6nl\u00fck gibi taleplerinizde \u00fcretici firma olarak ileti\u015fime ge\u00e7iniz","og_url":"https:\/\/galossan.com\/en\/urun\/suni-deri-onluk\/","og_site_name":"Galo\u015f imalat\u0131, Galo\u015f \u00e7e\u015fitleri, galo\u015fmatik galo\u015fu lGalossan","article_publisher":"https:\/\/www.facebook.com\/galossan","article_modified_time":"2023-08-22T12:16:26+00:00","og_image":[{"width":800,"height":800,"url":"https:\/\/galossan.com\/wp-content\/uploads\/2022\/11\/3.jpg","type":"image\/jpeg"}],"twitter_card":"summary_large_image","schema":{"@context":"https:\/\/schema.org","@graph":[{"@type":"WebPage","@id":"https:\/\/galossan.com\/urun\/suni-deri-onluk\/","url":"https:\/\/galossan.com\/urun\/suni-deri-onluk\/","name":"Uzun Kollu Naylon \u00d6nl\u00fck 20 Micron 100 Adet - Galossan \u00dcretici Firma","isPartOf":{"@id":"https:\/\/galossan.com\/#website"},"primaryImageOfPage":{"@id":"https:\/\/galossan.com\/urun\/suni-deri-onluk\/#primaryimage"},"image":{"@id":"https:\/\/galossan.com\/urun\/suni-deri-onluk\/#primaryimage"},"thumbnailUrl":"https:\/\/galossan.com\/wp-content\/uploads\/2022\/11\/3.jpg","datePublished":"2019-11-08T14:43:28+00:00","dateModified":"2023-08-22T12:16:26+00:00","description":"uzun kollu naylon \u00f6nl\u00fck, 20 micron naylon \u00f6nl\u00fck, tek kullan\u0131ml\u0131k naylon \u00f6nl\u00fck gibi taleplerinizde \u00fcretici firma olarak ileti\u015fime ge\u00e7iniz","breadcrumb":{"@id":"https:\/\/galossan.com\/urun\/suni-deri-onluk\/#breadcrumb"},"inLanguage":"en-US","potentialAction":[{"@type":"ReadAction","target":["https:\/\/galossan.com\/urun\/suni-deri-onluk\/"]}]},{"@type":"ImageObject","inLanguage":"en-US","@id":"https:\/\/galossan.com\/urun\/suni-deri-onluk\/#primaryimage","url":"https:\/\/galossan.com\/wp-content\/uploads\/2022\/11\/3.jpg","contentUrl":"https:\/\/galossan.com\/wp-content\/uploads\/2022\/11\/3.jpg","width":800,"height":800},{"@type":"BreadcrumbList","@id":"https:\/\/galossan.com\/urun\/suni-deri-onluk\/#breadcrumb","itemListElement":[{"@type":"ListItem","position":1,"name":"\u00dcr\u00fcnlerimiz","item":"https:\/\/galossan.com\/urunlerimiz\/"},{"@type":"ListItem","position":2,"name":"Suni Deri \u00d6nl\u00fck"}]},{"@type":"WebSite","@id":"https:\/\/galossan.com\/#website","url":"https:\/\/galossan.com\/","name":"Galo\u015f imalat\u0131, Galo\u015f \u00e7e\u015fitleri, galo\u015fmatik galo\u015fu lGalossan","description":"\u00e7izme galo\u015fu, galo\u015f makinalar\u0131, galo\u015f fiyatlar\u0131, cerrahi maske, maske \u00fcretimi, veteriner eldiveni, tela bone, naylon kolluk","publisher":{"@id":"https:\/\/galossan.com\/#organization"},"potentialAction":[{"@type":"SearchAction","target":{"@type":"EntryPoint","urlTemplate":"https:\/\/galossan.com\/?s={search_term_string}"},"query-input":{"@type":"PropertyValueSpecification","valueRequired":true,"valueName":"search_term_string"}}],"inLanguage":"en-US"},{"@type":"Organization","@id":"https:\/\/galossan.com\/#organization","name":"Galo\u015f imalat\u0131, Galo\u015f \u00e7e\u015fitleri, galo\u015fmatik galo\u015fu lGalossan","url":"https:\/\/galossan.com\/","logo":{"@type":"ImageObject","inLanguage":"en-US","@id":"https:\/\/galossan.com\/#\/schema\/logo\/image\/","url":"https:\/\/galossan.com\/wp-content\/uploads\/2021\/10\/logogg1333-1.jpg","contentUrl":"https:\/\/galossan.com\/wp-content\/uploads\/2021\/10\/logogg1333-1.jpg","width":51,"height":44,"caption":"Galo\u015f imalat\u0131, Galo\u015f \u00e7e\u015fitleri, galo\u015fmatik galo\u015fu lGalossan"},"image":{"@id":"https:\/\/galossan.com\/#\/schema\/logo\/image\/"},"sameAs":["https:\/\/www.facebook.com\/galossan","https:\/\/www.instagram.com\/galossancom\/","https:\/\/www.youtube.com\/channel\/UCaN0htJtvpis2xu51BwOtvA"]}]}},"_links":{"self":[{"href":"https:\/\/galossan.com\/en\/wp-json\/wp\/v2\/product\/12292","targetHints":{"allow":["GET"]}}],"collection":[{"href":"https:\/\/galossan.com\/en\/wp-json\/wp\/v2\/product"}],"about":[{"href":"https:\/\/galossan.com\/en\/wp-json\/wp\/v2\/types\/product"}],"wp:featuredmedia":[{"embeddable":true,"href":"https:\/\/galossan.com\/en\/wp-json\/wp\/v2\/media\/12293"}],"wp:attachment":[{"href":"https:\/\/galossan.com\/en\/wp-json\/wp\/v2\/media?parent=12292"}],"wp:term":[{"taxonomy":"product_brand","embeddable":true,"href":"https:\/\/galossan.com\/en\/wp-json\/wp\/v2\/product_brand?post=12292"},{"taxonomy":"product_cat","embeddable":true,"href":"https:\/\/galossan.com\/en\/wp-json\/wp\/v2\/product_cat?post=12292"},{"taxonomy":"product_tag","embeddable":true,"href":"https:\/\/galossan.com\/en\/wp-json\/wp\/v2\/product_tag?post=12292"}],"curies":[{"name":"wp","href":"https:\/\/api.w.org\/{rel}","templated":true}]}}