{"id":144,"date":"2019-12-06T14:54:49","date_gmt":"2019-12-06T14:54:49","guid":{"rendered":"https:\/\/the7.io\/clothing\/?page_id=144"},"modified":"2025-12-17T14:57:49","modified_gmt":"2025-12-17T11:57:49","slug":"iletisim","status":"publish","type":"page","link":"https:\/\/galossan.com\/en\/iletisim\/","title":{"rendered":"Contact"},"content":{"rendered":"<div class=\"wpb-content-wrapper\"><p>[vc_row full_width=&#8221;stretch_row&#8221; css=&#8221;.vc_custom_1635242087668{padding-top: 5% !important;background-color: #abddf2 !important;}&#8221;][vc_column]<div id=\"ultimate-heading-610569e74b5ad9785\" class=\"uvc-heading ult-adjust-bottom-margin ultimate-heading-610569e74b5ad9785 uvc-8381  uvc-heading-default-font-sizes\" data-hspacer=\"no_spacer\"  data-halign=\"center\" style=\"text-align:center\"><div class=\"uvc-heading-spacer no_spacer\" style=\"top\"><\/div><div class=\"uvc-main-heading ult-responsive\"  data-ultimate-target='.uvc-heading.ultimate-heading-610569e74b5ad9785 h2'  data-responsive-json-new='{\"font-size\":\"\",\"line-height\":\"\"}' ><h2 style=\"--font-weight:theme;margin-bottom:35px;\">How can we help you ?<\/h2><\/div><div class=\"uvc-sub-heading ult-responsive\"  data-ultimate-target='.uvc-heading.ultimate-heading-610569e74b5ad9785 .uvc-sub-heading '  data-responsive-json-new='{\"font-size\":\"\",\"line-height\":\"\"}'  style=\"font-weight:normal;\"><\/p>\n<h3 style=\"text-align: center;\">Contact us for more information.<\/h3>\n<p><\/div><\/div>[\/vc_column][\/vc_row][vc_row full_width=&#8221;stretch_row&#8221; seperator_enable=&#8221;seperator_enable_value&#8221; seperator_type=&#8221;xlarge_triangle_seperator&#8221; css=&#8221;.vc_custom_1610367355329{padding-top: 20px !important;padding-bottom: 20px !important;background-color: rgba(255,255,255,0.6) !important;*background-color: rgb(255,255,255) !important;}&#8221;][vc_column css_animation=&#8221;left-to-right&#8221; width=&#8221;1\/3&#8243; css=&#8221;.vc_custom_1610366983520{margin-top: 0px !important;}&#8221;][vc_text_separator title=&#8221;ADDRESS&#8221; i_icon_fontawesome=&#8221;fas fa-home&#8221; i_color=&#8221;mulled_wine&#8221; i_background_style=&#8221;rounded&#8221; i_size=&#8221;sm&#8221; title_align=&#8221;separator_align_left&#8221; color=&#8221;mulled_wine&#8221; add_icon=&#8221;true&#8221;][vc_wp_text]Z\u0130YA G\u00d6KALP MAH. S\u00dcLEYMAN DEM\u0130REL BULVARI CUMHUR\u0130YET CAD. \u0130\u015e MODERN T\u0130C. MERK. NO: 42 C BLOK \u00c7ATI KATI NO: 34-35-36 \u0130K\u0130TELL\u0130 OSB \u2013 BA\u015eAK\u015eEH\u0130R \/ \u0130STANBUL[\/vc_wp_text][\/vc_column][vc_column css_animation=&#8221;left-to-right&#8221; width=&#8221;1\/3&#8243;][vc_text_separator title=&#8221;PHONE&#8221; i_icon_fontawesome=&#8221;fas fa-phone-alt&#8221; i_color=&#8221;mulled_wine&#8221; i_background_style=&#8221;rounded&#8221; i_size=&#8221;sm&#8221; title_align=&#8221;separator_align_left&#8221; color=&#8221;mulled_wine&#8221; add_icon=&#8221;true&#8221;][vc_wp_text]<\/p>\n<p style=\"text-align: left;\"><em>Customer service :<\/em><\/p>\n<p><em>TEL : +9 (0212) 497 0 433<\/em><br \/>\n<em>WHATSAPP : +9 (0533) 290 0 357<\/em>[\/vc_wp_text][\/vc_column][vc_column width=&#8221;1\/3&#8243;][vc_text_separator title=&#8221;E-MA\u0130L&#8221; i_icon_fontawesome=&#8221;fas fa-phone-alt&#8221; i_color=&#8221;mulled_wine&#8221; i_background_style=&#8221;rounded&#8221; i_size=&#8221;sm&#8221; title_align=&#8221;separator_align_left&#8221; color=&#8221;mulled_wine&#8221; border_width=&#8221;2&#8243; add_icon=&#8221;true&#8221;][vc_wp_text]<\/p>\n<p style=\"text-align: left;\">info@galossan.com<br \/>\nmuhasebe@galossan.com[\/vc_wp_text][\/vc_column][\/vc_row][vc_row][vc_column][vc_separator color=&#8221;black&#8221; style=&#8221;shadow&#8221;][\/vc_column][\/vc_row][vc_row full_width=&#8221;stretch_row_content_no_spaces&#8221; equal_height=&#8221;yes&#8221; content_placement=&#8221;middle&#8221; css=&#8221;.vc_custom_1610372574954{background-color: #ffffff !important;}&#8221;][vc_column css=&#8221;.vc_custom_1635242158840{padding-top: 60px !important;padding-right: 0px !important;padding-bottom: 10px !important;padding-left: 0px !important;background-color: #ffffff !important;}&#8221; offset=&#8221;vc_col-lg-6 vc_col-md-6 vc_col-xs-12&#8243;][vc_column_text]<\/p>\n<p style=\"text-align: center;\"><iframe loading=\"lazy\" style=\"border: 0;\" tabindex=\"0\" src=\"https:\/\/www.google.com\/maps\/embed?pb=!1m18!1m12!1m3!1d3009.4642705033834!2d28.930348415662657!3d41.03697522560676!2m3!1f0!2f0!3f0!3m2!1i1024!2i768!4f13.1!3m3!1m2!1s0x14caba803633d0cf%3A0x8bc281fde7b1c735!2zR2Fsb8Wfc2Fu!5e0!3m2!1str!2str!4v1591812832446!5m2!1str!2str\" width=\"1500\" height=\"500\" frameborder=\"0\" allowfullscreen=\"allowfullscreen\" aria-hidden=\"false\" data-mce-fragment=\"1\"><span data-mce-type=\"bookmark\" style=\"display: inline-block; width: 0px; overflow: hidden; line-height: 0;\" class=\"mce_SELRES_start\">\ufeff<\/span><\/iframe><\/p>\n<p>[\/vc_column_text][\/vc_column][\/vc_row]<\/p>\n<\/div>","protected":false},"excerpt":{"rendered":"<p>[vc_row full_width=&#8221;stretch_row&#8221; css=&#8221;.vc_custom_1635242087668{padding-top: 5% !important;background-color: #abddf2 !important;}&#8221;][vc_column][\/vc_column][\/vc_row][vc_row full_width=&#8221;stretch_row&#8221; seperator_enable=&#8221;seperator_enable_value&#8221; seperator_type=&#8221;xlarge_triangle_seperator&#8221; css=&#8221;.vc_custom_1610367355329{padding-top: 20px !important;padding-bottom: 20px !important;background-color: rgba(255,255,255,0.6) !important;*background-color: rgb(255,255,255) !important;}&#8221;][vc_column css_animation=&#8221;left-to-right&#8221; width=&#8221;1\/3&#8243; css=&#8221;.vc_custom_1610366983520{margin-top: 0px !important;}&#8221;][vc_text_separator title=&#8221;ADDRESS&#8221; i_icon_fontawesome=&#8221;fas fa-home&#8221; i_color=&#8221;mulled_wine&#8221; i_background_style=&#8221;rounded&#8221; i_size=&#8221;sm&#8221; title_align=&#8221;separator_align_left&#8221; color=&#8221;mulled_wine&#8221; add_icon=&#8221;true&#8221;][vc_wp_text]Z\u0130YA G\u00d6KALP MAH. S\u00dcLEYMAN DEM\u0130REL BULVARI CUMHUR\u0130YET CAD. \u0130\u015e MODERN T\u0130C. MERK. NO: 42 C BLOK \u00c7ATI KATI NO: 34-35-36 \u0130K\u0130TELL\u0130 OSB \u2013&hellip;<\/p>\n","protected":false},"author":1,"featured_media":0,"parent":0,"menu_order":0,"comment_status":"closed","ping_status":"closed","template":"","meta":{"footnotes":""},"class_list":["post-144","page","type-page","status-publish","hentry","description-off"],"yoast_head":"<!-- This site is optimized with the Yoast SEO plugin v26.9 - https:\/\/yoast.com\/product\/yoast-seo-wordpress\/ -->\n<title>\u0130leti\u015fim : GALOSSAN.COM<\/title>\n<meta name=\"description\" content=\"Galossan ileti\u015fim bilgileri i\u00e7in t\u0131klayarak bizler ile whatsapp, telefon ve mail \u00fczerinden ileti\u015fime ge\u00e7ebilirsiniz.\" \/>\n<meta name=\"robots\" content=\"index, follow, max-snippet:-1, max-image-preview:large, max-video-preview:-1\" \/>\n<link rel=\"canonical\" href=\"https:\/\/galossan.com\/en\/iletisim\/\" \/>\n<meta property=\"og:locale\" content=\"en_US\" \/>\n<meta property=\"og:locale:alternate\" content=\"tr_TR\" \/>\n<meta property=\"og:type\" content=\"article\" \/>\n<meta property=\"og:title\" content=\"\u0130leti\u015fim : GALOSSAN.COM\" \/>\n<meta property=\"og:description\" content=\"Galossan ileti\u015fim bilgileri i\u00e7in t\u0131klayarak bizler ile whatsapp, telefon ve mail \u00fczerinden ileti\u015fime ge\u00e7ebilirsiniz.\" \/>\n<meta property=\"og:url\" content=\"https:\/\/galossan.com\/en\/iletisim\/\" \/>\n<meta property=\"og:site_name\" content=\"Galo\u015f imalat\u0131, Galo\u015f \u00e7e\u015fitleri, galo\u015fmatik galo\u015fu lGalossan\" \/>\n<meta property=\"article:publisher\" content=\"https:\/\/www.facebook.com\/galossan\" \/>\n<meta property=\"article:modified_time\" content=\"2025-12-17T11:57:49+00:00\" \/>\n<meta name=\"twitter:card\" content=\"summary_large_image\" \/>\n<meta name=\"twitter:label1\" content=\"Est. reading time\" \/>\n\t<meta name=\"twitter:data1\" content=\"1 minute\" \/>\n<script type=\"application\/ld+json\" class=\"yoast-schema-graph\">{\"@context\":\"https:\/\/schema.org\",\"@graph\":[{\"@type\":\"WebPage\",\"@id\":\"https:\/\/galossan.com\/en\/iletisim\/\",\"url\":\"https:\/\/galossan.com\/en\/iletisim\/\",\"name\":\"\u0130leti\u015fim : GALOSSAN.COM\",\"isPartOf\":{\"@id\":\"https:\/\/galossan.com\/#website\"},\"datePublished\":\"2019-12-06T14:54:49+00:00\",\"dateModified\":\"2025-12-17T11:57:49+00:00\",\"description\":\"Galossan ileti\u015fim bilgileri i\u00e7in t\u0131klayarak bizler ile whatsapp, telefon ve mail \u00fczerinden ileti\u015fime ge\u00e7ebilirsiniz.\",\"inLanguage\":\"en-US\",\"potentialAction\":[{\"@type\":\"ReadAction\",\"target\":[\"https:\/\/galossan.com\/en\/iletisim\/\"]}]},{\"@type\":\"WebSite\",\"@id\":\"https:\/\/galossan.com\/#website\",\"url\":\"https:\/\/galossan.com\/\",\"name\":\"Galo\u015f imalat\u0131, Galo\u015f \u00e7e\u015fitleri, galo\u015fmatik galo\u015fu lGalossan\",\"description\":\"\u00e7izme galo\u015fu, galo\u015f makinalar\u0131, galo\u015f fiyatlar\u0131, cerrahi maske, maske \u00fcretimi, veteriner eldiveni, tela bone, naylon kolluk\",\"publisher\":{\"@id\":\"https:\/\/galossan.com\/#organization\"},\"potentialAction\":[{\"@type\":\"SearchAction\",\"target\":{\"@type\":\"EntryPoint\",\"urlTemplate\":\"https:\/\/galossan.com\/?s={search_term_string}\"},\"query-input\":{\"@type\":\"PropertyValueSpecification\",\"valueRequired\":true,\"valueName\":\"search_term_string\"}}],\"inLanguage\":\"en-US\"},{\"@type\":\"Organization\",\"@id\":\"https:\/\/galossan.com\/#organization\",\"name\":\"Galo\u015f imalat\u0131, Galo\u015f \u00e7e\u015fitleri, galo\u015fmatik galo\u015fu lGalossan\",\"url\":\"https:\/\/galossan.com\/\",\"logo\":{\"@type\":\"ImageObject\",\"inLanguage\":\"en-US\",\"@id\":\"https:\/\/galossan.com\/#\/schema\/logo\/image\/\",\"url\":\"https:\/\/galossan.com\/wp-content\/uploads\/2021\/10\/logogg1333-1.jpg\",\"contentUrl\":\"https:\/\/galossan.com\/wp-content\/uploads\/2021\/10\/logogg1333-1.jpg\",\"width\":51,\"height\":44,\"caption\":\"Galo\u015f imalat\u0131, Galo\u015f \u00e7e\u015fitleri, galo\u015fmatik galo\u015fu lGalossan\"},\"image\":{\"@id\":\"https:\/\/galossan.com\/#\/schema\/logo\/image\/\"},\"sameAs\":[\"https:\/\/www.facebook.com\/galossan\",\"https:\/\/www.instagram.com\/galossancom\/\",\"https:\/\/www.youtube.com\/channel\/UCaN0htJtvpis2xu51BwOtvA\"]}]}<\/script>\n<!-- \/ Yoast SEO plugin. -->","yoast_head_json":{"title":"\u0130leti\u015fim : GALOSSAN.COM","description":"Galossan ileti\u015fim bilgileri i\u00e7in t\u0131klayarak bizler ile whatsapp, telefon ve mail \u00fczerinden ileti\u015fime ge\u00e7ebilirsiniz.","robots":{"index":"index","follow":"follow","max-snippet":"max-snippet:-1","max-image-preview":"max-image-preview:large","max-video-preview":"max-video-preview:-1"},"canonical":"https:\/\/galossan.com\/en\/iletisim\/","og_locale":"en_US","og_type":"article","og_title":"[:tr]\u0130leti\u015fim : GALOSSAN.COM[:]","og_description":"[:tr]Galossan ileti\u015fim bilgileri i\u00e7in t\u0131klayarak bizler ile whatsapp, telefon ve mail \u00fczerinden ileti\u015fime ge\u00e7ebilirsiniz.[:]","og_url":"https:\/\/galossan.com\/en\/iletisim\/","og_site_name":"Galo\u015f imalat\u0131, Galo\u015f \u00e7e\u015fitleri, galo\u015fmatik galo\u015fu lGalossan","article_publisher":"https:\/\/www.facebook.com\/galossan","article_modified_time":"2025-12-17T11:57:49+00:00","twitter_card":"summary_large_image","twitter_misc":{"Est. reading time":"1 minute"},"schema":{"@context":"https:\/\/schema.org","@graph":[{"@type":"WebPage","@id":"https:\/\/galossan.com\/en\/iletisim\/","url":"https:\/\/galossan.com\/en\/iletisim\/","name":"\u0130leti\u015fim : GALOSSAN.COM","isPartOf":{"@id":"https:\/\/galossan.com\/#website"},"datePublished":"2019-12-06T14:54:49+00:00","dateModified":"2025-12-17T11:57:49+00:00","description":"Galossan ileti\u015fim bilgileri i\u00e7in t\u0131klayarak bizler ile whatsapp, telefon ve mail \u00fczerinden ileti\u015fime ge\u00e7ebilirsiniz.","inLanguage":"en-US","potentialAction":[{"@type":"ReadAction","target":["https:\/\/galossan.com\/en\/iletisim\/"]}]},{"@type":"WebSite","@id":"https:\/\/galossan.com\/#website","url":"https:\/\/galossan.com\/","name":"Galo\u015f imalat\u0131, Galo\u015f \u00e7e\u015fitleri, galo\u015fmatik galo\u015fu lGalossan","description":"\u00e7izme galo\u015fu, galo\u015f makinalar\u0131, galo\u015f fiyatlar\u0131, cerrahi maske, maske \u00fcretimi, veteriner eldiveni, tela bone, naylon kolluk","publisher":{"@id":"https:\/\/galossan.com\/#organization"},"potentialAction":[{"@type":"SearchAction","target":{"@type":"EntryPoint","urlTemplate":"https:\/\/galossan.com\/?s={search_term_string}"},"query-input":{"@type":"PropertyValueSpecification","valueRequired":true,"valueName":"search_term_string"}}],"inLanguage":"en-US"},{"@type":"Organization","@id":"https:\/\/galossan.com\/#organization","name":"Galo\u015f imalat\u0131, Galo\u015f \u00e7e\u015fitleri, galo\u015fmatik galo\u015fu lGalossan","url":"https:\/\/galossan.com\/","logo":{"@type":"ImageObject","inLanguage":"en-US","@id":"https:\/\/galossan.com\/#\/schema\/logo\/image\/","url":"https:\/\/galossan.com\/wp-content\/uploads\/2021\/10\/logogg1333-1.jpg","contentUrl":"https:\/\/galossan.com\/wp-content\/uploads\/2021\/10\/logogg1333-1.jpg","width":51,"height":44,"caption":"Galo\u015f imalat\u0131, Galo\u015f \u00e7e\u015fitleri, galo\u015fmatik galo\u015fu lGalossan"},"image":{"@id":"https:\/\/galossan.com\/#\/schema\/logo\/image\/"},"sameAs":["https:\/\/www.facebook.com\/galossan","https:\/\/www.instagram.com\/galossancom\/","https:\/\/www.youtube.com\/channel\/UCaN0htJtvpis2xu51BwOtvA"]}]}},"_links":{"self":[{"href":"https:\/\/galossan.com\/en\/wp-json\/wp\/v2\/pages\/144","targetHints":{"allow":["GET"]}}],"collection":[{"href":"https:\/\/galossan.com\/en\/wp-json\/wp\/v2\/pages"}],"about":[{"href":"https:\/\/galossan.com\/en\/wp-json\/wp\/v2\/types\/page"}],"author":[{"embeddable":true,"href":"https:\/\/galossan.com\/en\/wp-json\/wp\/v2\/users\/1"}],"replies":[{"embeddable":true,"href":"https:\/\/galossan.com\/en\/wp-json\/wp\/v2\/comments?post=144"}],"version-history":[{"count":43,"href":"https:\/\/galossan.com\/en\/wp-json\/wp\/v2\/pages\/144\/revisions"}],"predecessor-version":[{"id":15469,"href":"https:\/\/galossan.com\/en\/wp-json\/wp\/v2\/pages\/144\/revisions\/15469"}],"wp:attachment":[{"href":"https:\/\/galossan.com\/en\/wp-json\/wp\/v2\/media?parent=144"}],"curies":[{"name":"wp","href":"https:\/\/api.w.org\/{rel}","templated":true}]}}